{"id":332,"date":"2025-09-22T07:17:17","date_gmt":"2025-09-22T07:17:17","guid":{"rendered":"https:\/\/jogosonlinegratis.blog.br\/?page_id=332"},"modified":"2026-01-14T01:31:29","modified_gmt":"2026-01-14T01:31:29","slug":"%e6%88%91%e5%80%91%e6%98%af%e8%aa%b0","status":"publish","type":"page","link":"https:\/\/jogosonlinegratis.blog.br\/zh\/quem-somos\/","title":{"rendered":"\u6211\u5011\u662f\u8ab0"},"content":{"rendered":"<p>\u7dda\u4e0a\u904a\u6232\u5e73\u53f0\u65e8\u5728\u70ba\u5e0c\u671b\u4ee5\u7c21\u55ae\u4fbf\u6377\u7684\u65b9\u5f0f\u63a2\u7d22\u79d1\u6280\u4e16\u754c\u7684\u4eba\u5011\u63d0\u4f9b\u670d\u52d9\u3002\u6211\u5011\u7684\u5e73\u53f0\u532f\u96c6\u4e86\u95dc\u65bc\u61c9\u7528\u7a0b\u5f0f\u3001\u6578\u4f4d\u5de5\u5177\u548c\u767c\u5c55\u8da8\u52e2\u7684\u6700\u65b0\u8cc7\u8a0a\uff0c\u65e8\u5728\u7c21\u5316\u60a8\u7684\u65e5\u5e38\u751f\u6d3b\uff0c\u4e26\u62d3\u5c55\u60a8\u5728\u7db2\u8def\u4e16\u754c\u4e2d\u7684\u7121\u9650\u53ef\u80fd\u3002.<\/p>\n<p>\u6211\u5011\u64c1\u6709\u4e00\u652f\u5145\u6eff\u5275\u65b0\u71b1\u60c5\u7684\u5718\u968a\uff0c\u4ed6\u5011\u4ee5\u6e05\u6670\u5ba2\u89c0\u7684\u65b9\u5f0f\u9032\u884c\u7814\u7a76\u3001\u8a55\u4f30\u548c\u8cc7\u8a0a\u5206\u4eab\u3002\u6211\u5011\u7684\u76ee\u6a19\u662f\u5e6b\u52a9\u60a8\u767c\u73fe\u5be6\u7528\u6709\u6548\u7684\u89e3\u6c7a\u65b9\u6848\uff0c\u771f\u6b63\u6539\u8b8a\u60a8\u7684\u6578\u4f4d\u751f\u6d3b\u3002.<\/p>\n<p>Jogos Online\u4e0a\u7684\u6240\u6709\u5167\u5bb9\u5747\u4ee5\u8ca0\u8cac\u4efb\u7684\u614b\u5ea6\u88fd\u4f5c\uff0c\u4e26\u57fa\u65bc\u56b4\u8b39\u7684\u5206\u6790\uff0c\u4ee5\u78ba\u4fdd\u5176\u54c1\u8cea\u3001\u53ef\u9760\u6027\u548c\u76f8\u95dc\u6027\u3002\u6211\u5011\u81f4\u529b\u65bc\u63d0\u4f9b\u53ef\u9760\u7684\u4fe1\u606f\uff0c\u4ee5\u652f\u6301\u60a8\u505a\u51fa\u660e\u667a\u7684\u6c7a\u7b56\u3002.<\/p>\n<p>\u7121\u8ad6\u60a8\u662f\u60f3\u767c\u73fe\u65b0\u7684\u61c9\u7528\u7a0b\u5f0f\u3001\u5b78\u7fd2\u6578\u4f4d\u6280\u80fd\uff0c\u9084\u662f\u4e86\u89e3\u6700\u65b0\u7684\u6280\u8853\u5275\u65b0\uff0cJogos Online \u90fd\u662f\u60a8\u8ffd\u6c42\u4fbf\u5229\u548c\u5275\u65b0\u7684\u7406\u60f3\u9078\u64c7\u3002\u6211\u5011\u81f4\u529b\u65bc\u70ba\u60a8\u63d0\u4f9b\u6e05\u6670\u53ef\u9760\u7684\u512a\u8cea\u6280\u8853\u9ad4\u9a57\u3002.<\/p>","protected":false},"excerpt":{"rendered":"<p>O Jogos Online nasceu para quem deseja explorar o mundo da tecnologia de forma simples e acess\u00edvel. Nosso portal re\u00fane conte\u00fados atualizados sobre aplicativos, ferramentas digitais e tend\u00eancias que facilitam sua rotina e ampliam suas possibilidades no universo online. Contamos com uma equipe apaixonada por inova\u00e7\u00e3o, que pesquisa, avalia e compartilha informa\u00e7\u00f5es de forma clara [&hellip;]<\/p>\n","protected":false},"author":1,"featured_media":0,"parent":0,"menu_order":0,"comment_status":"closed","ping_status":"closed","template":"","meta":{"footnotes":""},"class_list":["post-332","page","type-page","status-publish"],"_links":{"self":[{"href":"https:\/\/jogosonlinegratis.blog.br\/zh\/wp-json\/wp\/v2\/pages\/332","targetHints":{"allow":["GET"]}}],"collection":[{"href":"https:\/\/jogosonlinegratis.blog.br\/zh\/wp-json\/wp\/v2\/pages"}],"about":[{"href":"https:\/\/jogosonlinegratis.blog.br\/zh\/wp-json\/wp\/v2\/types\/page"}],"author":[{"embeddable":true,"href":"https:\/\/jogosonlinegratis.blog.br\/zh\/wp-json\/wp\/v2\/users\/1"}],"replies":[{"embeddable":true,"href":"https:\/\/jogosonlinegratis.blog.br\/zh\/wp-json\/wp\/v2\/comments?post=332"}],"version-history":[{"count":3,"href":"https:\/\/jogosonlinegratis.blog.br\/zh\/wp-json\/wp\/v2\/pages\/332\/revisions"}],"predecessor-version":[{"id":481,"href":"https:\/\/jogosonlinegratis.blog.br\/zh\/wp-json\/wp\/v2\/pages\/332\/revisions\/481"}],"wp:attachment":[{"href":"https:\/\/jogosonlinegratis.blog.br\/zh\/wp-json\/wp\/v2\/media?parent=332"}],"curies":[{"name":"wp","href":"https:\/\/api.w.org\/{rel}","templated":true}]}}