{"id":332,"date":"2025-09-22T07:17:17","date_gmt":"2025-09-22T07:17:17","guid":{"rendered":"https:\/\/jogosonlinegratis.blog.br\/?page_id=332"},"modified":"2026-01-14T01:31:29","modified_gmt":"2026-01-14T01:31:29","slug":"chung-ta-la-ai","status":"publish","type":"page","link":"https:\/\/jogosonlinegratis.blog.br\/vi\/quem-somos\/","title":{"rendered":"Ch\u00fang t\u00f4i l\u00e0 ai"},"content":{"rendered":"<p>Online Games \u0111\u01b0\u1ee3c t\u1ea1o ra d\u00e0nh cho nh\u1eefng ai mu\u1ed1n kh\u00e1m ph\u00e1 th\u1ebf gi\u1edbi c\u00f4ng ngh\u1ec7 m\u1ed9t c\u00e1ch \u0111\u01a1n gi\u1ea3n v\u00e0 d\u1ec5 ti\u1ebfp c\u1eadn. C\u1ed5ng th\u00f4ng tin c\u1ee7a ch\u00fang t\u00f4i t\u1eadp h\u1ee3p nh\u1eefng n\u1ed9i dung c\u1eadp nh\u1eadt v\u1ec1 c\u00e1c \u1ee9ng d\u1ee5ng, c\u00f4ng c\u1ee5 k\u1ef9 thu\u1eadt s\u1ed1 v\u00e0 xu h\u01b0\u1edbng gi\u00fap cu\u1ed9c s\u1ed1ng th\u01b0\u1eddng nh\u1eadt c\u1ee7a b\u1ea1n d\u1ec5 d\u00e0ng h\u01a1n v\u00e0 m\u1edf r\u1ed9ng kh\u1ea3 n\u0103ng c\u1ee7a b\u1ea1n trong th\u1ebf gi\u1edbi tr\u1ef1c tuy\u1ebfn.<\/p>\n<p>Ch\u00fang t\u00f4i c\u00f3 m\u1ed9t \u0111\u1ed9i ng\u0169 \u0111am m\u00ea \u0111\u1ed5i m\u1edbi, lu\u00f4n nghi\u00ean c\u1ee9u, \u0111\u00e1nh gi\u00e1 v\u00e0 chia s\u1ebb th\u00f4ng tin m\u1ed9t c\u00e1ch r\u00f5 r\u00e0ng v\u00e0 kh\u00e1ch quan. Tr\u1ecdng t\u00e2m c\u1ee7a ch\u00fang t\u00f4i l\u00e0 gi\u00fap b\u1ea1n kh\u00e1m ph\u00e1 nh\u1eefng gi\u1ea3i ph\u00e1p h\u1eefu \u00edch v\u00e0 thi\u1ebft th\u1ef1c, c\u00f3 th\u1ec3 th\u1ef1c s\u1ef1 thay \u0111\u1ed5i cu\u1ed9c s\u1ed1ng k\u1ef9 thu\u1eadt s\u1ed1 c\u1ee7a b\u1ea1n.<\/p>\n<p>T\u1ea5t c\u1ea3 n\u1ed9i dung tr\u00ean Jogos Online \u0111\u1ec1u \u0111\u01b0\u1ee3c s\u1ea3n xu\u1ea5t m\u1ed9t c\u00e1ch c\u00f3 tr\u00e1ch nhi\u1ec7m v\u00e0 d\u1ef1a tr\u00ean ph\u00e2n t\u00edch k\u1ef9 l\u01b0\u1ee1ng, \u0111\u1ea3m b\u1ea3o ch\u1ea5t l\u01b0\u1ee3ng, \u0111\u1ed9 tin c\u1eady v\u00e0 t\u00ednh ph\u00f9 h\u1ee3p. Ch\u00fang t\u00f4i n\u1ed7 l\u1ef1c cung c\u1ea5p th\u00f4ng tin \u0111\u00e1ng tin c\u1eady \u0111\u1ec3 h\u1ed7 tr\u1ee3 c\u00e1c quy\u1ebft \u0111\u1ecbnh s\u00e1ng su\u1ed1t v\u00e0 \u0111\u00fang \u0111\u1eafn.<\/p>\n<p>D\u00f9 b\u1ea1n \u0111ang t\u00ecm ki\u1ebfm \u1ee9ng d\u1ee5ng m\u1edbi, h\u1ecdc k\u1ef9 n\u0103ng s\u1ed1 hay c\u1eadp nh\u1eadt nh\u1eefng \u0111\u1ed5i m\u1edbi c\u00f4ng ngh\u1ec7 m\u1edbi nh\u1ea5t, Jogos Online l\u00e0 n\u01a1i ho\u00e0n h\u1ea3o d\u00e0nh cho nh\u1eefng ai t\u00ecm ki\u1ebfm s\u1ef1 ti\u1ec7n l\u1ee3i v\u00e0 \u0111\u1ed5i m\u1edbi. Cam k\u1ebft c\u1ee7a ch\u00fang t\u00f4i l\u00e0 k\u1ebft n\u1ed1i b\u1ea1n v\u1edbi nh\u1eefng c\u00f4ng ngh\u1ec7 t\u1ed1t nh\u1ea5t, lu\u00f4n lu\u00f4n v\u1edbi s\u1ef1 r\u00f5 r\u00e0ng v\u00e0 \u0111\u00e1ng tin c\u1eady.<\/p>","protected":false},"excerpt":{"rendered":"<p>O Jogos Online nasceu para quem deseja explorar o mundo da tecnologia de forma simples e acess\u00edvel. Nosso portal re\u00fane conte\u00fados atualizados sobre aplicativos, ferramentas digitais e tend\u00eancias que facilitam sua rotina e ampliam suas possibilidades no universo online. Contamos com uma equipe apaixonada por inova\u00e7\u00e3o, que pesquisa, avalia e compartilha informa\u00e7\u00f5es de forma clara [&hellip;]<\/p>\n","protected":false},"author":1,"featured_media":0,"parent":0,"menu_order":0,"comment_status":"closed","ping_status":"closed","template":"","meta":{"footnotes":""},"class_list":["post-332","page","type-page","status-publish"],"_links":{"self":[{"href":"https:\/\/jogosonlinegratis.blog.br\/vi\/wp-json\/wp\/v2\/pages\/332","targetHints":{"allow":["GET"]}}],"collection":[{"href":"https:\/\/jogosonlinegratis.blog.br\/vi\/wp-json\/wp\/v2\/pages"}],"about":[{"href":"https:\/\/jogosonlinegratis.blog.br\/vi\/wp-json\/wp\/v2\/types\/page"}],"author":[{"embeddable":true,"href":"https:\/\/jogosonlinegratis.blog.br\/vi\/wp-json\/wp\/v2\/users\/1"}],"replies":[{"embeddable":true,"href":"https:\/\/jogosonlinegratis.blog.br\/vi\/wp-json\/wp\/v2\/comments?post=332"}],"version-history":[{"count":3,"href":"https:\/\/jogosonlinegratis.blog.br\/vi\/wp-json\/wp\/v2\/pages\/332\/revisions"}],"predecessor-version":[{"id":481,"href":"https:\/\/jogosonlinegratis.blog.br\/vi\/wp-json\/wp\/v2\/pages\/332\/revisions\/481"}],"wp:attachment":[{"href":"https:\/\/jogosonlinegratis.blog.br\/vi\/wp-json\/wp\/v2\/media?parent=332"}],"curies":[{"name":"trang web","href":"https:\/\/api.w.org\/{rel}","templated":true}]}}