{"id":332,"date":"2025-09-22T07:17:17","date_gmt":"2025-09-22T07:17:17","guid":{"rendered":"https:\/\/jogosonlinegratis.blog.br\/?page_id=332"},"modified":"2026-01-14T01:31:29","modified_gmt":"2026-01-14T01:31:29","slug":"%db%81%d9%85-%da%a9%d9%88%d9%86-%db%81%db%8c%da%ba","status":"publish","type":"page","link":"https:\/\/jogosonlinegratis.blog.br\/ur\/quem-somos\/","title":{"rendered":"\u06c1\u0645 \u06a9\u0648\u0646 \u06c1\u06cc\u06ba\u06d4"},"content":{"rendered":"<p>\u0622\u0646 \u0644\u0627\u0626\u0646 \u06af\u06cc\u0645\u0632 \u0627\u0646 \u0644\u0648\u06af\u0648\u06ba \u06a9\u06d2 \u0644\u06cc\u06d2 \u0628\u0646\u0627\u0626\u06d2 \u06af\u0626\u06d2 \u062a\u06be\u06d2 \u062c\u0648 \u0679\u06cc\u06a9\u0646\u0627\u0644\u0648\u062c\u06cc \u06a9\u06cc \u062f\u0646\u06cc\u0627 \u06a9\u0648 \u0622\u0633\u0627\u0646 \u0627\u0648\u0631 \u0642\u0627\u0628\u0644 \u0631\u0633\u0627\u0626\u06cc \u0637\u0631\u06cc\u0642\u06d2 \u0633\u06d2 \u062f\u0631\u06cc\u0627\u0641\u062a \u06a9\u0631\u0646\u0627 \u0686\u0627\u06c1\u062a\u06d2 \u06c1\u06cc\u06ba\u06d4 \u06c1\u0645\u0627\u0631\u0627 \u067e\u0648\u0631\u0679\u0644 \u0627\u06cc\u067e\u0644\u06cc\u06a9\u06cc\u0634\u0646\u0632\u060c \u0688\u06cc\u062c\u06cc\u0679\u0644 \u0679\u0648\u0644\u0632\u060c \u0627\u0648\u0631 \u0631\u062c\u062d\u0627\u0646\u0627\u062a \u06a9\u06d2 \u0628\u0627\u0631\u06d2 \u0645\u06cc\u06ba \u062a\u0627\u0632\u06c1 \u062a\u0631\u06cc\u0646 \u0645\u0648\u0627\u062f \u06a9\u0648 \u0627\u06a9\u0679\u06be\u0627 \u06a9\u0631\u062a\u0627 \u06c1\u06d2 \u062c\u0648 \u0622\u067e \u06a9\u06d2 \u0645\u0639\u0645\u0648\u0644\u0627\u062a \u06a9\u0648 \u0622\u0633\u0627\u0646 \u0628\u0646\u0627\u062a\u0627 \u06c1\u06d2 \u0627\u0648\u0631 \u0622\u0646 \u0644\u0627\u0626\u0646 \u06a9\u0627\u0626\u0646\u0627\u062a \u0645\u06cc\u06ba \u0622\u067e \u06a9\u06d2 \u0627\u0645\u06a9\u0627\u0646\u0627\u062a \u06a9\u0648 \u0628\u0691\u06be\u0627\u062a\u0627 \u06c1\u06d2\u06d4.<\/p>\n<p>\u06c1\u0645\u0627\u0631\u06d2 \u067e\u0627\u0633 \u0627\u062e\u062a\u0631\u0627\u0639 \u06a9\u06d2 \u0628\u0627\u0631\u06d2 \u0645\u06cc\u06ba \u067e\u0631\u062c\u0648\u0634 \u0679\u06cc\u0645 \u06c1\u06d2\u060c \u062c\u0648 \u062a\u062d\u0642\u06cc\u0642\u060c \u062c\u0627\u0626\u0632\u06c1\u060c \u0627\u0648\u0631 \u0645\u0639\u0644\u0648\u0645\u0627\u062a \u06a9\u0648 \u0648\u0627\u0636\u062d \u0627\u0648\u0631 \u0645\u0639\u0631\u0648\u0636\u06cc \u0627\u0646\u062f\u0627\u0632 \u0645\u06cc\u06ba \u0634\u06cc\u0626\u0631 \u06a9\u0631\u062a\u06cc \u06c1\u06d2\u06d4 \u06c1\u0645\u0627\u0631\u06cc \u062a\u0648\u062c\u06c1 \u0622\u067e \u06a9\u0648 \u0645\u0641\u06cc\u062f \u0627\u0648\u0631 \u0639\u0645\u0644\u06cc \u062d\u0644 \u062a\u0644\u0627\u0634 \u06a9\u0631\u0646\u06d2 \u0645\u06cc\u06ba \u0645\u062f\u062f \u06a9\u0631\u0646\u06d2 \u067e\u0631 \u06c1\u06d2 \u062c\u0648 \u0622\u067e \u06a9\u06cc \u0688\u06cc\u062c\u06cc\u0679\u0644 \u0632\u0646\u062f\u06af\u06cc \u06a9\u0648 \u062d\u0642\u06cc\u0642\u06cc \u0645\u0639\u0646\u0648\u06ba \u0645\u06cc\u06ba \u062a\u0628\u062f\u06cc\u0644 \u06a9\u0631 \u0633\u06a9\u062a\u06d2 \u06c1\u06cc\u06ba\u06d4.<\/p>\n<p>\u062c\u0648\u06af\u0648\u0633 \u0622\u0646 \u0644\u0627\u0626\u0646 \u067e\u0631 \u062a\u0645\u0627\u0645 \u0645\u0648\u0627\u062f \u0630\u0645\u06c1 \u062f\u0627\u0631\u06cc \u06a9\u06d2 \u0633\u0627\u062a\u06be \u062a\u06cc\u0627\u0631 \u06a9\u06cc\u0627 \u062c\u0627\u062a\u0627 \u06c1\u06d2 \u0627\u0648\u0631 \u0645\u062d\u062a\u0627\u0637 \u062a\u062c\u0632\u06cc\u06c1 \u067e\u0631 \u0645\u0628\u0646\u06cc \u06c1\u0648\u062a\u0627 \u06c1\u06d2\u060c \u0645\u0639\u06cc\u0627\u0631\u060c \u0648\u0634\u0648\u0633\u0646\u06cc\u06cc\u062a\u0627 \u0627\u0648\u0631 \u0645\u0637\u0627\u0628\u0642\u062a \u06a9\u0648 \u06cc\u0642\u06cc\u0646\u06cc \u0628\u0646\u0627\u062a\u0627 \u06c1\u06d2\u06d4 \u06c1\u0645 \u0642\u0627\u0628\u0644 \u0627\u0639\u062a\u0645\u0627\u062f \u0645\u0639\u0644\u0648\u0645\u0627\u062a \u0641\u0631\u0627\u06c1\u0645 \u06a9\u0631\u0646\u06d2 \u06a9\u06cc \u06a9\u0648\u0634\u0634 \u06a9\u0631\u062a\u06d2 \u06c1\u06cc\u06ba \u062c\u0648 \u0628\u0627\u062e\u0628\u0631 \u0627\u0648\u0631 \u0630\u06c1\u06cc\u0646 \u0641\u06cc\u0635\u0644\u0648\u06ba \u06a9\u06cc \u062d\u0645\u0627\u06cc\u062a \u06a9\u0631\u062a\u06cc \u06c1\u06d2\u06d4.<\/p>\n<p>\u0686\u0627\u06c1\u06d2 \u0622\u067e \u06a9\u0648\u0626\u06cc \u0646\u0626\u06cc \u0627\u06cc\u067e \u062f\u0631\u06cc\u0627\u0641\u062a \u06a9\u0631\u0646\u06d2\u060c \u0688\u06cc\u062c\u06cc\u0679\u0644 \u0645\u06c1\u0627\u0631\u062a\u06cc\u06ba \u0633\u06cc\u06a9\u06be\u0646\u06d2\u060c \u06cc\u0627 \u062a\u06a9\u0646\u06cc\u06a9\u06cc \u0627\u062e\u062a\u0631\u0627\u0639\u0627\u062a \u06a9\u0648 \u062c\u0627\u0631\u06cc \u0631\u06a9\u06be\u0646\u06d2 \u06a9\u06d2 \u062e\u0648\u0627\u06c1\u0627\u06ba \u06c1\u0648\u06ba\u060c \u062c\u0648\u06af\u0648\u0633 \u0622\u0646 \u0644\u0627\u0626\u0646 \u0633\u06c1\u0648\u0644\u062a \u0627\u0648\u0631 \u0627\u062e\u062a\u0631\u0627\u0639 \u06a9\u06d2 \u062e\u0648\u0627\u06c1\u0627\u06ba \u0627\u0641\u0631\u0627\u062f \u06a9\u06d2 \u0644\u06cc\u06d2 \u0635\u062d\u06cc\u062d \u062c\u06af\u06c1 \u06c1\u06d2\u06d4 \u06c1\u0645\u0627\u0631\u0627 \u0639\u0632\u0645 \u0622\u067e \u06a9\u0648 \u0628\u06c1\u062a\u0631\u06cc\u0646 \u0679\u06cc\u06a9\u0646\u0627\u0644\u0648\u062c\u06cc \u0633\u06d2 \u062c\u0648\u0691\u0646\u0627 \u06c1\u06d2\u060c \u06c1\u0645\u06cc\u0634\u06c1 \u0648\u0627\u0636\u062d \u0627\u0648\u0631 \u0628\u06be\u0631\u0648\u0633\u06d2 \u06a9\u06d2 \u0633\u0627\u062a\u06be\u06d4.<\/p>","protected":false},"excerpt":{"rendered":"<p>O Jogos Online nasceu para quem deseja explorar o mundo da tecnologia de forma simples e acess\u00edvel. Nosso portal re\u00fane conte\u00fados atualizados sobre aplicativos, ferramentas digitais e tend\u00eancias que facilitam sua rotina e ampliam suas possibilidades no universo online. Contamos com uma equipe apaixonada por inova\u00e7\u00e3o, que pesquisa, avalia e compartilha informa\u00e7\u00f5es de forma clara [&hellip;]<\/p>\n","protected":false},"author":1,"featured_media":0,"parent":0,"menu_order":0,"comment_status":"closed","ping_status":"closed","template":"","meta":{"footnotes":""},"class_list":["post-332","page","type-page","status-publish"],"_links":{"self":[{"href":"https:\/\/jogosonlinegratis.blog.br\/ur\/wp-json\/wp\/v2\/pages\/332","targetHints":{"allow":["GET"]}}],"collection":[{"href":"https:\/\/jogosonlinegratis.blog.br\/ur\/wp-json\/wp\/v2\/pages"}],"about":[{"href":"https:\/\/jogosonlinegratis.blog.br\/ur\/wp-json\/wp\/v2\/types\/page"}],"author":[{"embeddable":true,"href":"https:\/\/jogosonlinegratis.blog.br\/ur\/wp-json\/wp\/v2\/users\/1"}],"replies":[{"embeddable":true,"href":"https:\/\/jogosonlinegratis.blog.br\/ur\/wp-json\/wp\/v2\/comments?post=332"}],"version-history":[{"count":3,"href":"https:\/\/jogosonlinegratis.blog.br\/ur\/wp-json\/wp\/v2\/pages\/332\/revisions"}],"predecessor-version":[{"id":481,"href":"https:\/\/jogosonlinegratis.blog.br\/ur\/wp-json\/wp\/v2\/pages\/332\/revisions\/481"}],"wp:attachment":[{"href":"https:\/\/jogosonlinegratis.blog.br\/ur\/wp-json\/wp\/v2\/media?parent=332"}],"curies":[{"name":"wp","href":"https:\/\/api.w.org\/{rel}","templated":true}]}}