{"id":332,"date":"2025-09-22T07:17:17","date_gmt":"2025-09-22T07:17:17","guid":{"rendered":"https:\/\/jogosonlinegratis.blog.br\/?page_id=332"},"modified":"2026-01-14T01:31:29","modified_gmt":"2026-01-14T01:31:29","slug":"%d1%85%d1%82%d0%be-%d0%bc%d0%b8-%d1%94","status":"publish","type":"page","link":"https:\/\/jogosonlinegratis.blog.br\/uk\/quem-somos\/","title":{"rendered":"\u0425\u0442\u043e \u043c\u0438"},"content":{"rendered":"<p>\u041e\u043d\u043b\u0430\u0439\u043d-\u0456\u0433\u0440\u0438 \u0441\u0442\u0432\u043e\u0440\u0435\u043d\u0456 \u0434\u043b\u044f \u0442\u0438\u0445, \u0445\u0442\u043e \u0445\u043e\u0447\u0435 \u0434\u043e\u0441\u043b\u0456\u0434\u0438\u0442\u0438 \u0441\u0432\u0456\u0442 \u0442\u0435\u0445\u043d\u043e\u043b\u043e\u0433\u0456\u0439 \u043f\u0440\u043e\u0441\u0442\u0438\u043c \u0442\u0430 \u0434\u043e\u0441\u0442\u0443\u043f\u043d\u0438\u043c \u0441\u043f\u043e\u0441\u043e\u0431\u043e\u043c. \u041d\u0430\u0448 \u043f\u043e\u0440\u0442\u0430\u043b \u043e\u0431&#039;\u0454\u0434\u043d\u0443\u0454 \u0430\u043a\u0442\u0443\u0430\u043b\u044c\u043d\u0438\u0439 \u043a\u043e\u043d\u0442\u0435\u043d\u0442 \u043f\u0440\u043e \u043f\u0440\u043e\u0433\u0440\u0430\u043c\u0438, \u0446\u0438\u0444\u0440\u043e\u0432\u0456 \u0456\u043d\u0441\u0442\u0440\u0443\u043c\u0435\u043d\u0442\u0438 \u0442\u0430 \u0442\u0440\u0435\u043d\u0434\u0438, \u044f\u043a\u0456 \u0441\u043f\u0440\u043e\u0449\u0443\u044e\u0442\u044c \u0432\u0430\u0448\u0456 \u0441\u043f\u0440\u0430\u0432\u0438 \u0442\u0430 \u0440\u043e\u0437\u0448\u0438\u0440\u044e\u044e\u0442\u044c \u0432\u0430\u0448\u0456 \u043c\u043e\u0436\u043b\u0438\u0432\u043e\u0441\u0442\u0456 \u0432 \u043e\u043d\u043b\u0430\u0439\u043d-\u0432\u0441\u0435\u0441\u0432\u0456\u0442\u0456.<\/p>\n<p>\u041d\u0430\u0448\u0430 \u043a\u043e\u043c\u0430\u043d\u0434\u0430 \u0437\u0430\u0445\u043e\u043f\u043b\u0435\u043d\u0430 \u0456\u043d\u043d\u043e\u0432\u0430\u0446\u0456\u044f\u043c\u0438, \u0434\u043e\u0441\u043b\u0456\u0434\u0436\u0443\u0454, \u043e\u0446\u0456\u043d\u044e\u0454 \u0442\u0430 \u043f\u043e\u0448\u0438\u0440\u044e\u0454 \u0456\u043d\u0444\u043e\u0440\u043c\u0430\u0446\u0456\u044e \u0447\u0456\u0442\u043a\u0438\u043c \u0442\u0430 \u043e\u0431&#039;\u0454\u043a\u0442\u0438\u0432\u043d\u0438\u043c \u0447\u0438\u043d\u043e\u043c. \u041d\u0430\u0448\u0430 \u043c\u0435\u0442\u0430 \u2014 \u0434\u043e\u043f\u043e\u043c\u043e\u0433\u0442\u0438 \u0432\u0430\u043c \u0437\u043d\u0430\u0439\u0442\u0438 \u043a\u043e\u0440\u0438\u0441\u043d\u0456 \u0442\u0430 \u043f\u0440\u0430\u043a\u0442\u0438\u0447\u043d\u0456 \u0440\u0456\u0448\u0435\u043d\u043d\u044f, \u044f\u043a\u0456 \u0441\u043f\u0440\u0430\u0432\u0434\u0456 \u043c\u043e\u0436\u0443\u0442\u044c \u0437\u043c\u0456\u043d\u0438\u0442\u0438 \u0432\u0430\u0448\u0435 \u0446\u0438\u0444\u0440\u043e\u0432\u0435 \u0436\u0438\u0442\u0442\u044f.<\/p>\n<p>\u0412\u0435\u0441\u044c \u043a\u043e\u043d\u0442\u0435\u043d\u0442 \u043d\u0430 Jogos Online \u0441\u0442\u0432\u043e\u0440\u044e\u0454\u0442\u044c\u0441\u044f \u0432\u0456\u0434\u043f\u043e\u0432\u0456\u0434\u0430\u043b\u044c\u043d\u043e \u0442\u0430 \u043d\u0430 \u043e\u0441\u043d\u043e\u0432\u0456 \u0440\u0435\u0442\u0435\u043b\u044c\u043d\u043e\u0433\u043e \u0430\u043d\u0430\u043b\u0456\u0437\u0443, \u0449\u043e \u0433\u0430\u0440\u0430\u043d\u0442\u0443\u0454 \u044f\u043a\u0456\u0441\u0442\u044c, \u043d\u0430\u0434\u0456\u0439\u043d\u0456\u0441\u0442\u044c \u0442\u0430 \u0430\u043a\u0442\u0443\u0430\u043b\u044c\u043d\u0456\u0441\u0442\u044c. \u041c\u0438 \u043f\u0440\u0430\u0433\u043d\u0435\u043c\u043e \u043d\u0430\u0434\u0430\u0432\u0430\u0442\u0438 \u0434\u043e\u0441\u0442\u043e\u0432\u0456\u0440\u043d\u0443 \u0456\u043d\u0444\u043e\u0440\u043c\u0430\u0446\u0456\u044e, \u044f\u043a\u0430 \u0434\u043e\u043f\u043e\u043c\u0430\u0433\u0430\u0454 \u043f\u0440\u0438\u0439\u043c\u0430\u0442\u0438 \u043e\u0431\u0491\u0440\u0443\u043d\u0442\u043e\u0432\u0430\u043d\u0456 \u0442\u0430 \u0440\u043e\u0437\u0443\u043c\u043d\u0456 \u0440\u0456\u0448\u0435\u043d\u043d\u044f.<\/p>\n<p>\u041d\u0435\u0437\u0430\u043b\u0435\u0436\u043d\u043e \u0432\u0456\u0434 \u0442\u043e\u0433\u043e, \u0447\u0438 \u0432\u0438 \u0448\u0443\u043a\u0430\u0454\u0442\u0435 \u043d\u043e\u0432\u0438\u0439 \u0434\u043e\u0434\u0430\u0442\u043e\u043a, \u0447\u0438 \u0445\u043e\u0447\u0435\u0442\u0435 \u043e\u043f\u0430\u043d\u0443\u0432\u0430\u0442\u0438 \u0446\u0438\u0444\u0440\u043e\u0432\u0456 \u043d\u0430\u0432\u0438\u0447\u043a\u0438, \u0447\u0438 \u0431\u0443\u0442\u0438 \u0432 \u043a\u0443\u0440\u0441\u0456 \u0442\u0435\u0445\u043d\u043e\u043b\u043e\u0433\u0456\u0447\u043d\u0438\u0445 \u0456\u043d\u043d\u043e\u0432\u0430\u0446\u0456\u0439, Jogos Online \u2014 \u0446\u0435 \u043f\u0440\u0430\u0432\u0438\u043b\u044c\u043d\u0435 \u043c\u0456\u0441\u0446\u0435 \u0434\u043b\u044f \u0442\u0438\u0445, \u0445\u0442\u043e \u0448\u0443\u043a\u0430\u0454 \u0437\u0440\u0443\u0447\u043d\u043e\u0441\u0442\u0456 \u0442\u0430 \u0456\u043d\u043d\u043e\u0432\u0430\u0446\u0456\u0439. \u041d\u0430\u0448\u0435 \u043f\u0440\u0430\u0433\u043d\u0435\u043d\u043d\u044f \u2014 \u043f\u043e\u0454\u0434\u043d\u0430\u0442\u0438 \u0432\u0430\u0441 \u0437 \u043d\u0430\u0439\u043a\u0440\u0430\u0449\u0438\u043c\u0438 \u0442\u0435\u0445\u043d\u043e\u043b\u043e\u0433\u0456\u044f\u043c\u0438, \u0437\u0430\u0432\u0436\u0434\u0438 \u0437 \u0447\u0456\u0442\u043a\u0456\u0441\u0442\u044e \u0442\u0430 \u043d\u0430\u0434\u0456\u0439\u043d\u0456\u0441\u0442\u044e.<\/p>","protected":false},"excerpt":{"rendered":"<p>O Jogos Online nasceu para quem deseja explorar o mundo da tecnologia de forma simples e acess\u00edvel. Nosso portal re\u00fane conte\u00fados atualizados sobre aplicativos, ferramentas digitais e tend\u00eancias que facilitam sua rotina e ampliam suas possibilidades no universo online. Contamos com uma equipe apaixonada por inova\u00e7\u00e3o, que pesquisa, avalia e compartilha informa\u00e7\u00f5es de forma clara [&hellip;]<\/p>\n","protected":false},"author":1,"featured_media":0,"parent":0,"menu_order":0,"comment_status":"closed","ping_status":"closed","template":"","meta":{"footnotes":""},"class_list":["post-332","page","type-page","status-publish"],"_links":{"self":[{"href":"https:\/\/jogosonlinegratis.blog.br\/uk\/wp-json\/wp\/v2\/pages\/332","targetHints":{"allow":["GET"]}}],"collection":[{"href":"https:\/\/jogosonlinegratis.blog.br\/uk\/wp-json\/wp\/v2\/pages"}],"about":[{"href":"https:\/\/jogosonlinegratis.blog.br\/uk\/wp-json\/wp\/v2\/types\/page"}],"author":[{"embeddable":true,"href":"https:\/\/jogosonlinegratis.blog.br\/uk\/wp-json\/wp\/v2\/users\/1"}],"replies":[{"embeddable":true,"href":"https:\/\/jogosonlinegratis.blog.br\/uk\/wp-json\/wp\/v2\/comments?post=332"}],"version-history":[{"count":3,"href":"https:\/\/jogosonlinegratis.blog.br\/uk\/wp-json\/wp\/v2\/pages\/332\/revisions"}],"predecessor-version":[{"id":481,"href":"https:\/\/jogosonlinegratis.blog.br\/uk\/wp-json\/wp\/v2\/pages\/332\/revisions\/481"}],"wp:attachment":[{"href":"https:\/\/jogosonlinegratis.blog.br\/uk\/wp-json\/wp\/v2\/media?parent=332"}],"curies":[{"name":"\u0412\u041f","href":"https:\/\/api.w.org\/{rel}","templated":true}]}}