{"id":332,"date":"2025-09-22T07:17:17","date_gmt":"2025-09-22T07:17:17","guid":{"rendered":"https:\/\/jogosonlinegratis.blog.br\/?page_id=332"},"modified":"2026-01-14T01:31:29","modified_gmt":"2026-01-14T01:31:29","slug":"%e0%b9%80%e0%b8%a3%e0%b8%b2%e0%b8%84%e0%b8%b7%e0%b8%ad%e0%b9%83%e0%b8%84%e0%b8%a3","status":"publish","type":"page","link":"https:\/\/jogosonlinegratis.blog.br\/th\/quem-somos\/","title":{"rendered":"\u0e1e\u0e27\u0e01\u0e40\u0e23\u0e32\u0e04\u0e37\u0e2d\u0e43\u0e04\u0e23"},"content":{"rendered":"<p>\u0e40\u0e27\u0e47\u0e1a\u0e44\u0e0b\u0e15\u0e4c\u0e40\u0e01\u0e21\u0e2d\u0e2d\u0e19\u0e44\u0e25\u0e19\u0e4c\u0e19\u0e35\u0e49\u0e2a\u0e23\u0e49\u0e32\u0e07\u0e02\u0e36\u0e49\u0e19\u0e2a\u0e33\u0e2b\u0e23\u0e31\u0e1a\u0e1c\u0e39\u0e49\u0e17\u0e35\u0e48\u0e15\u0e49\u0e2d\u0e07\u0e01\u0e32\u0e23\u0e2a\u0e33\u0e23\u0e27\u0e08\u0e42\u0e25\u0e01\u0e41\u0e2b\u0e48\u0e07\u0e40\u0e17\u0e04\u0e42\u0e19\u0e42\u0e25\u0e22\u0e35\u0e43\u0e19\u0e27\u0e34\u0e18\u0e35\u0e17\u0e35\u0e48\u0e07\u0e48\u0e32\u0e22\u0e41\u0e25\u0e30\u0e40\u0e02\u0e49\u0e32\u0e16\u0e36\u0e07\u0e44\u0e14\u0e49 \u0e40\u0e27\u0e47\u0e1a\u0e44\u0e0b\u0e15\u0e4c\u0e02\u0e2d\u0e07\u0e40\u0e23\u0e32\u0e44\u0e14\u0e49\u0e23\u0e27\u0e1a\u0e23\u0e27\u0e21\u0e40\u0e19\u0e37\u0e49\u0e2d\u0e2b\u0e32\u0e17\u0e35\u0e48\u0e17\u0e31\u0e19\u0e2a\u0e21\u0e31\u0e22\u0e40\u0e01\u0e35\u0e48\u0e22\u0e27\u0e01\u0e31\u0e1a\u0e41\u0e2d\u0e1b\u0e1e\u0e25\u0e34\u0e40\u0e04\u0e0a\u0e31\u0e19 \u0e40\u0e04\u0e23\u0e37\u0e48\u0e2d\u0e07\u0e21\u0e37\u0e2d\u0e14\u0e34\u0e08\u0e34\u0e17\u0e31\u0e25 \u0e41\u0e25\u0e30\u0e40\u0e17\u0e23\u0e19\u0e14\u0e4c\u0e15\u0e48\u0e32\u0e07\u0e46 \u0e17\u0e35\u0e48\u0e08\u0e30\u0e17\u0e33\u0e43\u0e2b\u0e49\u0e0a\u0e35\u0e27\u0e34\u0e15\u0e1b\u0e23\u0e30\u0e08\u0e33\u0e27\u0e31\u0e19\u0e02\u0e2d\u0e07\u0e04\u0e38\u0e13\u0e07\u0e48\u0e32\u0e22\u0e02\u0e36\u0e49\u0e19\u0e41\u0e25\u0e30\u0e02\u0e22\u0e32\u0e22\u0e02\u0e2d\u0e1a\u0e40\u0e02\u0e15\u0e04\u0e27\u0e32\u0e21\u0e40\u0e1b\u0e47\u0e19\u0e44\u0e1b\u0e44\u0e14\u0e49\u0e02\u0e2d\u0e07\u0e04\u0e38\u0e13\u0e43\u0e19\u0e42\u0e25\u0e01\u0e2d\u0e2d\u0e19\u0e44\u0e25\u0e19\u0e4c.<\/p>\n<p>\u0e40\u0e23\u0e32\u0e21\u0e35\u0e17\u0e35\u0e21\u0e07\u0e32\u0e19\u0e17\u0e35\u0e48\u0e40\u0e1b\u0e35\u0e48\u0e22\u0e21\u0e14\u0e49\u0e27\u0e22\u0e04\u0e27\u0e32\u0e21\u0e21\u0e38\u0e48\u0e07\u0e21\u0e31\u0e48\u0e19\u0e43\u0e19\u0e14\u0e49\u0e32\u0e19\u0e19\u0e27\u0e31\u0e15\u0e01\u0e23\u0e23\u0e21 \u0e17\u0e33\u0e01\u0e32\u0e23\u0e27\u0e34\u0e08\u0e31\u0e22 \u0e1b\u0e23\u0e30\u0e40\u0e21\u0e34\u0e19 \u0e41\u0e25\u0e30\u0e41\u0e1a\u0e48\u0e07\u0e1b\u0e31\u0e19\u0e02\u0e49\u0e2d\u0e21\u0e39\u0e25\u0e2d\u0e22\u0e48\u0e32\u0e07\u0e0a\u0e31\u0e14\u0e40\u0e08\u0e19\u0e41\u0e25\u0e30\u0e40\u0e1b\u0e47\u0e19\u0e01\u0e25\u0e32\u0e07 \u0e40\u0e1b\u0e49\u0e32\u0e2b\u0e21\u0e32\u0e22\u0e02\u0e2d\u0e07\u0e40\u0e23\u0e32\u0e04\u0e37\u0e2d\u0e01\u0e32\u0e23\u0e0a\u0e48\u0e27\u0e22\u0e04\u0e38\u0e13\u0e04\u0e49\u0e19\u0e1e\u0e1a\u0e42\u0e0b\u0e25\u0e39\u0e0a\u0e31\u0e19\u0e17\u0e35\u0e48\u0e21\u0e35\u0e1b\u0e23\u0e30\u0e42\u0e22\u0e0a\u0e19\u0e4c\u0e41\u0e25\u0e30\u0e43\u0e0a\u0e49\u0e07\u0e32\u0e19\u0e44\u0e14\u0e49\u0e08\u0e23\u0e34\u0e07 \u0e0b\u0e36\u0e48\u0e07\u0e08\u0e30\u0e40\u0e1b\u0e25\u0e35\u0e48\u0e22\u0e19\u0e41\u0e1b\u0e25\u0e07\u0e0a\u0e35\u0e27\u0e34\u0e15\u0e14\u0e34\u0e08\u0e34\u0e17\u0e31\u0e25\u0e02\u0e2d\u0e07\u0e04\u0e38\u0e13\u0e44\u0e14\u0e49\u0e2d\u0e22\u0e48\u0e32\u0e07\u0e41\u0e17\u0e49\u0e08\u0e23\u0e34\u0e07.<\/p>\n<p>\u0e40\u0e19\u0e37\u0e49\u0e2d\u0e2b\u0e32\u0e17\u0e31\u0e49\u0e07\u0e2b\u0e21\u0e14\u0e1a\u0e19\u0e40\u0e27\u0e47\u0e1a\u0e44\u0e0b\u0e15\u0e4c Jogos Online \u0e1c\u0e25\u0e34\u0e15\u0e02\u0e36\u0e49\u0e19\u0e2d\u0e22\u0e48\u0e32\u0e07\u0e21\u0e35\u0e04\u0e27\u0e32\u0e21\u0e23\u0e31\u0e1a\u0e1c\u0e34\u0e14\u0e0a\u0e2d\u0e1a\u0e41\u0e25\u0e30\u0e2d\u0e22\u0e39\u0e48\u0e1a\u0e19\u0e1e\u0e37\u0e49\u0e19\u0e10\u0e32\u0e19\u0e02\u0e2d\u0e07\u0e01\u0e32\u0e23\u0e27\u0e34\u0e40\u0e04\u0e23\u0e32\u0e30\u0e2b\u0e4c\u0e2d\u0e22\u0e48\u0e32\u0e07\u0e23\u0e2d\u0e1a\u0e04\u0e2d\u0e1a \u0e40\u0e1e\u0e37\u0e48\u0e2d\u0e43\u0e2b\u0e49\u0e21\u0e31\u0e48\u0e19\u0e43\u0e08\u0e43\u0e19\u0e04\u0e38\u0e13\u0e20\u0e32\u0e1e \u0e04\u0e27\u0e32\u0e21\u0e19\u0e48\u0e32\u0e40\u0e0a\u0e37\u0e48\u0e2d\u0e16\u0e37\u0e2d \u0e41\u0e25\u0e30\u0e04\u0e27\u0e32\u0e21\u0e40\u0e01\u0e35\u0e48\u0e22\u0e27\u0e02\u0e49\u0e2d\u0e07 \u0e40\u0e23\u0e32\u0e21\u0e38\u0e48\u0e07\u0e21\u0e31\u0e48\u0e19\u0e17\u0e35\u0e48\u0e08\u0e30\u0e19\u0e33\u0e40\u0e2a\u0e19\u0e2d\u0e02\u0e49\u0e2d\u0e21\u0e39\u0e25\u0e17\u0e35\u0e48\u0e19\u0e48\u0e32\u0e40\u0e0a\u0e37\u0e48\u0e2d\u0e16\u0e37\u0e2d\u0e0b\u0e36\u0e48\u0e07\u0e2a\u0e19\u0e31\u0e1a\u0e2a\u0e19\u0e38\u0e19\u0e01\u0e32\u0e23\u0e15\u0e31\u0e14\u0e2a\u0e34\u0e19\u0e43\u0e08\u0e2d\u0e22\u0e48\u0e32\u0e07\u0e0a\u0e32\u0e0d\u0e09\u0e25\u0e32\u0e14\u0e41\u0e25\u0e30\u0e21\u0e35\u0e02\u0e49\u0e2d\u0e21\u0e39\u0e25\u0e04\u0e23\u0e1a\u0e16\u0e49\u0e27\u0e19.<\/p>\n<p>\u0e44\u0e21\u0e48\u0e27\u0e48\u0e32\u0e04\u0e38\u0e13\u0e01\u0e33\u0e25\u0e31\u0e07\u0e21\u0e2d\u0e07\u0e2b\u0e32\u0e41\u0e2d\u0e1b\u0e43\u0e2b\u0e21\u0e48 \u0e40\u0e23\u0e35\u0e22\u0e19\u0e23\u0e39\u0e49\u0e17\u0e31\u0e01\u0e29\u0e30\u0e14\u0e34\u0e08\u0e34\u0e17\u0e31\u0e25 \u0e2b\u0e23\u0e37\u0e2d\u0e15\u0e34\u0e14\u0e15\u0e32\u0e21\u0e19\u0e27\u0e31\u0e15\u0e01\u0e23\u0e23\u0e21\u0e17\u0e32\u0e07\u0e40\u0e17\u0e04\u0e42\u0e19\u0e42\u0e25\u0e22\u0e35\u0e25\u0e48\u0e32\u0e2a\u0e38\u0e14 Jogos Online \u0e04\u0e37\u0e2d\u0e2a\u0e16\u0e32\u0e19\u0e17\u0e35\u0e48\u0e17\u0e35\u0e48\u0e2a\u0e21\u0e1a\u0e39\u0e23\u0e13\u0e4c\u0e41\u0e1a\u0e1a\u0e2a\u0e33\u0e2b\u0e23\u0e31\u0e1a\u0e1c\u0e39\u0e49\u0e17\u0e35\u0e48\u0e15\u0e49\u0e2d\u0e07\u0e01\u0e32\u0e23\u0e04\u0e27\u0e32\u0e21\u0e2a\u0e30\u0e14\u0e27\u0e01\u0e2a\u0e1a\u0e32\u0e22\u0e41\u0e25\u0e30\u0e19\u0e27\u0e31\u0e15\u0e01\u0e23\u0e23\u0e21 \u0e40\u0e23\u0e32\u0e21\u0e38\u0e48\u0e07\u0e21\u0e31\u0e48\u0e19\u0e17\u0e35\u0e48\u0e08\u0e30\u0e40\u0e0a\u0e37\u0e48\u0e2d\u0e21\u0e15\u0e48\u0e2d\u0e04\u0e38\u0e13\u0e01\u0e31\u0e1a\u0e40\u0e17\u0e04\u0e42\u0e19\u0e42\u0e25\u0e22\u0e35\u0e17\u0e35\u0e48\u0e14\u0e35\u0e17\u0e35\u0e48\u0e2a\u0e38\u0e14 \u0e14\u0e49\u0e27\u0e22\u0e04\u0e27\u0e32\u0e21\u0e0a\u0e31\u0e14\u0e40\u0e08\u0e19\u0e41\u0e25\u0e30\u0e19\u0e48\u0e32\u0e40\u0e0a\u0e37\u0e48\u0e2d\u0e16\u0e37\u0e2d\u0e40\u0e2a\u0e21\u0e2d.<\/p>","protected":false},"excerpt":{"rendered":"<p>O Jogos Online nasceu para quem deseja explorar o mundo da tecnologia de forma simples e acess\u00edvel. Nosso portal re\u00fane conte\u00fados atualizados sobre aplicativos, ferramentas digitais e tend\u00eancias que facilitam sua rotina e ampliam suas possibilidades no universo online. Contamos com uma equipe apaixonada por inova\u00e7\u00e3o, que pesquisa, avalia e compartilha informa\u00e7\u00f5es de forma clara [&hellip;]<\/p>\n","protected":false},"author":1,"featured_media":0,"parent":0,"menu_order":0,"comment_status":"closed","ping_status":"closed","template":"","meta":{"footnotes":""},"class_list":["post-332","page","type-page","status-publish"],"_links":{"self":[{"href":"https:\/\/jogosonlinegratis.blog.br\/th\/wp-json\/wp\/v2\/pages\/332","targetHints":{"allow":["GET"]}}],"collection":[{"href":"https:\/\/jogosonlinegratis.blog.br\/th\/wp-json\/wp\/v2\/pages"}],"about":[{"href":"https:\/\/jogosonlinegratis.blog.br\/th\/wp-json\/wp\/v2\/types\/page"}],"author":[{"embeddable":true,"href":"https:\/\/jogosonlinegratis.blog.br\/th\/wp-json\/wp\/v2\/users\/1"}],"replies":[{"embeddable":true,"href":"https:\/\/jogosonlinegratis.blog.br\/th\/wp-json\/wp\/v2\/comments?post=332"}],"version-history":[{"count":3,"href":"https:\/\/jogosonlinegratis.blog.br\/th\/wp-json\/wp\/v2\/pages\/332\/revisions"}],"predecessor-version":[{"id":481,"href":"https:\/\/jogosonlinegratis.blog.br\/th\/wp-json\/wp\/v2\/pages\/332\/revisions\/481"}],"wp:attachment":[{"href":"https:\/\/jogosonlinegratis.blog.br\/th\/wp-json\/wp\/v2\/media?parent=332"}],"curies":[{"name":"wp","href":"https:\/\/api.w.org\/{rel}","templated":true}]}}