{"id":332,"date":"2025-09-22T07:17:17","date_gmt":"2025-09-22T07:17:17","guid":{"rendered":"https:\/\/jogosonlinegratis.blog.br\/?page_id=332"},"modified":"2026-01-14T01:31:29","modified_gmt":"2026-01-14T01:31:29","slug":"vilka-vi-ar","status":"publish","type":"page","link":"https:\/\/jogosonlinegratis.blog.br\/sv\/quem-somos\/","title":{"rendered":"Vilka vi \u00e4r"},"content":{"rendered":"<p>Onlinespel skapades f\u00f6r dig som vill utforska teknikens v\u00e4rld p\u00e5 ett enkelt och l\u00e4ttillg\u00e4ngligt s\u00e4tt. V\u00e5r portal samlar aktuellt inneh\u00e5ll om applikationer, digitala verktyg och trender som g\u00f6r din vardag enklare och ut\u00f6kar dina m\u00f6jligheter i online-universumet.<\/p>\n<p>Vi har ett team som brinner f\u00f6r innovation och som forskar, utv\u00e4rderar och delar information p\u00e5 ett tydligt och objektivt s\u00e4tt. V\u00e5rt fokus ligger p\u00e5 att hj\u00e4lpa dig att uppt\u00e4cka anv\u00e4ndbara och praktiska l\u00f6sningar som verkligen kan f\u00f6r\u00e4ndra ditt digitala liv.<\/p>\n<p>Allt inneh\u00e5ll p\u00e5 Jogos Online produceras ansvarsfullt och baserat p\u00e5 noggrann analys, vilket s\u00e4kerst\u00e4ller kvalitet, tillf\u00f6rlitlighet och relevans. Vi str\u00e4var efter att leverera tillf\u00f6rlitlig information som st\u00f6der v\u00e4lgrundade och intelligenta beslut.<\/p>\n<p>Oavsett om du vill uppt\u00e4cka en ny app, l\u00e4ra dig digitala f\u00e4rdigheter eller h\u00e5lla dig uppdaterad om tekniska innovationer, \u00e4r Jogos Online r\u00e4tt plats f\u00f6r dig som s\u00f6ker bekv\u00e4mlighet och innovation. V\u00e5rt engagemang \u00e4r att ge dig tillg\u00e5ng till den b\u00e4sta tekniken, alltid med tydlighet och tillf\u00f6rlitlighet.<\/p>","protected":false},"excerpt":{"rendered":"<p>O Jogos Online nasceu para quem deseja explorar o mundo da tecnologia de forma simples e acess\u00edvel. Nosso portal re\u00fane conte\u00fados atualizados sobre aplicativos, ferramentas digitais e tend\u00eancias que facilitam sua rotina e ampliam suas possibilidades no universo online. Contamos com uma equipe apaixonada por inova\u00e7\u00e3o, que pesquisa, avalia e compartilha informa\u00e7\u00f5es de forma clara [&hellip;]<\/p>\n","protected":false},"author":1,"featured_media":0,"parent":0,"menu_order":0,"comment_status":"closed","ping_status":"closed","template":"","meta":{"footnotes":""},"class_list":["post-332","page","type-page","status-publish"],"_links":{"self":[{"href":"https:\/\/jogosonlinegratis.blog.br\/sv\/wp-json\/wp\/v2\/pages\/332","targetHints":{"allow":["GET"]}}],"collection":[{"href":"https:\/\/jogosonlinegratis.blog.br\/sv\/wp-json\/wp\/v2\/pages"}],"about":[{"href":"https:\/\/jogosonlinegratis.blog.br\/sv\/wp-json\/wp\/v2\/types\/page"}],"author":[{"embeddable":true,"href":"https:\/\/jogosonlinegratis.blog.br\/sv\/wp-json\/wp\/v2\/users\/1"}],"replies":[{"embeddable":true,"href":"https:\/\/jogosonlinegratis.blog.br\/sv\/wp-json\/wp\/v2\/comments?post=332"}],"version-history":[{"count":3,"href":"https:\/\/jogosonlinegratis.blog.br\/sv\/wp-json\/wp\/v2\/pages\/332\/revisions"}],"predecessor-version":[{"id":481,"href":"https:\/\/jogosonlinegratis.blog.br\/sv\/wp-json\/wp\/v2\/pages\/332\/revisions\/481"}],"wp:attachment":[{"href":"https:\/\/jogosonlinegratis.blog.br\/sv\/wp-json\/wp\/v2\/media?parent=332"}],"curies":[{"name":"wp","href":"https:\/\/api.w.org\/{rel}","templated":true}]}}