{"id":328,"date":"2025-09-22T07:15:44","date_gmt":"2025-09-22T07:15:44","guid":{"rendered":"https:\/\/jogosonlinegratis.blog.br\/?page_id=328"},"modified":"2026-01-14T01:32:20","modified_gmt":"2026-01-14T01:32:20","slug":"anvandarvillkor","status":"publish","type":"page","link":"https:\/\/jogosonlinegratis.blog.br\/sv\/termos-de-uso\/","title":{"rendered":"Anv\u00e4ndarvillkor"},"content":{"rendered":"<h2>1. Villkor<\/h2>\n<p>N\u00e4r du bes\u00f6ker webbplatsen <a href=\"\/sv\/jogosonlinegratis.blog.br\/\">Onlinespel<\/a>, samtycker till att f\u00f6lja dessa <a href=\"https:\/\/jogosonlinegratis.blog.br\/sv\/integritetspolicy\/\" target=\"_BLANK\" style=\"color: #727496; text-decoration: none;\">anv\u00e4ndarvillkor<\/a>, Du samtycker till att f\u00f6lja alla till\u00e4mpliga lagar och f\u00f6rordningar och ansvarar f\u00f6r att f\u00f6lja alla till\u00e4mpliga lokala lagar. Om du inte godk\u00e4nner n\u00e5got av dessa villkor \u00e4r du f\u00f6rbjuden att anv\u00e4nda eller bes\u00f6ka denna webbplats. Materialet p\u00e5 denna webbplats \u00e4r skyddat av till\u00e4mpliga upphovsr\u00e4tts- och varum\u00e4rkeslagar.<\/p>\n<h2>2. Licensanv\u00e4ndning<\/h2>\n<p>Tillst\u00e5nd beviljas att tillf\u00e4lligt ladda ner en kopia av materialet (information eller programvara) fr\u00e5n webbplatsen f\u00f6r onlinespel endast f\u00f6r personlig, icke-kommersiell visning. Detta \u00e4r ett beviljande av en licens, inte en \u00f6verf\u00f6ring av \u00e4gander\u00e4tt, och under denna licens f\u00e5r du inte: <\/p>\n<ol>\n<li>modifiera eller kopiera materialet;  <\/li>\n<li>Anv\u00e4nda materialet f\u00f6r kommersiella \u00e4ndam\u00e5l eller f\u00f6r offentlig visning (kommersiell eller icke-kommersiell);  <\/li>\n<li>F\u00f6rs\u00f6k att dekompilera eller bak\u00e5tkompilera programvara som finns p\u00e5 webbplatsen f\u00f6r onlinespel;  <\/li>\n<li>ta bort alla upphovsr\u00e4ttsliga eller andra \u00e4gander\u00e4ttsliga anteckningar fr\u00e5n materialet; eller  <\/li>\n<li>\u00d6verf\u00f6r materialet till en annan person eller &quot;spegla&quot; materialet p\u00e5 n\u00e5gon annan server.<\/li>\n<\/ol>\n<p>Denna licens upph\u00f6r automatiskt om du bryter mot n\u00e5gon av dessa begr\u00e4nsningar och kan s\u00e4gas upp av Online Games n\u00e4r som helst. N\u00e4r du avslutar din visning av detta material eller n\u00e4r licensen upph\u00f6r m\u00e5ste du f\u00f6rst\u00f6ra allt nedladdat material i din besittning, oavsett om det \u00e4r i elektroniskt eller tryckt format.<\/p>\n<h2>3. Friskrivningsklausul<\/h2>\n<ol>\n<li>Materialet p\u00e5 Jogos Onlines webbplats tillhandah\u00e5lls &quot;i befintligt skick&quot;. Jogos Online l\u00e4mnar inga garantier, vare sig uttryckliga eller underf\u00f6rst\u00e5dda, och fr\u00e5ns\u00e4ger sig h\u00e4rmed alla andra garantier, inklusive, utan begr\u00e4nsning, underf\u00f6rst\u00e5dda garantier eller villkor f\u00f6r s\u00e4ljbarhet, l\u00e4mplighet f\u00f6r ett visst \u00e4ndam\u00e5l eller icke-intr\u00e5ng i immateriella r\u00e4ttigheter eller andra intr\u00e5ng i r\u00e4ttigheter. <\/li>\n<li>Dessutom garanterar inte webbplatsen f\u00f6r onlinespel eller l\u00e4mnar n\u00e5gra utf\u00e4stelser ang\u00e5ende riktigheten, sannolika resultat eller tillf\u00f6rlitligheten i anv\u00e4ndningen av materialet p\u00e5 webbplatsen eller p\u00e5 annat s\u00e4tt relaterat till s\u00e5dant material eller p\u00e5 n\u00e5gra webbplatser som \u00e4r l\u00e4nkade till denna webbplats.<\/li>\n<\/ol>\n<h2>4. Begr\u00e4nsningar<\/h2>\n<p>Online Games eller dess leverant\u00f6rer ska under inga omst\u00e4ndigheter vara ansvariga f\u00f6r n\u00e5gra skador (inklusive, utan begr\u00e4nsning, skador f\u00f6r f\u00f6rlust av data eller vinst, eller p\u00e5 grund av avbrott i verksamheten) som uppst\u00e5r p\u00e5 grund av anv\u00e4ndning eller of\u00f6rm\u00e5ga att anv\u00e4nda materialet p\u00e5 Online Games, \u00e4ven om Online Games eller en auktoriserad representant f\u00f6r Online Games har underr\u00e4ttats muntligt eller skriftligt om m\u00f6jligheten till s\u00e5dana skador. Eftersom vissa jurisdiktioner inte till\u00e5ter begr\u00e4nsningar av underf\u00f6rst\u00e5dda garantier eller begr\u00e4nsningar av ansvar f\u00f6r f\u00f6ljdskador eller of\u00f6rutsedda skador, kanske dessa begr\u00e4nsningar inte g\u00e4ller dig.<\/p>\n<h2>5. Materialens precision<\/h2>\n<p>Materialet som visas p\u00e5 Jogos Onlines webbplats kan inneh\u00e5lla tekniska, typografiska eller fotografiska fel. Jogos Online garanterar inte att n\u00e5got material p\u00e5 webbplatsen \u00e4r korrekt, fullst\u00e4ndigt eller aktuellt. Jogos Online kan n\u00e4r som helst utan f\u00f6reg\u00e5ende meddelande g\u00f6ra \u00e4ndringar i materialet p\u00e5 webbplatsen. Jogos Online f\u00f6rbinder sig dock inte att uppdatera materialet.<\/p>\n<h2>6. L\u00e4nkar<\/h2>\n<p>Jogos Online har inte granskat alla webbplatser som l\u00e4nkas till sin webbplats och ansvarar inte f\u00f6r inneh\u00e5llet p\u00e5 n\u00e5gon l\u00e4nkad webbplats. Inkluderingen av en l\u00e4nk inneb\u00e4r inte att Jogos Online st\u00f6der webbplatsen. Anv\u00e4ndning av n\u00e5gon l\u00e4nkad webbplats sker p\u00e5 anv\u00e4ndarens egen risk.<\/p>\n<h3>Modifieringar<\/h3>\n<p>Online Games kan komma att \u00e4ndra dessa webbplatsvillkor n\u00e4r som helst utan f\u00f6reg\u00e5ende meddelande. Genom att anv\u00e4nda denna webbplats godk\u00e4nner du att vara bunden av den aktuella versionen av dessa anv\u00e4ndarvillkor.<\/p>\n<h3>Till\u00e4mplig lag<\/h3>\n<p>Dessa villkor regleras av och tolkas i enlighet med lagarna f\u00f6r onlinespel, och du underkastar dig o\u00e5terkalleligen domstolarnas exklusiva jurisdiktion i den staten eller orten.<\/p>","protected":false},"excerpt":{"rendered":"<p>1. Termos Ao acessar ao site Jogos Online, concorda em cumprir estes termos de uso, todas as leis e regulamentos aplic\u00e1veis \u200b\u200be concorda que \u00e9 respons\u00e1vel pelo cumprimento de todas as leis locais aplic\u00e1veis. Se voc\u00ea n\u00e3o concordar com algum desses termos, est\u00e1 proibido de usar ou acessar este site. Os materiais contidos neste site [&hellip;]<\/p>\n","protected":false},"author":1,"featured_media":0,"parent":0,"menu_order":0,"comment_status":"closed","ping_status":"closed","template":"","meta":{"footnotes":""},"class_list":["post-328","page","type-page","status-publish"],"_links":{"self":[{"href":"https:\/\/jogosonlinegratis.blog.br\/sv\/wp-json\/wp\/v2\/pages\/328","targetHints":{"allow":["GET"]}}],"collection":[{"href":"https:\/\/jogosonlinegratis.blog.br\/sv\/wp-json\/wp\/v2\/pages"}],"about":[{"href":"https:\/\/jogosonlinegratis.blog.br\/sv\/wp-json\/wp\/v2\/types\/page"}],"author":[{"embeddable":true,"href":"https:\/\/jogosonlinegratis.blog.br\/sv\/wp-json\/wp\/v2\/users\/1"}],"replies":[{"embeddable":true,"href":"https:\/\/jogosonlinegratis.blog.br\/sv\/wp-json\/wp\/v2\/comments?post=328"}],"version-history":[{"count":3,"href":"https:\/\/jogosonlinegratis.blog.br\/sv\/wp-json\/wp\/v2\/pages\/328\/revisions"}],"predecessor-version":[{"id":484,"href":"https:\/\/jogosonlinegratis.blog.br\/sv\/wp-json\/wp\/v2\/pages\/328\/revisions\/484"}],"wp:attachment":[{"href":"https:\/\/jogosonlinegratis.blog.br\/sv\/wp-json\/wp\/v2\/media?parent=328"}],"curies":[{"name":"wp","href":"https:\/\/api.w.org\/{rel}","templated":true}]}}