{"id":324,"date":"2025-09-22T07:13:50","date_gmt":"2025-09-22T07:13:50","guid":{"rendered":"https:\/\/jogosonlinegratis.blog.br\/?page_id=324"},"modified":"2026-01-14T01:31:42","modified_gmt":"2026-01-14T01:31:42","slug":"integritetspolicy","status":"publish","type":"page","link":"https:\/\/jogosonlinegratis.blog.br\/sv\/politica-de-privacidade\/","title":{"rendered":"Integritetspolicy"},"content":{"rendered":"<p>Din integritet \u00e4r viktig f\u00f6r oss. Jogos Onlines policy \u00e4r att respektera din integritet g\u00e4llande all information vi kan samla in fr\u00e5n dig p\u00e5 Jogos Onlines webbplats och andra webbplatser som vi \u00e4ger och driver.<\/p>\n<p>Vi beg\u00e4r endast personuppgifter n\u00e4r vi verkligen beh\u00f6ver dem f\u00f6r att tillhandah\u00e5lla en tj\u00e4nst till dig. Vi g\u00f6r det p\u00e5 ett r\u00e4ttvist och lagligt s\u00e4tt, med din vetskap och ditt samtycke. Vi informerar dig ocks\u00e5 om varf\u00f6r vi samlar in dem och hur de kommer att anv\u00e4ndas.<\/p>\n<p>Vi beh\u00e5ller endast insamlad information s\u00e5 l\u00e4nge som det \u00e4r n\u00f6dv\u00e4ndigt f\u00f6r att tillhandah\u00e5lla den beg\u00e4rda tj\u00e4nsten. N\u00e4r vi lagrar data skyddar vi den med kommersiellt acceptabla medel f\u00f6r att f\u00f6rhindra f\u00f6rlust och st\u00f6ld, samt obeh\u00f6rig \u00e5tkomst, avsl\u00f6jande, kopiering, anv\u00e4ndning eller modifiering.<\/p>\n<p>Vi delar inte personligt identifierbar information offentligt eller med tredje part, f\u00f6rutom n\u00e4r det kr\u00e4vs enligt lag.<\/p>\n<p>V\u00e5r webbplats kan inneh\u00e5lla l\u00e4nkar till externa webbplatser som inte drivs av oss. Observera att vi inte har n\u00e5gon kontroll \u00f6ver inneh\u00e5llet och praxisen p\u00e5 dessa webbplatser och kan inte ta ansvar f\u00f6r deras respektive integritetspolicyer.<\/p>\n<p>Du kan avb\u00f6ja v\u00e5r beg\u00e4ran om personuppgifter, med f\u00f6rst\u00e5else f\u00f6r att vi kanske inte kan tillhandah\u00e5lla vissa av de tj\u00e4nster du \u00f6nskar.<\/p>\n<p>Fortsatt anv\u00e4ndning av v\u00e5r webbplats kommer att betraktas som godk\u00e4nnande av v\u00e5ra rutiner g\u00e4llande integritet och personuppgifter. Om du har n\u00e5gra fr\u00e5gor om hur vi hanterar anv\u00e4ndardata och personuppgifter, v\u00e4nligen kontakta oss.<\/p>\n<h2 class=\"wp-block-heading\">S\u00e4kerhet och f\u00f6rtroende f\u00f6r webbplatsen f\u00f6r onlinespel<\/h2>\n<p>Webbplatsen \u00e4r p\u00e5litlig och s\u00e4ker f\u00f6r anv\u00e4ndarnas surfning, enligt [k\u00e4llan\/f\u00f6retaget].&nbsp;<a target=\"_BLANK\" href=\"https:\/\/confiavel.com.br\/Jogos Online.com\" rel=\"noreferrer noopener\">Kontroll<\/a>. Sidan kontrollerar webbplatsinformation f\u00f6r att identifiera potentiella s\u00e4kerhetsproblem. Verktyget verifierar webbaktiviteten.&nbsp;<a target=\"_BLANK\" href=\"https:\/\/transparencyreport.google.com\/safe-browsing\/search?url=Jogos Online.com\" rel=\"noreferrer noopener\">Googles s\u00e4kerhet<\/a>&nbsp;Detta visar att webbplatsen \u00e4r s\u00e4ker.<\/p>\n<h2 class=\"wp-block-heading\">Cookiepolicy f\u00f6r onlinespel<\/h2>\n<h3 class=\"wp-block-heading\">Vad \u00e4r kakor?<\/h3>\n<p>Som vanligt med n\u00e4stan alla professionella webbplatser anv\u00e4nder den h\u00e4r webbplatsen cookies, sm\u00e5 filer som laddas ner till din dator, f\u00f6r att f\u00f6rb\u00e4ttra din upplevelse. Den h\u00e4r sidan beskriver vilken information de samlar in, hur vi anv\u00e4nder den och varf\u00f6r vi ibland beh\u00f6ver lagra dessa cookies. Vi kommer ocks\u00e5 att dela med oss av hur du kan f\u00f6rhindra att dessa cookies lagras, men detta kan f\u00f6rs\u00e4mra eller &quot;f\u00f6rst\u00f6ra&quot; vissa delar av webbplatsens funktionalitet.<\/p>\n<h3 class=\"wp-block-heading\">Hur anv\u00e4nder vi cookies?<\/h3>\n<p>Vi anv\u00e4nder cookies av olika anledningar, vilka beskrivs nedan. Tyv\u00e4rr finns det i de flesta fall inga branschstandardalternativ f\u00f6r att inaktivera cookies utan att helt inaktivera de funktioner och funktioner de l\u00e4gger till p\u00e5 den h\u00e4r webbplatsen. Det rekommenderas att du l\u00e4mnar alla cookies aktiverade om du \u00e4r os\u00e4ker p\u00e5 om du beh\u00f6ver dem eller inte, ifall de anv\u00e4nds f\u00f6r att tillhandah\u00e5lla en tj\u00e4nst du anv\u00e4nder.<\/p>\n<h3 class=\"wp-block-heading\">Inaktivera cookies<\/h3>\n<p>Du kan f\u00f6rhindra att cookies sparas genom att justera inst\u00e4llningarna i din webbl\u00e4sare (se webbl\u00e4sarens hj\u00e4lp f\u00f6r information om hur du g\u00f6r detta). Var medveten om att inaktivering av cookies p\u00e5verkar funktionaliteten p\u00e5 denna och m\u00e5nga andra webbplatser som du bes\u00f6ker. Att inaktivera cookies leder vanligtvis \u00e4ven till att vissa funktioner och funktioner p\u00e5 webbplatsen inaktiveras. D\u00e4rf\u00f6r rekommenderas det att du inte inaktiverar cookies.<\/p>\n<h3 class=\"wp-block-heading\">Cookies vi anv\u00e4nder<\/h3>\n<ul class=\"wp-block-list\">\n<li>Kontorelaterade cookies\n<p>Om du skapar ett konto hos oss anv\u00e4nder vi cookies f\u00f6r att hantera registreringsprocessen och allm\u00e4n administration. Dessa cookies raderas vanligtvis n\u00e4r du loggar ut fr\u00e5n systemet, men i vissa fall kan de finnas kvar efter\u00e5t f\u00f6r att komma ih\u00e5g dina webbplatsinst\u00e4llningar n\u00e4r du l\u00e4mnar.<\/li>\n<li>Inloggningsrelaterade cookies\n<p>Vi anv\u00e4nder cookies n\u00e4r du \u00e4r inloggad s\u00e5 att vi kan komma ih\u00e5g denna \u00e5tg\u00e4rd. Detta f\u00f6rhindrar att du beh\u00f6ver logga in varje g\u00e5ng du bes\u00f6ker en ny sida. Dessa cookies tas normalt bort eller rensas n\u00e4r du loggar ut f\u00f6r att s\u00e4kerst\u00e4lla att du bara kan komma \u00e5t begr\u00e4nsade resurser och omr\u00e5den n\u00e4r du \u00e4r inloggad.<\/li>\n<li>Cookies relaterade till e-postnyhetsbrev\n<p>Denna webbplats erbjuder nyhetsbrev eller e-postprenumerationstj\u00e4nster, och cookies kan anv\u00e4ndas f\u00f6r att komma ih\u00e5g om du redan \u00e4r registrerad och om vissa aviseringar som endast \u00e4r giltiga f\u00f6r prenumererande\/avprenumererande anv\u00e4ndare ska visas.<\/li>\n<li>Cookies relaterade till orderhantering\n<p>Denna webbplats erbjuder e-handel och betalningsm\u00f6jligheter, och vissa cookies \u00e4r viktiga f\u00f6r att s\u00e4kerst\u00e4lla att din best\u00e4llning sparas mellan sidor s\u00e5 att vi kan behandla den korrekt.<\/li>\n<li>Cookies relaterade till s\u00f6kningar\n<p>Med j\u00e4mna mellanrum erbjuder vi unders\u00f6kningar och fr\u00e5geformul\u00e4r f\u00f6r att ge intressant information, anv\u00e4ndbara verktyg eller f\u00f6r att f\u00f6rst\u00e5 v\u00e5r anv\u00e4ndarbas mer exakt. Dessa unders\u00f6kningar kan anv\u00e4nda cookies f\u00f6r att komma ih\u00e5g vilka som redan har deltagit i en unders\u00f6kning eller f\u00f6r att ge korrekta resultat efter sid\u00e4ndringar.<\/li>\n<li>Formul\u00e4rrelaterade cookies\n<p>N\u00e4r du skickar in data via ett formul\u00e4r, till exempel de som finns p\u00e5 kontaktsidor eller kommentarsformul\u00e4r, kan cookies komma att spara dina anv\u00e4ndaruppgifter f\u00f6r framtida korrespondens.<\/li>\n<li>Webbplatspreferenscookies\n<p>F\u00f6r att ge dig en bra upplevelse p\u00e5 den h\u00e4r webbplatsen erbjuder vi funktioner f\u00f6r att st\u00e4lla in dina inst\u00e4llningar f\u00f6r hur webbplatsen beter sig n\u00e4r du anv\u00e4nder den. F\u00f6r att komma ih\u00e5g dina inst\u00e4llningar beh\u00f6ver vi st\u00e4lla in cookies s\u00e5 att denna information kan h\u00e4mtas n\u00e4r du interagerar med en sida som p\u00e5verkas av dina inst\u00e4llningar.<\/li>\n<\/ul>\n<h3 class=\"wp-block-heading\">Tredjepartscookies<\/h3>\n<p>I vissa specialfall anv\u00e4nder vi \u00e4ven cookies fr\u00e5n betrodda tredje parter. F\u00f6ljande avsnitt beskriver vilka tredjepartscookies du kan st\u00f6ta p\u00e5 via denna webbplats.<\/p>\n<ul class=\"wp-block-list\">\n<li>Den h\u00e4r webbplatsen anv\u00e4nder&nbsp;<a href=\"https:\/\/analytics.google.com\/analytics\/web\/\">Google Analytics<\/a>, Detta \u00e4r en av de mest utbredda och betrodda analysl\u00f6sningarna p\u00e5 webben, som hj\u00e4lper oss att f\u00f6rst\u00e5 hur du anv\u00e4nder webbplatsen och hur vi kan f\u00f6rb\u00e4ttra din upplevelse. Dessa cookies kan sp\u00e5ra saker som hur l\u00e4nge du spenderar p\u00e5 webbplatsen och vilka sidor du bes\u00f6ker s\u00e5 att vi kan forts\u00e4tta producera engagerande inneh\u00e5ll.<\/li>\n<\/ul>\n<p>F\u00f6r mer information om Google Analytics-cookies, bes\u00f6k den officiella Google Analytics-sidan.<\/p>\n<ul class=\"wp-block-list\">\n<li>Tredjepartsanalys anv\u00e4nds f\u00f6r att sp\u00e5ra och m\u00e4ta anv\u00e4ndningen av denna webbplats s\u00e5 att vi kan forts\u00e4tta producera engagerande inneh\u00e5ll. Dessa cookies kan sp\u00e5ra saker som hur l\u00e4nge du spenderar p\u00e5 webbplatsen eller p\u00e5 sidor du bes\u00f6ker, vilket hj\u00e4lper oss att f\u00f6rst\u00e5 hur vi kan f\u00f6rb\u00e4ttra webbplatsen f\u00f6r dig.<\/li>\n<li>Med j\u00e4mna mellanrum testar vi nya funktioner och g\u00f6r sm\u00e5 \u00e4ndringar i hur webbplatsen presenteras. Medan vi fortfarande testar nya funktioner kan dessa cookies anv\u00e4ndas f\u00f6r att s\u00e4kerst\u00e4lla att du f\u00e5r en enhetlig upplevelse p\u00e5 webbplatsen, samtidigt som vi f\u00f6rst\u00e5r vilka optimeringar v\u00e5ra anv\u00e4ndare uppskattar mest.<\/li>\n<li>N\u00e4r vi s\u00e4ljer produkter \u00e4r det viktigt f\u00f6r oss att f\u00f6rst\u00e5 statistik \u00f6ver hur m\u00e5nga av v\u00e5ra webbplatsbes\u00f6kare som faktiskt g\u00f6r ett k\u00f6p, och det \u00e4r den typ av data som dessa cookies kommer att sp\u00e5ra. Detta \u00e4r viktigt f\u00f6r dig eftersom det inneb\u00e4r att vi kan g\u00f6ra korrekta aff\u00e4rsprognoser som g\u00f6r att vi kan analysera v\u00e5ra annonserings- och produktkostnader f\u00f6r att s\u00e4kerst\u00e4lla b\u00e4sta m\u00f6jliga pris.<\/li>\n<\/ul>\n<h3 class=\"wp-block-heading\">Anv\u00e4ndarengagemang<\/h3>\n<p>Anv\u00e4ndaren samtycker till att p\u00e5 l\u00e4mpligt s\u00e4tt anv\u00e4nda inneh\u00e5llet och informationen som Jogos Online erbjuder p\u00e5 webbplatsen, inklusive men inte begr\u00e4nsat till:<\/p>\n<ul class=\"wp-block-list\">\n<li>A) Att inte delta i verksamhet som \u00e4r olaglig eller strider mot god tro och allm\u00e4n ordning;<\/li>\n<li>B) Att inte sprida propaganda eller inneh\u00e5ll av rasistisk eller fr\u00e4mlingsfientlig karakt\u00e4r, eller som r\u00f6r spel, hasardspel, n\u00e5gon form av olaglig pornografi eller inneh\u00e5ll som fr\u00e4mjar terrorism eller kr\u00e4nker m\u00e4nskliga r\u00e4ttigheter;<\/li>\n<li>C) Att inte orsaka skada p\u00e5 de fysiska (h\u00e5rdvaru-) och logiska (programvaru-) systemen hos Onlinespelen, dess leverant\u00f6rer eller tredje parter, genom att introducera eller sprida datavirus eller andra h\u00e5rdvaru- eller programvarusystem som kan orsaka ovann\u00e4mnda skador.<\/li>\n<\/ul>\n<h3 class=\"wp-block-heading\">Blockera cookies:<\/h3>\n<p>Anv\u00e4ndare kan n\u00e4r som helst blockera och\/eller inaktivera cookies fr\u00e5n vilken webbplats som helst, inklusive v\u00e5r. F\u00f6r att g\u00f6ra detta, g\u00e5 till dina webbl\u00e4sarinst\u00e4llningar. Se nedan f\u00f6r hj\u00e4lpguider f\u00f6r de vanligaste webbl\u00e4sarna:<\/p>\n<ul class=\"wp-block-list\">\n<li><a href=\"https:\/\/support.google.com\/accounts\/answer\/61416?hl=en\" target=\"_blank\" rel=\"noreferrer noopener\">Google Chrome<\/a><\/li>\n<li><a href=\"https:\/\/support.mozilla.org\/en-US\/kb\/enhanced-tracking-protection-firefox-desktop?redirectlocale=en-US&amp;redirectslug=enable-and-disable-cookies-website-preferences\" target=\"_blank\" rel=\"noreferrer noopener\">Firefox<\/a><\/li>\n<li><a href=\"https:\/\/support.microsoft.com\/pt-br\/help\/17442\/windows-internet-explorer-delete-manage-cookies\" target=\"_blank\" rel=\"noreferrer noopener\">Microsoft Edge<\/a><\/li>\n<li><a href=\"https:\/\/blogs.opera.com\/news\/2015\/08\/how-to-manage-cookies-in-opera\/\" target=\"_blank\" rel=\"noreferrer noopener\">Opera<\/a><\/li>\n<li><a href=\"https:\/\/support.apple.com\/pt-br\/guide\/safari\/sfri11471\/mac\" target=\"_blank\" rel=\"noreferrer noopener\">Safari&nbsp;<\/a>.<\/li>\n<\/ul>\n<h3 class=\"wp-block-heading\">Mer information<\/h3>\n<p>Vi hoppas att detta \u00e4r tydligt och, som tidigare n\u00e4mnts, om det \u00e4r n\u00e5got du \u00e4r os\u00e4ker p\u00e5 om du beh\u00f6ver det eller inte, \u00e4r det generellt s\u00e4krare att l\u00e5ta cookies vara aktiverade om du interagerar med n\u00e5gon av funktionerna du anv\u00e4nder p\u00e5 v\u00e5r webbplats.<\/p>","protected":false},"excerpt":{"rendered":"<p>A sua privacidade \u00e9 importante para n\u00f3s. \u00c9 pol\u00edtica do Jogos Online respeitar a sua privacidade em rela\u00e7\u00e3o a qualquer informa\u00e7\u00e3o sua que possamos coletar no site&nbsp;Jogos Online, e outros sites que possu\u00edmos e operamos. Solicitamos informa\u00e7\u00f5es pessoais apenas quando realmente precisamos delas para lhe fornecer um servi\u00e7o. Fazemo-lo por meios justos e legais, com [&hellip;]<\/p>\n","protected":false},"author":1,"featured_media":0,"parent":0,"menu_order":0,"comment_status":"closed","ping_status":"closed","template":"","meta":{"footnotes":""},"class_list":["post-324","page","type-page","status-publish"],"_links":{"self":[{"href":"https:\/\/jogosonlinegratis.blog.br\/sv\/wp-json\/wp\/v2\/pages\/324","targetHints":{"allow":["GET"]}}],"collection":[{"href":"https:\/\/jogosonlinegratis.blog.br\/sv\/wp-json\/wp\/v2\/pages"}],"about":[{"href":"https:\/\/jogosonlinegratis.blog.br\/sv\/wp-json\/wp\/v2\/types\/page"}],"author":[{"embeddable":true,"href":"https:\/\/jogosonlinegratis.blog.br\/sv\/wp-json\/wp\/v2\/users\/1"}],"replies":[{"embeddable":true,"href":"https:\/\/jogosonlinegratis.blog.br\/sv\/wp-json\/wp\/v2\/comments?post=324"}],"version-history":[{"count":5,"href":"https:\/\/jogosonlinegratis.blog.br\/sv\/wp-json\/wp\/v2\/pages\/324\/revisions"}],"predecessor-version":[{"id":482,"href":"https:\/\/jogosonlinegratis.blog.br\/sv\/wp-json\/wp\/v2\/pages\/324\/revisions\/482"}],"wp:attachment":[{"href":"https:\/\/jogosonlinegratis.blog.br\/sv\/wp-json\/wp\/v2\/media?parent=324"}],"curies":[{"name":"wp","href":"https:\/\/api.w.org\/{rel}","templated":true}]}}