{"id":332,"date":"2025-09-22T07:17:17","date_gmt":"2025-09-22T07:17:17","guid":{"rendered":"https:\/\/jogosonlinegratis.blog.br\/?page_id=332"},"modified":"2026-01-14T01:31:29","modified_gmt":"2026-01-14T01:31:29","slug":"%d0%ba%d0%be-%d1%81%d0%bc%d0%be-%d0%bc%d0%b8","status":"publish","type":"page","link":"https:\/\/jogosonlinegratis.blog.br\/sr\/quem-somos\/","title":{"rendered":"\u041a\u043e \u0441\u043c\u043e \u043c\u0438"},"content":{"rendered":"<p>\u041e\u043d\u043b\u0430\u0458\u043d \u0438\u0433\u0440\u0435 \u0441\u0443 \u043a\u0440\u0435\u0438\u0440\u0430\u043d\u0435 \u0437\u0430 \u043e\u043d\u0435 \u043a\u043e\u0458\u0438 \u0436\u0435\u043b\u0435 \u0434\u0430 \u0438\u0441\u0442\u0440\u0430\u0436\u0435 \u0441\u0432\u0435\u0442 \u0442\u0435\u0445\u043d\u043e\u043b\u043e\u0433\u0438\u0458\u0435 \u043d\u0430 \u0458\u0435\u0434\u043d\u043e\u0441\u0442\u0430\u0432\u0430\u043d \u0438 \u043f\u0440\u0438\u0441\u0442\u0443\u043f\u0430\u0447\u0430\u043d \u043d\u0430\u0447\u0438\u043d. \u041d\u0430\u0448 \u043f\u043e\u0440\u0442\u0430\u043b \u043e\u0431\u0458\u0435\u0434\u0438\u045a\u0443\u0458\u0435 \u0430\u043a\u0442\u0443\u0435\u043b\u0430\u043d \u0441\u0430\u0434\u0440\u0436\u0430\u0458 \u043e \u0430\u043f\u043b\u0438\u043a\u0430\u0446\u0438\u0458\u0430\u043c\u0430, \u0434\u0438\u0433\u0438\u0442\u0430\u043b\u043d\u0438\u043c \u0430\u043b\u0430\u0442\u0438\u043c\u0430 \u0438 \u0442\u0440\u0435\u043d\u0434\u043e\u0432\u0438\u043c\u0430 \u043a\u043e\u0458\u0438 \u043e\u043b\u0430\u043a\u0448\u0430\u0432\u0430\u0458\u0443 \u0432\u0430\u0448\u0443 \u0440\u0443\u0442\u0438\u043d\u0443 \u0438 \u043f\u0440\u043e\u0448\u0438\u0440\u0443\u0458\u0443 \u0432\u0430\u0448\u0435 \u043c\u043e\u0433\u0443\u045b\u043d\u043e\u0441\u0442\u0438 \u0443 \u043e\u043d\u043b\u0430\u0458\u043d \u0443\u043d\u0438\u0432\u0435\u0440\u0437\u0443\u043c\u0443.<\/p>\n<p>\u0418\u043c\u0430\u043c\u043e \u0442\u0438\u043c \u0441\u0442\u0440\u0430\u0441\u0442\u0432\u0435\u043d \u0437\u0430 \u0438\u043d\u043e\u0432\u0430\u0446\u0438\u0458\u0435, \u043a\u043e\u0458\u0438 \u0438\u0441\u0442\u0440\u0430\u0436\u0443\u0458\u0435, \u043f\u0440\u043e\u0446\u0435\u045a\u0443\u0458\u0435 \u0438 \u0434\u0435\u043b\u0438 \u0438\u043d\u0444\u043e\u0440\u043c\u0430\u0446\u0438\u0458\u0435 \u043d\u0430 \u0458\u0430\u0441\u0430\u043d \u0438 \u043e\u0431\u0458\u0435\u043a\u0442\u0438\u0432\u0430\u043d \u043d\u0430\u0447\u0438\u043d. \u041d\u0430\u0448 \u0444\u043e\u043a\u0443\u0441 \u0458\u0435 \u043d\u0430 \u0442\u043e\u043c\u0435 \u0434\u0430 \u0432\u0430\u043c \u043f\u043e\u043c\u043e\u0433\u043d\u0435\u043c\u043e \u0434\u0430 \u043e\u0442\u043a\u0440\u0438\u0458\u0435\u0442\u0435 \u043a\u043e\u0440\u0438\u0441\u043d\u0430 \u0438 \u043f\u0440\u0430\u043a\u0442\u0438\u0447\u043d\u0430 \u0440\u0435\u0448\u0435\u045a\u0430 \u043a\u043e\u0458\u0430 \u0437\u0430\u0438\u0441\u0442\u0430 \u043c\u043e\u0433\u0443 \u0442\u0440\u0430\u043d\u0441\u0444\u043e\u0440\u043c\u0438\u0441\u0430\u0442\u0438 \u0432\u0430\u0448 \u0434\u0438\u0433\u0438\u0442\u0430\u043b\u043d\u0438 \u0436\u0438\u0432\u043e\u0442.<\/p>\n<p>\u0421\u0430\u0432 \u0441\u0430\u0434\u0440\u0436\u0430\u0458 \u043d\u0430 \u0441\u0430\u0458\u0442\u0443 Jogos Online \u0458\u0435 \u043f\u0440\u043e\u0438\u0437\u0432\u0435\u0434\u0435\u043d \u043e\u0434\u0433\u043e\u0432\u043e\u0440\u043d\u043e \u0438 \u0437\u0430\u0441\u043d\u043e\u0432\u0430\u043d \u043d\u0430 \u043f\u0430\u0436\u0459\u0438\u0432\u043e\u0458 \u0430\u043d\u0430\u043b\u0438\u0437\u0438, \u043e\u0441\u0438\u0433\u0443\u0440\u0430\u0432\u0430\u0458\u0443\u045b\u0438 \u043a\u0432\u0430\u043b\u0438\u0442\u0435\u0442, \u043f\u043e\u0443\u0437\u0434\u0430\u043d\u043e\u0441\u0442 \u0438 \u0440\u0435\u043b\u0435\u0432\u0430\u043d\u0442\u043d\u043e\u0441\u0442. \u0422\u0435\u0436\u0438\u043c\u043e \u0434\u0430 \u043f\u0440\u0443\u0436\u0438\u043c\u043e \u043f\u043e\u0443\u0437\u0434\u0430\u043d\u0435 \u0438\u043d\u0444\u043e\u0440\u043c\u0430\u0446\u0438\u0458\u0435 \u043a\u043e\u0458\u0435 \u043f\u043e\u0434\u0440\u0436\u0430\u0432\u0430\u0458\u0443 \u0438\u043d\u0444\u043e\u0440\u043c\u0438\u0441\u0430\u043d\u0435 \u0438 \u0438\u043d\u0442\u0435\u043b\u0438\u0433\u0435\u043d\u0442\u043d\u0435 \u043e\u0434\u043b\u0443\u043a\u0435.<\/p>\n<p>\u0411\u0435\u0437 \u043e\u0431\u0437\u0438\u0440\u0430 \u0434\u0430 \u043b\u0438 \u0436\u0435\u043b\u0438\u0442\u0435 \u0434\u0430 \u043e\u0442\u043a\u0440\u0438\u0458\u0435\u0442\u0435 \u043d\u043e\u0432\u0443 \u0430\u043f\u043b\u0438\u043a\u0430\u0446\u0438\u0458\u0443, \u043d\u0430\u0443\u0447\u0438\u0442\u0435 \u0434\u0438\u0433\u0438\u0442\u0430\u043b\u043d\u0435 \u0432\u0435\u0448\u0442\u0438\u043d\u0435 \u0438\u043b\u0438 \u043f\u0440\u0430\u0442\u0438\u0442\u0435 \u0442\u0435\u0445\u043d\u043e\u043b\u043e\u0448\u043a\u0435 \u0438\u043d\u043e\u0432\u0430\u0446\u0438\u0458\u0435, Jogos Online \u0458\u0435 \u043f\u0440\u0430\u0432\u043e \u043c\u0435\u0441\u0442\u043e \u0437\u0430 \u043e\u043d\u0435 \u043a\u043e\u0458\u0438 \u0442\u0440\u0430\u0436\u0435 \u043f\u0440\u0430\u043a\u0442\u0438\u0447\u043d\u043e\u0441\u0442 \u0438 \u0438\u043d\u043e\u0432\u0430\u0446\u0438\u0458\u0435. \u041d\u0430\u0448\u0430 \u043f\u043e\u0441\u0432\u0435\u045b\u0435\u043d\u043e\u0441\u0442 \u0458\u0435 \u0434\u0430 \u0432\u0430\u0441 \u043f\u043e\u0432\u0435\u0436\u0435\u043c\u043e \u0441\u0430 \u043d\u0430\u0458\u0431\u043e\u0459\u043e\u043c \u0442\u0435\u0445\u043d\u043e\u043b\u043e\u0433\u0438\u0458\u043e\u043c, \u0443\u0432\u0435\u043a \u0443\u0437 \u0458\u0430\u0441\u043d\u043e\u045b\u0443 \u0438 \u043f\u043e\u0443\u0437\u0434\u0430\u043d\u043e\u0441\u0442.<\/p>","protected":false},"excerpt":{"rendered":"<p>O Jogos Online nasceu para quem deseja explorar o mundo da tecnologia de forma simples e acess\u00edvel. Nosso portal re\u00fane conte\u00fados atualizados sobre aplicativos, ferramentas digitais e tend\u00eancias que facilitam sua rotina e ampliam suas possibilidades no universo online. Contamos com uma equipe apaixonada por inova\u00e7\u00e3o, que pesquisa, avalia e compartilha informa\u00e7\u00f5es de forma clara [&hellip;]<\/p>\n","protected":false},"author":1,"featured_media":0,"parent":0,"menu_order":0,"comment_status":"closed","ping_status":"closed","template":"","meta":{"footnotes":""},"class_list":["post-332","page","type-page","status-publish"],"_links":{"self":[{"href":"https:\/\/jogosonlinegratis.blog.br\/sr\/wp-json\/wp\/v2\/pages\/332","targetHints":{"allow":["GET"]}}],"collection":[{"href":"https:\/\/jogosonlinegratis.blog.br\/sr\/wp-json\/wp\/v2\/pages"}],"about":[{"href":"https:\/\/jogosonlinegratis.blog.br\/sr\/wp-json\/wp\/v2\/types\/page"}],"author":[{"embeddable":true,"href":"https:\/\/jogosonlinegratis.blog.br\/sr\/wp-json\/wp\/v2\/users\/1"}],"replies":[{"embeddable":true,"href":"https:\/\/jogosonlinegratis.blog.br\/sr\/wp-json\/wp\/v2\/comments?post=332"}],"version-history":[{"count":3,"href":"https:\/\/jogosonlinegratis.blog.br\/sr\/wp-json\/wp\/v2\/pages\/332\/revisions"}],"predecessor-version":[{"id":481,"href":"https:\/\/jogosonlinegratis.blog.br\/sr\/wp-json\/wp\/v2\/pages\/332\/revisions\/481"}],"wp:attachment":[{"href":"https:\/\/jogosonlinegratis.blog.br\/sr\/wp-json\/wp\/v2\/media?parent=332"}],"curies":[{"name":"\u0412\u041f","href":"https:\/\/api.w.org\/{rel}","templated":true}]}}