{"id":332,"date":"2025-09-22T07:17:17","date_gmt":"2025-09-22T07:17:17","guid":{"rendered":"https:\/\/jogosonlinegratis.blog.br\/?page_id=332"},"modified":"2026-01-14T01:31:29","modified_gmt":"2026-01-14T01:31:29","slug":"kdo-smo","status":"publish","type":"page","link":"https:\/\/jogosonlinegratis.blog.br\/sl\/quem-somos\/","title":{"rendered":"Kdo smo"},"content":{"rendered":"<p>Spletne igre so bile ustvarjene za tiste, ki \u017eelijo na preprost in dostopen na\u010din raziskati svet tehnologije. Na\u0161 portal zdru\u017euje najnovej\u0161e vsebine o aplikacijah, digitalnih orodjih in trendih, ki vam olaj\u0161ajo rutino in raz\u0161irijo va\u0161e mo\u017enosti v spletnem vesolju.<\/p>\n<p>Imamo ekipo, ki je navdu\u0161ena nad inovacijami in raziskuje, ocenjuje ter deli informacije na jasen in objektiven na\u010din. Na\u0161 cilj je pomagati vam odkriti uporabne in prakti\u010dne re\u0161itve, ki lahko resni\u010dno spremenijo va\u0161e digitalno \u017eivljenje.<\/p>\n<p>Vsa vsebina na spletni strani Jogos Online je ustvarjena odgovorno in temelji na skrbni analizi, kar zagotavlja kakovost, zanesljivost in ustreznost. Prizadevamo si za zagotavljanje zanesljivih informacij, ki podpirajo premi\u0161ljene in inteligentne odlo\u010ditve.<\/p>\n<p>Ne glede na to, ali i\u0161\u010dete novo aplikacijo, se u\u010dite digitalnih ve\u0161\u010din ali ste na teko\u010dem s tehnolo\u0161kimi inovacijami, je Jogos Online pravo mesto za tiste, ki i\u0161\u010dejo udobje in inovacije. Na\u0161a zaveza je, da vas pove\u017eemo z najbolj\u0161o tehnologijo, vedno z jasnostjo in zanesljivostjo.<\/p>","protected":false},"excerpt":{"rendered":"<p>O Jogos Online nasceu para quem deseja explorar o mundo da tecnologia de forma simples e acess\u00edvel. Nosso portal re\u00fane conte\u00fados atualizados sobre aplicativos, ferramentas digitais e tend\u00eancias que facilitam sua rotina e ampliam suas possibilidades no universo online. Contamos com uma equipe apaixonada por inova\u00e7\u00e3o, que pesquisa, avalia e compartilha informa\u00e7\u00f5es de forma clara [&hellip;]<\/p>\n","protected":false},"author":1,"featured_media":0,"parent":0,"menu_order":0,"comment_status":"closed","ping_status":"closed","template":"","meta":{"footnotes":""},"class_list":["post-332","page","type-page","status-publish"],"_links":{"self":[{"href":"https:\/\/jogosonlinegratis.blog.br\/sl\/wp-json\/wp\/v2\/pages\/332","targetHints":{"allow":["GET"]}}],"collection":[{"href":"https:\/\/jogosonlinegratis.blog.br\/sl\/wp-json\/wp\/v2\/pages"}],"about":[{"href":"https:\/\/jogosonlinegratis.blog.br\/sl\/wp-json\/wp\/v2\/types\/page"}],"author":[{"embeddable":true,"href":"https:\/\/jogosonlinegratis.blog.br\/sl\/wp-json\/wp\/v2\/users\/1"}],"replies":[{"embeddable":true,"href":"https:\/\/jogosonlinegratis.blog.br\/sl\/wp-json\/wp\/v2\/comments?post=332"}],"version-history":[{"count":3,"href":"https:\/\/jogosonlinegratis.blog.br\/sl\/wp-json\/wp\/v2\/pages\/332\/revisions"}],"predecessor-version":[{"id":481,"href":"https:\/\/jogosonlinegratis.blog.br\/sl\/wp-json\/wp\/v2\/pages\/332\/revisions\/481"}],"wp:attachment":[{"href":"https:\/\/jogosonlinegratis.blog.br\/sl\/wp-json\/wp\/v2\/media?parent=332"}],"curies":[{"name":"delovni list","href":"https:\/\/api.w.org\/{rel}","templated":true}]}}