{"id":332,"date":"2025-09-22T07:17:17","date_gmt":"2025-09-22T07:17:17","guid":{"rendered":"https:\/\/jogosonlinegratis.blog.br\/?page_id=332"},"modified":"2026-01-14T01:31:29","modified_gmt":"2026-01-14T01:31:29","slug":"kto-sme","status":"publish","type":"page","link":"https:\/\/jogosonlinegratis.blog.br\/sk\/quem-somos\/","title":{"rendered":"Kto sme"},"content":{"rendered":"<p>Online hry boli vytvoren\u00e9 pre t\u00fdch, ktor\u00ed chc\u00fa presk\u00fama\u0165 svet technol\u00f3gi\u00ed jednoduch\u00fdm a pr\u00edstupn\u00fdm sp\u00f4sobom. N\u00e1\u0161 port\u00e1l zdru\u017euje aktu\u00e1lny obsah o aplik\u00e1ci\u00e1ch, digit\u00e1lnych n\u00e1strojoch a trendoch, ktor\u00e9 v\u00e1m u\u013eah\u010dia rutinu a roz\u0161\u00edria va\u0161e mo\u017enosti v online svete.<\/p>\n<p>M\u00e1me t\u00edm nad\u0161en\u00fd pre inov\u00e1cie, ktor\u00fd sk\u00fama, vyhodnocuje a zdie\u013ea inform\u00e1cie jasn\u00fdm a objekt\u00edvnym sp\u00f4sobom. Zameriavame sa na to, aby sme v\u00e1m pomohli objavi\u0165 u\u017eito\u010dn\u00e9 a praktick\u00e9 rie\u0161enia, ktor\u00e9 m\u00f4\u017eu skuto\u010dne transformova\u0165 v\u00e1\u0161 digit\u00e1lny \u017eivot.<\/p>\n<p>V\u0161etok obsah na str\u00e1nke Jogos Online je vytv\u00e1ran\u00fd zodpovedne a na z\u00e1klade d\u00f4kladnej anal\u00fdzy, ktor\u00e1 zabezpe\u010duje kvalitu, spo\u013eahlivos\u0165 a relevantnos\u0165. Sna\u017e\u00edme sa poskytova\u0165 spo\u013eahliv\u00e9 inform\u00e1cie, ktor\u00e9 podporuj\u00fa informovan\u00e9 a inteligentn\u00e9 rozhodnutia.<\/p>\n<p>\u010ci u\u017e h\u013ead\u00e1te nov\u00fa aplik\u00e1ciu, u\u010d\u00edte sa digit\u00e1lne zru\u010dnosti alebo sledujete technologick\u00e9 inov\u00e1cie, Jogos Online je t\u00fdm spr\u00e1vnym miestom pre t\u00fdch, ktor\u00ed h\u013eadaj\u00fa pohodlie a inov\u00e1cie. Na\u0161\u00edm z\u00e1v\u00e4zkom je spoji\u0165 v\u00e1s s t\u00fdm najlep\u0161\u00edm z technol\u00f3gi\u00ed, v\u017edy s preh\u013eadnos\u0165ou a spo\u013eahlivos\u0165ou.<\/p>","protected":false},"excerpt":{"rendered":"<p>O Jogos Online nasceu para quem deseja explorar o mundo da tecnologia de forma simples e acess\u00edvel. Nosso portal re\u00fane conte\u00fados atualizados sobre aplicativos, ferramentas digitais e tend\u00eancias que facilitam sua rotina e ampliam suas possibilidades no universo online. Contamos com uma equipe apaixonada por inova\u00e7\u00e3o, que pesquisa, avalia e compartilha informa\u00e7\u00f5es de forma clara [&hellip;]<\/p>\n","protected":false},"author":1,"featured_media":0,"parent":0,"menu_order":0,"comment_status":"closed","ping_status":"closed","template":"","meta":{"footnotes":""},"class_list":["post-332","page","type-page","status-publish"],"_links":{"self":[{"href":"https:\/\/jogosonlinegratis.blog.br\/sk\/wp-json\/wp\/v2\/pages\/332","targetHints":{"allow":["GET"]}}],"collection":[{"href":"https:\/\/jogosonlinegratis.blog.br\/sk\/wp-json\/wp\/v2\/pages"}],"about":[{"href":"https:\/\/jogosonlinegratis.blog.br\/sk\/wp-json\/wp\/v2\/types\/page"}],"author":[{"embeddable":true,"href":"https:\/\/jogosonlinegratis.blog.br\/sk\/wp-json\/wp\/v2\/users\/1"}],"replies":[{"embeddable":true,"href":"https:\/\/jogosonlinegratis.blog.br\/sk\/wp-json\/wp\/v2\/comments?post=332"}],"version-history":[{"count":3,"href":"https:\/\/jogosonlinegratis.blog.br\/sk\/wp-json\/wp\/v2\/pages\/332\/revisions"}],"predecessor-version":[{"id":481,"href":"https:\/\/jogosonlinegratis.blog.br\/sk\/wp-json\/wp\/v2\/pages\/332\/revisions\/481"}],"wp:attachment":[{"href":"https:\/\/jogosonlinegratis.blog.br\/sk\/wp-json\/wp\/v2\/media?parent=332"}],"curies":[{"name":"pracovn\u00fd list","href":"https:\/\/api.w.org\/{rel}","templated":true}]}}