{"id":332,"date":"2025-09-22T07:17:17","date_gmt":"2025-09-22T07:17:17","guid":{"rendered":"https:\/\/jogosonlinegratis.blog.br\/?page_id=332"},"modified":"2026-01-14T01:31:29","modified_gmt":"2026-01-14T01:31:29","slug":"cine-suntem","status":"publish","type":"page","link":"https:\/\/jogosonlinegratis.blog.br\/ro\/quem-somos\/","title":{"rendered":"Cine suntem"},"content":{"rendered":"<p>Jocuri Online a fost creat pentru cei care doresc s\u0103 exploreze lumea tehnologiei \u00eentr-un mod simplu \u0219i accesibil. Portalul nostru reune\u0219te con\u021binut actualizat despre aplica\u021bii, instrumente digitale \u0219i tendin\u021be care v\u0103 u\u0219ureaz\u0103 rutina \u0219i v\u0103 extind posibilit\u0103\u021bile \u00een universul online.<\/p>\n<p>Avem o echip\u0103 pasionat\u0103 de inova\u021bie, care cerceteaz\u0103, evalueaz\u0103 \u0219i \u00eemp\u0103rt\u0103\u0219e\u0219te informa\u021bii \u00eentr-un mod clar \u0219i obiectiv. Ne concentr\u0103m pe a v\u0103 ajuta s\u0103 descoperi\u021bi solu\u021bii utile \u0219i practice care v\u0103 pot transforma cu adev\u0103rat via\u021ba digital\u0103.<\/p>\n<p>Tot con\u021binutul de pe Jogos Online este produs \u00een mod responsabil \u0219i se bazeaz\u0103 pe analize atente, asigur\u00e2nd calitatea, fiabilitatea \u0219i relevan\u021ba. Ne str\u0103duim s\u0103 oferim informa\u021bii fiabile care s\u0103 sus\u021bin\u0103 decizii informate \u0219i inteligente.<\/p>\n<p>Indiferent dac\u0103 dore\u0219ti s\u0103 descoperi o aplica\u021bie nou\u0103, s\u0103 \u00eenve\u021bi abilit\u0103\u021bi digitale sau s\u0103 fii la curent cu inova\u021biile tehnologice, Jogos Online este locul potrivit pentru cei care caut\u0103 confort \u0219i inova\u021bie. Angajamentul nostru este s\u0103 te conect\u0103m cu cele mai bune tehnologii, \u00eentotdeauna cu claritate \u0219i fiabilitate.<\/p>","protected":false},"excerpt":{"rendered":"<p>O Jogos Online nasceu para quem deseja explorar o mundo da tecnologia de forma simples e acess\u00edvel. Nosso portal re\u00fane conte\u00fados atualizados sobre aplicativos, ferramentas digitais e tend\u00eancias que facilitam sua rotina e ampliam suas possibilidades no universo online. Contamos com uma equipe apaixonada por inova\u00e7\u00e3o, que pesquisa, avalia e compartilha informa\u00e7\u00f5es de forma clara [&hellip;]<\/p>\n","protected":false},"author":1,"featured_media":0,"parent":0,"menu_order":0,"comment_status":"closed","ping_status":"closed","template":"","meta":{"footnotes":""},"class_list":["post-332","page","type-page","status-publish"],"_links":{"self":[{"href":"https:\/\/jogosonlinegratis.blog.br\/ro\/wp-json\/wp\/v2\/pages\/332","targetHints":{"allow":["GET"]}}],"collection":[{"href":"https:\/\/jogosonlinegratis.blog.br\/ro\/wp-json\/wp\/v2\/pages"}],"about":[{"href":"https:\/\/jogosonlinegratis.blog.br\/ro\/wp-json\/wp\/v2\/types\/page"}],"author":[{"embeddable":true,"href":"https:\/\/jogosonlinegratis.blog.br\/ro\/wp-json\/wp\/v2\/users\/1"}],"replies":[{"embeddable":true,"href":"https:\/\/jogosonlinegratis.blog.br\/ro\/wp-json\/wp\/v2\/comments?post=332"}],"version-history":[{"count":3,"href":"https:\/\/jogosonlinegratis.blog.br\/ro\/wp-json\/wp\/v2\/pages\/332\/revisions"}],"predecessor-version":[{"id":481,"href":"https:\/\/jogosonlinegratis.blog.br\/ro\/wp-json\/wp\/v2\/pages\/332\/revisions\/481"}],"wp:attachment":[{"href":"https:\/\/jogosonlinegratis.blog.br\/ro\/wp-json\/wp\/v2\/media?parent=332"}],"curies":[{"name":"wp","href":"https:\/\/api.w.org\/{rel}","templated":true}]}}