{"id":324,"date":"2025-09-22T07:13:50","date_gmt":"2025-09-22T07:13:50","guid":{"rendered":"https:\/\/jogosonlinegratis.blog.br\/?page_id=324"},"modified":"2026-01-14T01:31:42","modified_gmt":"2026-01-14T01:31:42","slug":"politica-de-confidentialitate","status":"publish","type":"page","link":"https:\/\/jogosonlinegratis.blog.br\/ro\/politica-de-privacidade\/","title":{"rendered":"Politica de confiden\u021bialitate"},"content":{"rendered":"<p>Confiden\u021bialitatea dumneavoastr\u0103 este important\u0103 pentru noi. Politica Jogos Online este de a respecta confiden\u021bialitatea dumneavoastr\u0103 cu privire la orice informa\u021bii pe care le putem colecta de la dumneavoastr\u0103 pe site-ul web Jogos Online \u0219i pe alte site-uri pe care le de\u021binem \u0219i le oper\u0103m.<\/p>\n<p>Solicit\u0103m informa\u021bii personale doar atunci c\u00e2nd avem cu adev\u0103rat nevoie de ele pentru a v\u0103 oferi un serviciu. Facem acest lucru \u00een mod corect \u0219i legal, cu cuno\u0219tin\u021ba \u0219i consim\u021b\u0103m\u00e2ntul dumneavoastr\u0103. De asemenea, v\u0103 inform\u0103m de ce le colect\u0103m \u0219i cum vor fi utilizate.<\/p>\n<p>P\u0103str\u0103m informa\u021biile colectate doar at\u00e2t timp c\u00e2t este necesar pentru a furniza serviciul solicitat. Atunci c\u00e2nd stoc\u0103m date, le protej\u0103m prin mijloace acceptabile din punct de vedere comercial pentru a preveni pierderea \u0219i furtul, precum \u0219i accesul, divulgarea, copierea, utilizarea sau modificarea neautorizat\u0103.<\/p>\n<p>Nu \u00eemp\u0103rt\u0103\u0219im informa\u021bii personale de identificare public sau cu ter\u021be p\u0103r\u021bi, cu excep\u021bia cazurilor \u00een care legea o impune.<\/p>\n<p>Site-ul nostru web poate con\u021bine link-uri c\u0103tre site-uri externe care nu sunt operate de noi. V\u0103 rug\u0103m s\u0103 re\u021bine\u021bi c\u0103 nu avem control asupra con\u021binutului \u0219i practicilor acestor site-uri \u0219i nu ne putem asuma responsabilitatea pentru politicile lor de confiden\u021bialitate respective.<\/p>\n<p>Sunte\u021bi liber s\u0103 refuza\u021bi solicitarea noastr\u0103 de informa\u021bii personale, \u00een\u021beleg\u00e2nd c\u0103 este posibil s\u0103 nu v\u0103 putem oferi unele dintre serviciile dorite.<\/p>\n<p>Utilizarea \u00een continuare a site-ului nostru web va fi considerat\u0103 o acceptare a practicilor noastre privind confiden\u021bialitatea \u0219i informa\u021biile personale. Dac\u0103 ave\u021bi \u00eentreb\u0103ri despre modul \u00een care gestion\u0103m datele utilizatorilor \u0219i informa\u021biile personale, v\u0103 rug\u0103m s\u0103 ne contacta\u021bi.<\/p>\n<h2 class=\"wp-block-heading\">Securitatea \u0219i \u00eencrederea site-ului web de jocuri online<\/h2>\n<p>Site-ul web este fiabil \u0219i sigur pentru navigarea utilizatorilor, a\u0219a cum a declarat [sursa\/compania].&nbsp;<a target=\"_BLANK\" href=\"https:\/\/confiavel.com.br\/Jogos Online.com\" rel=\"noreferrer noopener\">Verificare<\/a>. Pagina verific\u0103 informa\u021biile site-ului web pentru a identifica poten\u021biale probleme de securitate. Activitatea de navigare este verificat\u0103 de instrument.&nbsp;<a target=\"_BLANK\" href=\"https:\/\/transparencyreport.google.com\/safe-browsing\/search?url=Jogos Online.com\" rel=\"noreferrer noopener\">Securitatea Google<\/a>&nbsp;Asta arat\u0103 c\u0103 site-ul este securizat.<\/p>\n<h2 class=\"wp-block-heading\">Politica privind cookie-urile pentru jocuri online<\/h2>\n<h3 class=\"wp-block-heading\">Ce sunt cookie-urile?<\/h3>\n<p>A\u0219a cum este practica obi\u0219nuit\u0103 la aproape toate site-urile web profesionale, acest site utilizeaz\u0103 cookie-uri, care sunt fi\u0219iere mici desc\u0103rcate pe computer, pentru a v\u0103 \u00eembun\u0103t\u0103\u021bi experien\u021ba. Aceast\u0103 pagin\u0103 descrie ce informa\u021bii colecteaz\u0103, cum le folosim \u0219i de ce uneori trebuie s\u0103 stoc\u0103m aceste cookie-uri. De asemenea, v\u0103 vom \u00eemp\u0103rt\u0103\u0219i cum pute\u021bi \u00eempiedica stocarea acestor cookie-uri, \u00eens\u0103 acest lucru poate reduce sau \u2018defecta\u2019 anumite elemente ale func\u021bionalit\u0103\u021bii site-ului.<\/p>\n<h3 class=\"wp-block-heading\">Cum folosim cookie-urile?<\/h3>\n<p>Folosim cookie-uri din diverse motive, detaliate mai jos. Din p\u0103cate, \u00een majoritatea cazurilor, nu exist\u0103 op\u021biuni standard \u00een industrie pentru dezactivarea cookie-urilor f\u0103r\u0103 a dezactiva complet func\u021bionalitatea \u0219i caracteristicile pe care le adaug\u0103 acestui site. Este recomandat s\u0103 l\u0103sa\u021bi toate cookie-urile activate dac\u0103 nu sunte\u021bi sigur dac\u0103 ave\u021bi nevoie de ele sau nu, \u00een cazul \u00een care acestea sunt utilizate pentru a furniza un serviciu pe care \u00eel utiliza\u021bi.<\/p>\n<h3 class=\"wp-block-heading\">Dezactiva\u021bi cookie-urile<\/h3>\n<p>Pute\u021bi \u00eempiedica setarea cookie-urilor prin ajustarea set\u0103rilor browserului dvs. (consulta\u021bi sec\u021biunea de ajutor a browserului pentru a afla cum s\u0103 face\u021bi acest lucru). Re\u021bine\u021bi c\u0103 dezactivarea cookie-urilor va afecta func\u021bionalitatea acestui site \u0219i a multor altor site-uri web pe care le vizita\u021bi. Dezactivarea cookie-urilor va duce, de obicei, \u0219i la dezactivarea anumitor func\u021bionalit\u0103\u021bi \u0219i caracteristici ale acestui site. Prin urmare, este recomandat s\u0103 nu dezactiva\u021bi cookie-urile.<\/p>\n<h3 class=\"wp-block-heading\">Cookie-urile pe care le set\u0103m<\/h3>\n<ul class=\"wp-block-list\">\n<li>Cookie-uri legate de cont\n<p>Dac\u0103 v\u0103 crea\u021bi un cont la noi, vom folosi cookie-uri pentru a gestiona procesul de \u00eenregistrare \u0219i administrarea general\u0103. Aceste cookie-uri vor fi, \u00een general, \u0219terse c\u00e2nd v\u0103 deconecta\u021bi din sistem, \u00eens\u0103, \u00een unele cazuri, acestea pot r\u0103m\u00e2ne ulterior pentru a v\u0103 aminti preferin\u021bele site-ului atunci c\u00e2nd p\u0103r\u0103si\u021bi site-ul.<\/li>\n<li>Cookie-uri legate de conectare\n<p>Folosim cookie-uri atunci c\u00e2nd sunte\u021bi conectat (\u0103), pentru a ne putea aminti aceast\u0103 ac\u021biune. Acest lucru v\u0103 \u00eempiedic\u0103 s\u0103 v\u0103 conecta\u021bi de fiecare dat\u0103 c\u00e2nd vizita\u021bi o pagin\u0103 nou\u0103. Aceste cookie-uri sunt \u00een mod normal eliminate sau \u0219terse atunci c\u00e2nd v\u0103 deconecta\u021bi, pentru a ne asigura c\u0103 pute\u021bi accesa resurse \u0219i zone restric\u021bionate doar atunci c\u00e2nd sunte\u021bi conectat (\u0103).<\/li>\n<li>Cookie-uri legate de newsletterele prin e-mail\n<p>Acest site web ofer\u0103 servicii de abonare la newsletter sau e-mail, iar cookie-urile pot fi utilizate pentru a re\u021bine dac\u0103 sunte\u021bi deja \u00eenregistrat \u0219i dac\u0103 s\u0103 afi\u0219a\u021bi anumite notific\u0103ri care sunt valabile doar pentru utilizatorii abona\u021bi\/neabona\u021bi.<\/li>\n<li>Cookie-uri legate de procesarea comenzilor\n<p>Acest site web ofer\u0103 facilit\u0103\u021bi de comer\u021b electronic \u0219i plat\u0103, iar unele cookie-uri sunt esen\u021biale pentru a ne asigura c\u0103 comanda dvs. este memorat\u0103 \u00eentre pagini, astfel \u00eenc\u00e2t s\u0103 o putem procesa corect.<\/li>\n<li>Cookie-uri legate de c\u0103ut\u0103ri\n<p>Periodic, oferim sondaje \u0219i chestionare pentru a oferi informa\u021bii interesante, instrumente utile sau pentru a \u00een\u021belege mai bine baza noastr\u0103 de utilizatori. Aceste sondaje pot utiliza cookie-uri pentru a-\u0219i aminti cine a participat deja la un sondaj sau pentru a oferi rezultate precise dup\u0103 modific\u0103rile paginii.<\/li>\n<li>Cookie-uri legate de formulare\n<p>C\u00e2nd trimite\u021bi date prin intermediul unui formular, cum ar fi cele g\u0103site pe paginile de contact sau formularele de comentarii, pot fi setate cookie-uri pentru a re\u021bine datele dvs. de utilizator pentru coresponden\u021ba viitoare.<\/li>\n<li>Cookie-uri pentru preferin\u021bele site-ului\n<p>Pentru a v\u0103 oferi o experien\u021b\u0103 excelent\u0103 pe acest site, oferim func\u021bionalit\u0103\u021bi pentru a v\u0103 seta preferin\u021bele privind modul \u00een care se comport\u0103 acest site atunci c\u00e2nd \u00eel utiliza\u021bi. Pentru a v\u0103 aminti preferin\u021bele, trebuie s\u0103 set\u0103m cookie-uri, astfel \u00eenc\u00e2t aceste informa\u021bii s\u0103 poat\u0103 fi recuperate de fiecare dat\u0103 c\u00e2nd interac\u021biona\u021bi cu o pagin\u0103 care este afectat\u0103 de preferin\u021bele dumneavoastr\u0103.<\/li>\n<\/ul>\n<h3 class=\"wp-block-heading\">Cookie-uri ter\u021be<\/h3>\n<p>\u00cen anumite cazuri speciale, folosim \u0219i cookie-uri furnizate de ter\u021bi de \u00eencredere. Urm\u0103toarea sec\u021biune detaliaz\u0103 cookie-urile ter\u021be pe care le pute\u021bi \u00eent\u00e2lni prin intermediul acestui site web.<\/p>\n<ul class=\"wp-block-list\">\n<li>Acest site folose\u0219te&nbsp;<a href=\"https:\/\/analytics.google.com\/analytics\/web\/\">Google Analytics<\/a>, Aceasta este una dintre cele mai r\u0103sp\u00e2ndite \u0219i de \u00eencredere solu\u021bii de analiz\u0103 de pe web, care ne ajut\u0103 s\u0103 \u00een\u021belegem cum utiliza\u021bi site-ul \u0219i cum v\u0103 putem \u00eembun\u0103t\u0103\u021bi experien\u021ba. Aceste cookie-uri pot urm\u0103ri lucruri precum c\u00e2t timp petrece\u021bi pe site \u0219i paginile pe care le vizita\u021bi, astfel \u00eenc\u00e2t s\u0103 putem continua s\u0103 producem con\u021binut captivant.<\/li>\n<\/ul>\n<p>Pentru mai multe informa\u021bii despre cookie-urile Google Analytics, v\u0103 rug\u0103m s\u0103 vizita\u021bi pagina oficial\u0103 Google Analytics.<\/p>\n<ul class=\"wp-block-list\">\n<li>Analizele ter\u021be sunt utilizate pentru a urm\u0103ri \u0219i m\u0103sura utilizarea acestui site, astfel \u00eenc\u00e2t s\u0103 putem continua s\u0103 producem con\u021binut captivant. Aceste cookie-uri pot urm\u0103ri lucruri precum c\u00e2t timp petrece\u021bi pe site sau pe paginile pe care le vizita\u021bi, ceea ce ne ajut\u0103 s\u0103 \u00een\u021belegem cum putem \u00eembun\u0103t\u0103\u021bi site-ul pentru dvs.<\/li>\n<li>Periodic, test\u0103m noi func\u021bii \u0219i facem modific\u0103ri subtile la modul \u00een care site-ul se prezint\u0103. \u00cen timp ce test\u0103m noi func\u021bii, aceste cookie-uri pot fi utilizate pentru a v\u0103 asigura o experien\u021b\u0103 consistent\u0103 pe site, \u00een timp ce \u00een\u021belegem ce optimiz\u0103ri apreciaz\u0103 cel mai mult utilizatorii no\u0219tri.<\/li>\n<li>Pe m\u0103sur\u0103 ce vindem produse, este important pentru noi s\u0103 \u00een\u021belegem statisticile privind c\u00e2\u021bi dintre vizitatorii site-ului nostru web efectueaz\u0103 efectiv o achizi\u021bie, iar acesta este tipul de date pe care aceste cookie-uri le vor urm\u0103ri. Acest lucru este important pentru dvs., deoarece \u00eenseamn\u0103 c\u0103 putem face predic\u021bii comerciale precise care ne permit s\u0103 analiz\u0103m costurile publicit\u0103\u021bii \u0219i ale produselor noastre pentru a asigura cel mai bun pre\u021b posibil.<\/li>\n<\/ul>\n<h3 class=\"wp-block-heading\">Angajamentul utilizatorului<\/h3>\n<p>Utilizatorul este de acord s\u0103 utilizeze \u00een mod corespunz\u0103tor con\u021binutul \u0219i informa\u021biile oferite de Jogos Online pe site, inclusiv, dar f\u0103r\u0103 a se limita la:<\/p>\n<ul class=\"wp-block-list\">\n<li>A) S\u0103 nu se angajeze \u00een activit\u0103\u021bi ilegale sau contrare bunei-credin\u021be \u0219i ordinii publice;<\/li>\n<li>B) S\u0103 nu disemineze propagand\u0103 sau con\u021binut cu caracter rasist sau xenofob, sau legat de jocuri de noroc, jocuri de noroc, orice tip de pornografie ilegal\u0103 sau con\u021binut care promoveaz\u0103 terorismul sau \u00eencalc\u0103 drepturile omului;<\/li>\n<li>C) S\u0103 nu provoace daune sistemelor fizice (hardware) \u0219i logice (software) ale Jocurilor Online, furnizorilor acestora sau ter\u021bilor, prin introducerea sau r\u0103sp\u00e2ndirea de viru\u0219i informatici sau a oric\u0103ror alte sisteme hardware sau software capabile s\u0103 provoace daunele men\u021bionate anterior.<\/li>\n<\/ul>\n<h3 class=\"wp-block-heading\">Bloca\u021bi cookie-urile:<\/h3>\n<p>Utilizatorii pot bloca \u0219i\/sau dezactiva cookie-urile de pe orice site web, inclusiv al nostru, \u00een orice moment. Pentru a face acest lucru, accesa\u021bi set\u0103rile browserului dvs. Consulta\u021bi mai jos ghidurile de ajutor pentru principalele browsere:<\/p>\n<ul class=\"wp-block-list\">\n<li><a href=\"https:\/\/support.google.com\/accounts\/answer\/61416?hl=en\" target=\"_blank\" rel=\"noreferrer noopener\">Google Chrome<\/a><\/li>\n<li><a href=\"https:\/\/support.mozilla.org\/en-US\/kb\/enhanced-tracking-protection-firefox-desktop?redirectlocale=en-US&amp;redirectslug=enable-and-disable-cookies-website-preferences\" target=\"_blank\" rel=\"noreferrer noopener\">Firefox<\/a><\/li>\n<li><a href=\"https:\/\/support.microsoft.com\/pt-br\/help\/17442\/windows-internet-explorer-delete-manage-cookies\" target=\"_blank\" rel=\"noreferrer noopener\">Microsoft Edge<\/a><\/li>\n<li><a href=\"https:\/\/blogs.opera.com\/news\/2015\/08\/how-to-manage-cookies-in-opera\/\" target=\"_blank\" rel=\"noreferrer noopener\">Oper\u0103<\/a><\/li>\n<li><a href=\"https:\/\/support.apple.com\/pt-br\/guide\/safari\/sfri11471\/mac\" target=\"_blank\" rel=\"noreferrer noopener\">Safari&nbsp;<\/a>.<\/li>\n<\/ul>\n<h3 class=\"wp-block-heading\">Mai multe informa\u021bii<\/h3>\n<p>Sper\u0103m c\u0103 acest lucru este clar \u0219i, a\u0219a cum am men\u021bionat anterior, dac\u0103 exist\u0103 ceva despre care nu sunte\u021bi sigur dac\u0103 ave\u021bi nevoie sau nu de ele, este \u00een general mai sigur s\u0103 l\u0103sa\u021bi cookie-urile activate \u00een cazul \u00een care interac\u021biona\u021bi cu una dintre func\u021biile pe care le utiliza\u021bi pe site-ul nostru web.<\/p>","protected":false},"excerpt":{"rendered":"<p>A sua privacidade \u00e9 importante para n\u00f3s. \u00c9 pol\u00edtica do Jogos Online respeitar a sua privacidade em rela\u00e7\u00e3o a qualquer informa\u00e7\u00e3o sua que possamos coletar no site&nbsp;Jogos Online, e outros sites que possu\u00edmos e operamos. Solicitamos informa\u00e7\u00f5es pessoais apenas quando realmente precisamos delas para lhe fornecer um servi\u00e7o. Fazemo-lo por meios justos e legais, com [&hellip;]<\/p>\n","protected":false},"author":1,"featured_media":0,"parent":0,"menu_order":0,"comment_status":"closed","ping_status":"closed","template":"","meta":{"footnotes":""},"class_list":["post-324","page","type-page","status-publish"],"_links":{"self":[{"href":"https:\/\/jogosonlinegratis.blog.br\/ro\/wp-json\/wp\/v2\/pages\/324","targetHints":{"allow":["GET"]}}],"collection":[{"href":"https:\/\/jogosonlinegratis.blog.br\/ro\/wp-json\/wp\/v2\/pages"}],"about":[{"href":"https:\/\/jogosonlinegratis.blog.br\/ro\/wp-json\/wp\/v2\/types\/page"}],"author":[{"embeddable":true,"href":"https:\/\/jogosonlinegratis.blog.br\/ro\/wp-json\/wp\/v2\/users\/1"}],"replies":[{"embeddable":true,"href":"https:\/\/jogosonlinegratis.blog.br\/ro\/wp-json\/wp\/v2\/comments?post=324"}],"version-history":[{"count":5,"href":"https:\/\/jogosonlinegratis.blog.br\/ro\/wp-json\/wp\/v2\/pages\/324\/revisions"}],"predecessor-version":[{"id":482,"href":"https:\/\/jogosonlinegratis.blog.br\/ro\/wp-json\/wp\/v2\/pages\/324\/revisions\/482"}],"wp:attachment":[{"href":"https:\/\/jogosonlinegratis.blog.br\/ro\/wp-json\/wp\/v2\/media?parent=324"}],"curies":[{"name":"wp","href":"https:\/\/api.w.org\/{rel}","templated":true}]}}