{"id":332,"date":"2025-09-22T07:17:17","date_gmt":"2025-09-22T07:17:17","guid":{"rendered":"https:\/\/jogosonlinegratis.blog.br\/?page_id=332"},"modified":"2026-01-14T01:31:29","modified_gmt":"2026-01-14T01:31:29","slug":"kim-jestesmy","status":"publish","type":"page","link":"https:\/\/jogosonlinegratis.blog.br\/pl\/quem-somos\/","title":{"rendered":"Kim jeste\u015bmy"},"content":{"rendered":"<p>Gry Online zosta\u0142y stworzone dla tych, kt\u00f3rzy chc\u0105 odkrywa\u0107 \u015bwiat technologii w prosty i przyst\u0119pny spos\u00f3b. Nasz portal gromadzi aktualne tre\u015bci dotycz\u0105ce aplikacji, narz\u0119dzi cyfrowych i trend\u00f3w, kt\u00f3re u\u0142atwi\u0105 Ci codzienne \u017cycie i poszerz\u0105 Twoje mo\u017cliwo\u015bci w wirtualnym wszech\u015bwiecie.<\/p>\n<p>Nasz zesp\u00f3\u0142 pasjonuje si\u0119 innowacjami, a jego cz\u0142onkowie badaj\u0105, oceniaj\u0105 i udost\u0119pniaj\u0105 informacje w jasny i obiektywny spos\u00f3b. Skupiamy si\u0119 na pomaganiu Ci w odkrywaniu u\u017cytecznych i praktycznych rozwi\u0105za\u0144, kt\u00f3re mog\u0105 realnie odmieni\u0107 Twoje cyfrowe \u017cycie.<\/p>\n<p>Wszystkie tre\u015bci w Jogos Online s\u0105 tworzone w spos\u00f3b odpowiedzialny i w oparciu o wnikliw\u0105 analiz\u0119, co gwarantuje jako\u015b\u0107, rzetelno\u015b\u0107 i trafno\u015b\u0107. Dok\u0142adamy wszelkich stara\u0144, aby dostarcza\u0107 rzetelne informacje, kt\u00f3re wspieraj\u0105 \u015bwiadome i przemy\u015blane decyzje.<\/p>\n<p>Niezale\u017cnie od tego, czy chcesz odkry\u0107 now\u0105 aplikacj\u0119, zdoby\u0107 umiej\u0119tno\u015bci cyfrowe, czy by\u0107 na bie\u017c\u0105co z najnowszymi innowacjami technologicznymi, Jogos Online to idealne miejsce dla os\u00f3b poszukuj\u0105cych wygody i innowacji. Naszym zobowi\u0105zaniem jest zapewnienie Ci dost\u0119pu do najlepszych technologii, zawsze z zachowaniem przejrzysto\u015bci i niezawodno\u015bci.<\/p>","protected":false},"excerpt":{"rendered":"<p>O Jogos Online nasceu para quem deseja explorar o mundo da tecnologia de forma simples e acess\u00edvel. Nosso portal re\u00fane conte\u00fados atualizados sobre aplicativos, ferramentas digitais e tend\u00eancias que facilitam sua rotina e ampliam suas possibilidades no universo online. Contamos com uma equipe apaixonada por inova\u00e7\u00e3o, que pesquisa, avalia e compartilha informa\u00e7\u00f5es de forma clara [&hellip;]<\/p>\n","protected":false},"author":1,"featured_media":0,"parent":0,"menu_order":0,"comment_status":"closed","ping_status":"closed","template":"","meta":{"footnotes":""},"class_list":["post-332","page","type-page","status-publish"],"_links":{"self":[{"href":"https:\/\/jogosonlinegratis.blog.br\/pl\/wp-json\/wp\/v2\/pages\/332","targetHints":{"allow":["GET"]}}],"collection":[{"href":"https:\/\/jogosonlinegratis.blog.br\/pl\/wp-json\/wp\/v2\/pages"}],"about":[{"href":"https:\/\/jogosonlinegratis.blog.br\/pl\/wp-json\/wp\/v2\/types\/page"}],"author":[{"embeddable":true,"href":"https:\/\/jogosonlinegratis.blog.br\/pl\/wp-json\/wp\/v2\/users\/1"}],"replies":[{"embeddable":true,"href":"https:\/\/jogosonlinegratis.blog.br\/pl\/wp-json\/wp\/v2\/comments?post=332"}],"version-history":[{"count":3,"href":"https:\/\/jogosonlinegratis.blog.br\/pl\/wp-json\/wp\/v2\/pages\/332\/revisions"}],"predecessor-version":[{"id":481,"href":"https:\/\/jogosonlinegratis.blog.br\/pl\/wp-json\/wp\/v2\/pages\/332\/revisions\/481"}],"wp:attachment":[{"href":"https:\/\/jogosonlinegratis.blog.br\/pl\/wp-json\/wp\/v2\/media?parent=332"}],"curies":[{"name":"wp","href":"https:\/\/api.w.org\/{rel}","templated":true}]}}