{"id":328,"date":"2025-09-22T07:15:44","date_gmt":"2025-09-22T07:15:44","guid":{"rendered":"https:\/\/jogosonlinegratis.blog.br\/?page_id=328"},"modified":"2026-01-14T01:32:20","modified_gmt":"2026-01-14T01:32:20","slug":"warunki-uzytkowania","status":"publish","type":"page","link":"https:\/\/jogosonlinegratis.blog.br\/pl\/termos-de-uso\/","title":{"rendered":"Warunki u\u017cytkowania"},"content":{"rendered":"<h2>1. Warunki<\/h2>\n<p>Podczas uzyskiwania dost\u0119pu do witryny internetowej <a href=\"\/pl\/jogosonlinegratis.blog.br\/\">Gry online<\/a>, zgadza si\u0119 przestrzega\u0107 tych <a href=\"https:\/\/jogosonlinegratis.blog.br\/pl\/polityka-prywatnosci\/\" target=\"_BLANK\" style=\"color: #727496; text-decoration: none;\">warunki u\u017cytkowania<\/a>, Zgadzasz si\u0119 przestrzega\u0107 wszystkich obowi\u0105zuj\u0105cych przepis\u00f3w prawa i regulacji oraz jeste\u015b odpowiedzialny za przestrzeganie wszystkich obowi\u0105zuj\u0105cych przepis\u00f3w lokalnych. Je\u015bli nie zgadzasz si\u0119 z kt\u00f3rymkolwiek z niniejszych warunk\u00f3w, korzystanie z tej witryny lub uzyskiwanie do niej dost\u0119pu jest zabronione. Materia\u0142y zawarte na tej stronie internetowej s\u0105 chronione obowi\u0105zuj\u0105cymi prawami autorskimi i prawami do znak\u00f3w towarowych.<\/p>\n<h2>2. U\u017cytkowanie licencji<\/h2>\n<p>Udziela si\u0119 pozwolenia na tymczasowe pobranie jednej kopii materia\u0142\u00f3w (informacji lub oprogramowania) ze strony internetowej Gier Online wy\u0142\u0105cznie do osobistego, niekomercyjnego u\u017cytku. Jest to udzielenie licencji, a nie przeniesienie tytu\u0142u w\u0142asno\u015bci, a na mocy tej licencji nie wolno: <\/p>\n<ol>\n<li>modyfikowa\u0107 lub kopiowa\u0107 materia\u0142y;  <\/li>\n<li>U\u017cywa\u0107 materia\u0142\u00f3w w celach komercyjnych lub do publicznego wy\u015bwietlania (komercyjnego lub niekomercyjnego);  <\/li>\n<li>Pr\u00f3ba dekompilowania lub dokonywania in\u017cynierii wstecznej jakiegokolwiek oprogramowania zawartego na stronie internetowej Gier Online;  <\/li>\n<li>usun\u0105\u0107 z materia\u0142\u00f3w wszelkie informacje o prawach autorskich lub inne informacje o w\u0142asno\u015bci; lub  <\/li>\n<li>Przenie\u015b\u0107 materia\u0142y do innej osoby lub \u2018przes\u0142a\u0107\u2019 je na inny serwer.<\/li>\n<\/ol>\n<p>Niniejsza licencja ulega automatycznemu wyga\u015bni\u0119ciu w przypadku naruszenia kt\u00f3regokolwiek z tych ogranicze\u0144 i mo\u017ce zosta\u0107 rozwi\u0105zana przez Online Games w dowolnym momencie. Po zako\u0144czeniu przegl\u0105dania tych materia\u0142\u00f3w lub rozwi\u0105zaniu niniejszej licencji, musisz zniszczy\u0107 wszystkie pobrane materia\u0142y b\u0119d\u0105ce w Twoim posiadaniu, zar\u00f3wno w formie elektronicznej, jak i drukowanej.<\/p>\n<h2>3. Zastrze\u017cenie<\/h2>\n<ol>\n<li>Materia\u0142y na stronie internetowej Jogos Online s\u0105 udost\u0119pniane \u2018tak jak s\u0105\u2019. Jogos Online nie udziela \u017cadnych gwarancji, wyra\u017anych ani dorozumianych, i niniejszym zrzeka si\u0119 i neguje wszelkie inne gwarancje, w tym mi\u0119dzy innymi dorozumiane gwarancje lub warunki przydatno\u015bci handlowej, przydatno\u015bci do okre\u015blonego celu lub nienaruszania praw w\u0142asno\u015bci intelektualnej lub innych narusze\u0144 praw. <\/li>\n<li>Ponadto witryna internetowa Online Games nie gwarantuje i nie sk\u0142ada \u017cadnych o\u015bwiadcze\u0144 dotycz\u0105cych dok\u0142adno\u015bci, prawdopodobnych wynik\u00f3w lub niezawodno\u015bci korzystania z materia\u0142\u00f3w zamieszczonych na tej witrynie lub w inny spos\u00f3b powi\u0105zanych z takimi materia\u0142ami b\u0105d\u017a z witrynami po\u0142\u0105czonymi z t\u0105 witryn\u0105.<\/li>\n<\/ol>\n<h2>4. Ograniczenia<\/h2>\n<p>W \u017cadnym wypadku Online Games ani jego dostawcy nie ponosz\u0105 odpowiedzialno\u015bci za jakiekolwiek szkody (w tym, mi\u0119dzy innymi, szkody z tytu\u0142u utraty danych lub zysk\u00f3w, lub z powodu przerwy w dzia\u0142alno\u015bci) wynikaj\u0105ce z korzystania lub niemo\u017cno\u015bci korzystania z materia\u0142\u00f3w w Online Games, nawet je\u015bli Online Games lub upowa\u017cniony przedstawiciel Online Games zosta\u0142 powiadomiony ustnie lub pisemnie o mo\u017cliwo\u015bci wyst\u0105pienia takich szk\u00f3d. Poniewa\u017c niekt\u00f3re jurysdykcje nie zezwalaj\u0105 na ograniczenia gwarancji dorozumianych ani ograniczenia odpowiedzialno\u015bci za szkody nast\u0119pcze lub przypadkowe, ograniczenia te mog\u0105 nie mie\u0107 zastosowania w Twoim przypadku.<\/p>\n<h2>5. Precyzja materia\u0142\u00f3w<\/h2>\n<p>Materia\u0142y prezentowane na stronie internetowej Jogos Online mog\u0105 zawiera\u0107 b\u0142\u0119dy techniczne, typograficzne lub fotograficzne. Jogos Online nie gwarantuje dok\u0142adno\u015bci, kompletno\u015bci ani aktualno\u015bci materia\u0142\u00f3w na swojej stronie internetowej. Jogos Online mo\u017ce wprowadza\u0107 zmiany w materia\u0142ach zawartych na swojej stronie internetowej w dowolnym momencie i bez powiadomienia. Jogos Online nie zobowi\u0105zuje si\u0119 jednak do aktualizacji materia\u0142\u00f3w.<\/p>\n<h2>6. Linki<\/h2>\n<p>Jogos Online nie sprawdzi\u0142 wszystkich witryn, do kt\u00f3rych prowadz\u0105 linki z jego witryny, i nie ponosi odpowiedzialno\u015bci za tre\u015b\u0107 \u017cadnej z nich. Zamieszczenie linku nie oznacza rekomendacji witryny przez Jogos Online. Korzystanie z linkowanych witryn odbywa si\u0119 na w\u0142asne ryzyko u\u017cytkownika.<\/p>\n<h3>Modyfikacje<\/h3>\n<p>Online Games mo\u017ce zmieni\u0107 niniejsze warunki korzystania z serwisu w dowolnym momencie i bez uprzedniego powiadomienia. Korzystaj\u0105c z tej witryny, zgadzasz si\u0119 na przestrzeganie aktualnej wersji niniejszych warunk\u00f3w korzystania z serwisu.<\/p>\n<h3>Prawo w\u0142a\u015bciwe<\/h3>\n<p>Niniejsze warunki podlegaj\u0105 przepisom prawa dotycz\u0105cego gier online i zgodnie z nimi b\u0119d\u0105 interpretowane. U\u017cytkownik nieodwo\u0142alnie poddaje si\u0119 wy\u0142\u0105cznej jurysdykcji s\u0105d\u00f3w danego stanu lub miejscowo\u015bci.<\/p>","protected":false},"excerpt":{"rendered":"<p>1. Termos Ao acessar ao site Jogos Online, concorda em cumprir estes termos de uso, todas as leis e regulamentos aplic\u00e1veis \u200b\u200be concorda que \u00e9 respons\u00e1vel pelo cumprimento de todas as leis locais aplic\u00e1veis. Se voc\u00ea n\u00e3o concordar com algum desses termos, est\u00e1 proibido de usar ou acessar este site. Os materiais contidos neste site [&hellip;]<\/p>\n","protected":false},"author":1,"featured_media":0,"parent":0,"menu_order":0,"comment_status":"closed","ping_status":"closed","template":"","meta":{"footnotes":""},"class_list":["post-328","page","type-page","status-publish"],"_links":{"self":[{"href":"https:\/\/jogosonlinegratis.blog.br\/pl\/wp-json\/wp\/v2\/pages\/328","targetHints":{"allow":["GET"]}}],"collection":[{"href":"https:\/\/jogosonlinegratis.blog.br\/pl\/wp-json\/wp\/v2\/pages"}],"about":[{"href":"https:\/\/jogosonlinegratis.blog.br\/pl\/wp-json\/wp\/v2\/types\/page"}],"author":[{"embeddable":true,"href":"https:\/\/jogosonlinegratis.blog.br\/pl\/wp-json\/wp\/v2\/users\/1"}],"replies":[{"embeddable":true,"href":"https:\/\/jogosonlinegratis.blog.br\/pl\/wp-json\/wp\/v2\/comments?post=328"}],"version-history":[{"count":3,"href":"https:\/\/jogosonlinegratis.blog.br\/pl\/wp-json\/wp\/v2\/pages\/328\/revisions"}],"predecessor-version":[{"id":484,"href":"https:\/\/jogosonlinegratis.blog.br\/pl\/wp-json\/wp\/v2\/pages\/328\/revisions\/484"}],"wp:attachment":[{"href":"https:\/\/jogosonlinegratis.blog.br\/pl\/wp-json\/wp\/v2\/media?parent=328"}],"curies":[{"name":"wp","href":"https:\/\/api.w.org\/{rel}","templated":true}]}}