{"id":328,"date":"2025-09-22T07:15:44","date_gmt":"2025-09-22T07:15:44","guid":{"rendered":"https:\/\/jogosonlinegratis.blog.br\/?page_id=328"},"modified":"2026-01-14T01:32:20","modified_gmt":"2026-01-14T01:32:20","slug":"gebruiksvoorwaarden","status":"publish","type":"page","link":"https:\/\/jogosonlinegratis.blog.br\/nl\/termos-de-uso\/","title":{"rendered":"Gebruiksvoorwaarden"},"content":{"rendered":"<h2>1. Voorwaarden<\/h2>\n<p>Bij het bezoeken van de website <a href=\"\/nl\/jogosonlinegratis.blog.br\/\">Online games<\/a>, stemt ermee in zich hieraan te houden <a href=\"https:\/\/jogosonlinegratis.blog.br\/nl\/privacybeleid\/\" target=\"_BLANK\" style=\"color: #727496; text-decoration: none;\">gebruiksvoorwaarden<\/a>, U stemt ermee in alle toepasselijke wet- en regelgeving na te leven en bent verantwoordelijk voor de naleving van alle toepasselijke lokale wetten. Indien u niet akkoord gaat met deze voorwaarden, is het u verboden deze site te gebruiken of te bezoeken. Het materiaal op deze website is beschermd door toepasselijke auteursrecht- en merkenwetgeving.<\/p>\n<h2>2. Licentiegebruik<\/h2>\n<p>U krijgt toestemming om tijdelijk \u00e9\u00e9n exemplaar van het materiaal (informatie of software) op de website van Online Games te downloaden, uitsluitend voor persoonlijk, niet-commercieel gebruik. Dit is een licentie, geen eigendomsoverdracht, en onder deze licentie is het u niet toegestaan: <\/p>\n<ol>\n<li>het materiaal wijzigen of kopi\u00ebren;  <\/li>\n<li>Gebruik het materiaal voor commerci\u00eble doeleinden of voor openbare tentoonstelling (commercieel of niet-commercieel);  <\/li>\n<li>Het is verboden om software op de website van Online Games te decompileren of reverse-engineering toe te passen;  <\/li>\n<li>verwijder alle auteursrechtelijke of andere eigendomsvermeldingen van het materiaal; of  <\/li>\n<li>Geef het materiaal door aan een andere persoon of maak een kopie van het materiaal op een andere server.<\/li>\n<\/ol>\n<p>Deze licentie wordt automatisch be\u00ebindigd als u een van deze beperkingen schendt en kan te allen tijde door Online Games worden be\u00ebindigd. Bij be\u00ebindiging van uw toegang tot dit materiaal of bij be\u00ebindiging van deze licentie, dient u al het gedownloade materiaal in uw bezit te vernietigen, zowel in elektronische als in afgedrukte vorm.<\/p>\n<h2>3. Disclaimer<\/h2>\n<ol>\n<li>Het materiaal op de website van Jogos Online wordt aangeboden &#039;zoals het is&#039;. Jogos Online geeft geen garanties, expliciet noch impliciet, en wijst hierbij alle andere garanties af en ontkent deze, inclusief, maar niet beperkt tot, impliciete garanties of voorwaarden van verkoopbaarheid, geschiktheid voor een bepaald doel of niet-inbreuk op intellectuele eigendom of andere schending van rechten. <\/li>\n<li>Bovendien garandeert de website Online Games niet de nauwkeurigheid, de waarschijnlijke resultaten of de betrouwbaarheid van het gebruik van het materiaal op haar website of anderszins met betrekking tot dergelijk materiaal of op sites die aan deze site zijn gekoppeld, en doet hierover geen uitspraken.<\/li>\n<\/ol>\n<h2>4. Beperkingen<\/h2>\n<p>In geen geval zullen Online Games of haar leveranciers aansprakelijk zijn voor enige schade (inclusief, maar niet beperkt tot, schade door verlies van gegevens of winst, of door bedrijfsonderbreking) die voortvloeit uit het gebruik of de onmogelijkheid tot gebruik van de materialen op Online Games, zelfs indien Online Games of een bevoegd vertegenwoordiger van Online Games mondeling of schriftelijk op de hoogte is gesteld van de mogelijkheid van dergelijke schade. Omdat sommige rechtsgebieden geen beperkingen toestaan \u200b\u200bop impliciete garanties, of beperkingen van aansprakelijkheid voor gevolgschade of incidentele schade, zijn deze beperkingen mogelijk niet op u van toepassing.<\/p>\n<h2>5. Precisie van materialen<\/h2>\n<p>Het materiaal dat op de website van Jogos Online wordt weergegeven, kan technische, typografische of fotografische fouten bevatten. Jogos Online garandeert niet dat het materiaal op haar website accuraat, volledig of actueel is. Jogos Online kan de inhoud van haar website te allen tijde zonder voorafgaande kennisgeving wijzigen. Jogos Online verplicht zich echter niet tot het bijwerken van het materiaal.<\/p>\n<h2>6. Links<\/h2>\n<p>Jogos Online heeft niet alle sites die aan haar website zijn gekoppeld, beoordeeld en is niet verantwoordelijk voor de inhoud van gelinkte sites. Het plaatsen van een link impliceert geen goedkeuring van de site door Jogos Online. Het gebruik van een gelinkte website is voor eigen risico van de gebruiker.<\/p>\n<h3>Wijzigingen<\/h3>\n<p>Online Games kan deze websitevoorwaarden te allen tijde zonder voorafgaande kennisgeving wijzigen. Door deze website te gebruiken, stemt u ermee in gebonden te zijn aan de actuele versie van deze websitevoorwaarden.<\/p>\n<h3>Toepasselijk recht<\/h3>\n<p>Deze algemene voorwaarden worden beheerst door en uitgelegd in overeenstemming met de wetgeving inzake online kansspelen, en u onderwerpt zich onherroepelijk aan de exclusieve jurisdictie van de rechtbanken in die staat of plaats.<\/p>","protected":false},"excerpt":{"rendered":"<p>1. Termos Ao acessar ao site Jogos Online, concorda em cumprir estes termos de uso, todas as leis e regulamentos aplic\u00e1veis \u200b\u200be concorda que \u00e9 respons\u00e1vel pelo cumprimento de todas as leis locais aplic\u00e1veis. Se voc\u00ea n\u00e3o concordar com algum desses termos, est\u00e1 proibido de usar ou acessar este site. Os materiais contidos neste site [&hellip;]<\/p>\n","protected":false},"author":1,"featured_media":0,"parent":0,"menu_order":0,"comment_status":"closed","ping_status":"closed","template":"","meta":{"footnotes":""},"class_list":["post-328","page","type-page","status-publish"],"_links":{"self":[{"href":"https:\/\/jogosonlinegratis.blog.br\/nl\/wp-json\/wp\/v2\/pages\/328","targetHints":{"allow":["GET"]}}],"collection":[{"href":"https:\/\/jogosonlinegratis.blog.br\/nl\/wp-json\/wp\/v2\/pages"}],"about":[{"href":"https:\/\/jogosonlinegratis.blog.br\/nl\/wp-json\/wp\/v2\/types\/page"}],"author":[{"embeddable":true,"href":"https:\/\/jogosonlinegratis.blog.br\/nl\/wp-json\/wp\/v2\/users\/1"}],"replies":[{"embeddable":true,"href":"https:\/\/jogosonlinegratis.blog.br\/nl\/wp-json\/wp\/v2\/comments?post=328"}],"version-history":[{"count":3,"href":"https:\/\/jogosonlinegratis.blog.br\/nl\/wp-json\/wp\/v2\/pages\/328\/revisions"}],"predecessor-version":[{"id":484,"href":"https:\/\/jogosonlinegratis.blog.br\/nl\/wp-json\/wp\/v2\/pages\/328\/revisions\/484"}],"wp:attachment":[{"href":"https:\/\/jogosonlinegratis.blog.br\/nl\/wp-json\/wp\/v2\/media?parent=328"}],"curies":[{"name":"wp","href":"https:\/\/api.w.org\/{rel}","templated":true}]}}