{"id":332,"date":"2025-09-22T07:17:17","date_gmt":"2025-09-22T07:17:17","guid":{"rendered":"https:\/\/jogosonlinegratis.blog.br\/?page_id=332"},"modified":"2026-01-14T01:31:29","modified_gmt":"2026-01-14T01:31:29","slug":"kas-mes-esame","status":"publish","type":"page","link":"https:\/\/jogosonlinegratis.blog.br\/lt\/quem-somos\/","title":{"rendered":"Kas mes esame"},"content":{"rendered":"<p>\u201eOnline Games\u201c buvo sukurtas tiems, kurie nori paprastai ir prieinamai tyrin\u0117ti technologij\u0173 pasaul\u012f. M\u016bs\u0173 portalas pateikia naujausi\u0105 turin\u012f apie programas, skaitmeninius \u012frankius ir tendencijas, kurios palengvina j\u016bs\u0173 kasdienyb\u0119 ir praple\u010dia j\u016bs\u0173 galimybes internetin\u0117je visatoje.<\/p>\n<p>Turime komand\u0105, kuri aistringai domisi inovacijomis ir ai\u0161kiai bei objektyviai tiria, vertina ir dalijasi informacija. M\u016bs\u0173 tikslas \u2013 pad\u0117ti jums atrasti naudingus ir prakti\u0161kus sprendimus, kurie gali i\u0161 tikr\u0173j\u0173 pakeisti j\u016bs\u0173 skaitmenin\u012f gyvenim\u0105.<\/p>\n<p>Visas \u201eJogos Online\u201c turinys yra kuriamas atsakingai ir pagr\u012fstas kruop\u0161\u010dia analize, u\u017etikrinant kokyb\u0119, patikimum\u0105 ir aktualum\u0105. Siekiame pateikti patikim\u0105 informacij\u0105, kuri pad\u0117t\u0173 priimti pagr\u012fstus ir protingus sprendimus.<\/p>\n<p>Nesvarbu, ar norite atrasti nauj\u0105 program\u0117l\u0119, i\u0161mokti skaitmenini\u0173 \u012fg\u016bd\u017ei\u0173, ar neatsilikti nuo technologini\u0173 naujovi\u0173, \u201eJogos Online\u201c yra tinkama vieta tiems, kurie ie\u0161ko patogumo ir inovacij\u0173. M\u016bs\u0173 \u012fsipareigojimas \u2013 sujungti jus su geriausiomis technologijomis, visada ai\u0161kiai ir patikimai.<\/p>","protected":false},"excerpt":{"rendered":"<p>O Jogos Online nasceu para quem deseja explorar o mundo da tecnologia de forma simples e acess\u00edvel. Nosso portal re\u00fane conte\u00fados atualizados sobre aplicativos, ferramentas digitais e tend\u00eancias que facilitam sua rotina e ampliam suas possibilidades no universo online. Contamos com uma equipe apaixonada por inova\u00e7\u00e3o, que pesquisa, avalia e compartilha informa\u00e7\u00f5es de forma clara [&hellip;]<\/p>\n","protected":false},"author":1,"featured_media":0,"parent":0,"menu_order":0,"comment_status":"closed","ping_status":"closed","template":"","meta":{"footnotes":""},"class_list":["post-332","page","type-page","status-publish"],"_links":{"self":[{"href":"https:\/\/jogosonlinegratis.blog.br\/lt\/wp-json\/wp\/v2\/pages\/332","targetHints":{"allow":["GET"]}}],"collection":[{"href":"https:\/\/jogosonlinegratis.blog.br\/lt\/wp-json\/wp\/v2\/pages"}],"about":[{"href":"https:\/\/jogosonlinegratis.blog.br\/lt\/wp-json\/wp\/v2\/types\/page"}],"author":[{"embeddable":true,"href":"https:\/\/jogosonlinegratis.blog.br\/lt\/wp-json\/wp\/v2\/users\/1"}],"replies":[{"embeddable":true,"href":"https:\/\/jogosonlinegratis.blog.br\/lt\/wp-json\/wp\/v2\/comments?post=332"}],"version-history":[{"count":3,"href":"https:\/\/jogosonlinegratis.blog.br\/lt\/wp-json\/wp\/v2\/pages\/332\/revisions"}],"predecessor-version":[{"id":481,"href":"https:\/\/jogosonlinegratis.blog.br\/lt\/wp-json\/wp\/v2\/pages\/332\/revisions\/481"}],"wp:attachment":[{"href":"https:\/\/jogosonlinegratis.blog.br\/lt\/wp-json\/wp\/v2\/media?parent=332"}],"curies":[{"name":"wp","href":"https:\/\/api.w.org\/{rel}","templated":true}]}}