{"id":328,"date":"2025-09-22T07:15:44","date_gmt":"2025-09-22T07:15:44","guid":{"rendered":"https:\/\/jogosonlinegratis.blog.br\/?page_id=328"},"modified":"2026-01-14T01:32:20","modified_gmt":"2026-01-14T01:32:20","slug":"naudojimo-salygos","status":"publish","type":"page","link":"https:\/\/jogosonlinegratis.blog.br\/lt\/termos-de-uso\/","title":{"rendered":"Naudojimo s\u0105lygos"},"content":{"rendered":"<h2>1. S\u0105lygos<\/h2>\n<p>Kai lankot\u0117s svetain\u0117je <a href=\"\/lt\/jogosonlinegratis.blog.br\/\">Internetiniai \u017eaidimai<\/a>, sutinka laikytis \u0161i\u0173 <a href=\"https:\/\/jogosonlinegratis.blog.br\/lt\/privatumo-politika\/\" target=\"_BLANK\" style=\"color: #727496; text-decoration: none;\">naudojimo s\u0105lygos<\/a>, J\u016bs sutinkate laikytis vis\u0173 taikom\u0173 \u012fstatym\u0173 ir kit\u0173 teis\u0117s akt\u0173 ir esate atsakingi u\u017e vis\u0173 taikom\u0173 vietos \u012fstatym\u0173 laikym\u0105si. Jei nesutinkate su kuriomis nors i\u0161 \u0161i\u0173 s\u0105lyg\u0173, jums draud\u017eiama naudotis \u0161ia svetaine ar prie jos prisijungti. \u0160ioje svetain\u0117je esan\u010di\u0105 med\u017eiag\u0105 saugo galiojantys autori\u0173 teisi\u0173 ir preki\u0173 \u017eenkl\u0173 \u012fstatymai.<\/p>\n<h2>2. Licencijos naudojimas<\/h2>\n<p>Suteikiamas leidimas laikinai atsisi\u0173sti vien\u0105 med\u017eiagos (informacijos ar programin\u0117s \u012frangos) kopij\u0105 i\u0161 internetini\u0173 \u017eaidim\u0173 svetain\u0117s tik asmeniniam, nekomerciniam per\u017ei\u016brai. Tai yra licencijos suteikimas, o ne nuosavyb\u0117s perdavimas, ir pagal \u0161i\u0105 licencij\u0105 j\u016bs negalite: <\/p>\n<ol>\n<li>modifikuoti arba kopijuoti med\u017eiag\u0105;  <\/li>\n<li>Naudoti med\u017eiag\u0105 bet kokiems komerciniams tikslams arba vie\u0161am demonstravimui (komerciniam ar nekomerciniam);  <\/li>\n<li>Bandymas dekompiliuoti arba atlikti atvirk\u0161tin\u0119 in\u017einerij\u0105 bet kurioje internetini\u0173 \u017eaidim\u0173 svetain\u0117je esan\u010dioje programin\u0117je \u012frangoje;  <\/li>\n<li>pa\u0161alinti i\u0161 med\u017eiagos bet kokias autori\u0173 teisi\u0173 ar kitas nuosavyb\u0117s teises; arba  <\/li>\n<li>Perduokite med\u017eiag\u0105 kitam asmeniui arba \u2018atkurkite\u2019 j\u0105 bet kuriame kitame serveryje.<\/li>\n<\/ol>\n<p>\u0160i licencija bus automati\u0161kai nutraukta, jei pa\u017eeisite bet kur\u012f i\u0161 \u0161i\u0173 apribojim\u0173, ir \u201eOnline Games\u201c gali j\u0105 bet kada nutraukti. Nustojus per\u017ei\u016br\u0117ti \u0161i\u0105 med\u017eiag\u0105 arba nutraukus \u0161i\u0105 licencij\u0105, privalote sunaikinti vis\u0105 turim\u0105 atsisi\u0173st\u0105 med\u017eiag\u0105, tiek elektronine, tiek spausdintine forma.<\/p>\n<h2>3. Atsakomyb\u0117s apribojimas<\/h2>\n<ol>\n<li>\u2018Jogos Online\u2019 svetain\u0117je esanti med\u017eiaga pateikiama \u201etokia, kokia yra\u201c. \u201eJogos Online\u201c nesuteikia joki\u0173 ai\u0161ki\u0173 ar numanom\u0173 garantij\u0173 ir atsisako bei paneigia visas kitas garantijas, \u012fskaitant, bet neapsiribojant, numanomas garantijas ar s\u0105lygas d\u0117l perkamumo, tinkamumo konkre\u010diam tikslui ar intelektin\u0117s nuosavyb\u0117s ar kit\u0173 teisi\u0173 nepa\u017eeidimo. <\/li>\n<li>Be to, internetini\u0173 \u017eaidim\u0173 svetain\u0117 negarantuoja ir neteikia joki\u0173 parei\u0161kim\u0173 d\u0117l savo svetain\u0117je esan\u010dios ar kitaip su tokia med\u017eiaga ar bet kuriose su \u0161ia svetaine susietose svetain\u0117se esan\u010dios med\u017eiagos tikslumo, tik\u0117tin\u0173 rezultat\u0173 ar patikimumo.<\/li>\n<\/ol>\n<h2>4. Apribojimai<\/h2>\n<p>Jokiu atveju \u201eOnline Games\u201c ar jos tiek\u0117jai nebus atsakingi u\u017e joki\u0105 \u017eal\u0105 (\u012fskaitant, bet neapsiribojant, \u017eal\u0105 d\u0117l duomen\u0173 ar pelno praradimo arba d\u0117l verslo sutrikdymo), atsiradusi\u0105 d\u0117l med\u017eiagos naudojimo ar negal\u0117jimo jos naudoti \u201eOnline Games\u201c, net jei \u201eOnline Games\u201c ar \u012fgaliotas \u201eOnline Games\u201c atstovas buvo \u017eod\u017eiu ar ra\u0161tu informuotas apie tokios \u017ealos galimyb\u0119. Kadangi kai kurios jurisdikcijos neleid\u017eia riboti numanom\u0173 garantij\u0173 ar atsakomyb\u0117s u\u017e pasekmin\u0119 ar atsitiktin\u0119 \u017eal\u0105, \u0161ie apribojimai jums gali b\u016bti netaikomi.<\/p>\n<h2>5. Med\u017eiag\u0173 tikslumas<\/h2>\n<p>\u201eJogos Online\u201c svetain\u0117je pateikiamoje med\u017eiagoje gali b\u016bti technini\u0173, spausdinimo ar fotografijos klaid\u0173. \u201eJogos Online\u201c negarantuoja, kad bet kokia jos svetain\u0117je esanti med\u017eiaga yra tiksli, i\u0161sami ar aktuali. \u201eJogos Online\u201c gali bet kada be \u012fsp\u0117jimo keisti savo svetain\u0117je esan\u010di\u0105 med\u017eiag\u0105. Ta\u010diau \u201eJogos Online\u201c ne\u012fsipareigoja atnaujinti med\u017eiagos.<\/p>\n<h2>6. Nuorodos<\/h2>\n<p>\u201eJogos Online\u201c neper\u017ei\u016br\u0117jo vis\u0173 svetaini\u0173, susiet\u0173 su jos svetaine, ir neatsako u\u017e jokios susietos svetain\u0117s turin\u012f. Bet kokios nuorodos \u012ftraukimas nerei\u0161kia, kad \u201eJogos Online\u201c pritaria svetainei. Bet kuria susieta svetaine naudojasi savo rizika.<\/p>\n<h3>Modifikacijos<\/h3>\n<p>\u201eOnline Games\u201c gali bet kada be i\u0161ankstinio \u012fsp\u0117jimo per\u017ei\u016br\u0117ti \u0161ias svetain\u0117s paslaug\u0173 teikimo s\u0105lygas. Naudodamiesi \u0161ia svetaine, j\u016bs sutinkate laikytis dabartin\u0117s \u0161i\u0173 paslaug\u0173 teikimo s\u0105lyg\u0173 versijos.<\/p>\n<h3>Taikytina teis\u0117<\/h3>\n<p>\u0160ioms s\u0105lygoms taikomi ir jos ai\u0161kinamos pagal internetini\u0173 lo\u0161im\u0173 \u012fstatymus, ir j\u016bs neat\u0161aukiamai sutinkate su i\u0161imtine tos valstijos ar vietov\u0117s teism\u0173 jurisdikcija.<\/p>","protected":false},"excerpt":{"rendered":"<p>1. Termos Ao acessar ao site Jogos Online, concorda em cumprir estes termos de uso, todas as leis e regulamentos aplic\u00e1veis \u200b\u200be concorda que \u00e9 respons\u00e1vel pelo cumprimento de todas as leis locais aplic\u00e1veis. Se voc\u00ea n\u00e3o concordar com algum desses termos, est\u00e1 proibido de usar ou acessar este site. Os materiais contidos neste site [&hellip;]<\/p>\n","protected":false},"author":1,"featured_media":0,"parent":0,"menu_order":0,"comment_status":"closed","ping_status":"closed","template":"","meta":{"footnotes":""},"class_list":["post-328","page","type-page","status-publish"],"_links":{"self":[{"href":"https:\/\/jogosonlinegratis.blog.br\/lt\/wp-json\/wp\/v2\/pages\/328","targetHints":{"allow":["GET"]}}],"collection":[{"href":"https:\/\/jogosonlinegratis.blog.br\/lt\/wp-json\/wp\/v2\/pages"}],"about":[{"href":"https:\/\/jogosonlinegratis.blog.br\/lt\/wp-json\/wp\/v2\/types\/page"}],"author":[{"embeddable":true,"href":"https:\/\/jogosonlinegratis.blog.br\/lt\/wp-json\/wp\/v2\/users\/1"}],"replies":[{"embeddable":true,"href":"https:\/\/jogosonlinegratis.blog.br\/lt\/wp-json\/wp\/v2\/comments?post=328"}],"version-history":[{"count":3,"href":"https:\/\/jogosonlinegratis.blog.br\/lt\/wp-json\/wp\/v2\/pages\/328\/revisions"}],"predecessor-version":[{"id":484,"href":"https:\/\/jogosonlinegratis.blog.br\/lt\/wp-json\/wp\/v2\/pages\/328\/revisions\/484"}],"wp:attachment":[{"href":"https:\/\/jogosonlinegratis.blog.br\/lt\/wp-json\/wp\/v2\/media?parent=328"}],"curies":[{"name":"wp","href":"https:\/\/api.w.org\/{rel}","templated":true}]}}