{"id":332,"date":"2025-09-22T07:17:17","date_gmt":"2025-09-22T07:17:17","guid":{"rendered":"https:\/\/jogosonlinegratis.blog.br\/?page_id=332"},"modified":"2026-01-14T01:31:29","modified_gmt":"2026-01-14T01:31:29","slug":"%ec%9a%b0%eb%a6%ac%eb%8a%94-%eb%88%84%ea%b5%ac%ec%9d%b8%ea%b0%80","status":"publish","type":"page","link":"https:\/\/jogosonlinegratis.blog.br\/ko\/quem-somos\/","title":{"rendered":"\uc6b0\ub9ac\ub294 \ub204\uad6c\uc778\uac00"},"content":{"rendered":"<p>\uc628\ub77c\uc778 \uac8c\uc784 \ud3ec\ud138\uc740 \uc27d\uace0 \uac04\ud3b8\ud558\uac8c \uae30\uc220\uc758 \uc138\uacc4\ub97c \ud0d0\ud5d8\ud558\uace0 \uc2f6\uc740 \ubd84\ub4e4\uc744 \uc704\ud574 \ub9cc\ub4e4\uc5b4\uc84c\uc2b5\ub2c8\ub2e4. \uc800\ud76c \ud3ec\ud138\uc740 \uc5ec\ub7ec\ubd84\uc758 \uc77c\uc0c1\uc744 \ub354\uc6b1 \ud3b8\ub9ac\ud558\uac8c \ub9cc\ub4e4\uc5b4\uc8fc\uace0 \uc628\ub77c\uc778 \uc138\uc0c1\uc5d0\uc11c\uc758 \uac00\ub2a5\uc131\uc744 \ub113\ud600\uc904 \uc560\ud50c\ub9ac\ucf00\uc774\uc158, \ub514\uc9c0\ud138 \ub3c4\uad6c, \ucd5c\uc2e0 \ud2b8\ub80c\ub4dc\uc5d0 \ub300\ud55c \ucf58\ud150\uce20\ub97c \uc81c\uacf5\ud569\ub2c8\ub2e4.<\/p>\n<p>\uc800\ud76c \ud300\uc740 \ud601\uc2e0\uc5d0 \ub300\ud55c \uc5f4\uc815\uc744 \uac00\uc9c0\uace0 \uc788\uc73c\uba70, \uba85\ud655\ud558\uace0 \uac1d\uad00\uc801\uc778 \ubc29\uc2dd\uc73c\ub85c \uc815\ubcf4\ub97c \uc5f0\uad6c, \ud3c9\uac00 \ubc0f \uacf5\uc720\ud569\ub2c8\ub2e4. \uc800\ud76c\uc758 \ubaa9\ud45c\ub294 \uc5ec\ub7ec\ubd84\uc758 \ub514\uc9c0\ud138 \ub77c\uc774\ud504\ub97c \uc9c4\uc815\uc73c\ub85c \ubcc0\ud654\uc2dc\ud0ac \uc218 \uc788\ub294 \uc720\uc6a9\ud558\uace0 \uc2e4\uc6a9\uc801\uc778 \uc194\ub8e8\uc158\uc744 \ucc3e\ub294 \ub370 \ub3c4\uc6c0\uc744 \ub4dc\ub9ac\ub294 \uac83\uc785\ub2c8\ub2e4.<\/p>\n<p>Jogos Online\uc758 \ubaa8\ub4e0 \ucf58\ud150\uce20\ub294 \uc2e0\uc911\ud55c \ubd84\uc11d\uc744 \ubc14\ud0d5\uc73c\ub85c \ucc45\uc784\uac10 \uc788\uac8c \uc81c\uc791\ub418\uc5b4 \ud488\uc9c8, \uc2e0\ub8b0\uc131 \ubc0f \uad00\ub828\uc131\uc744 \ubcf4\uc7a5\ud569\ub2c8\ub2e4. \uc800\ud76c\ub294 \uc815\ubcf4\uc5d0 \uc785\uac01\ud55c \ud604\uba85\ud55c \uacb0\uc815\uc744 \ub0b4\ub9ac\ub294 \ub370 \ub3c4\uc6c0\uc774 \ub418\ub294 \ubbff\uc744 \uc218 \uc788\ub294 \uc815\ubcf4\ub97c \uc81c\uacf5\ud558\uae30 \uc704\ud574 \ub178\ub825\ud569\ub2c8\ub2e4.<\/p>\n<p>\uc0c8\ub85c\uc6b4 \uc571\uc744 \ucc3e\uace0 \uc788\uac70\ub098, \ub514\uc9c0\ud138 \uae30\uc220\uc744 \ubc30\uc6b0\uace0 \uc2f6\uac70\ub098, \ucd5c\uc2e0 \uae30\uc220 \ud601\uc2e0\uc744 \uc811\ud558\uace0 \uc2f6\ub2e4\uba74, Jogos Online\uc774 \ud3b8\ub9ac\ud568\uacfc \ud601\uc2e0\uc744 \ucd94\uad6c\ud558\ub294 \ub2f9\uc2e0\uc5d0\uac8c \ub531 \ub9de\ub294 \uacf3\uc785\ub2c8\ub2e4. \uc800\ud76c\ub294 \ud56d\uc0c1 \ud22c\uba85\ud558\uace0 \uc2e0\ub8b0\ud560 \uc218 \uc788\ub294 \ubc29\uc2dd\uc73c\ub85c \ucd5c\uace0\uc758 \uae30\uc220\uacfc \uc5f0\uacb0\ud574 \ub4dc\ub9ac\uae30 \uc704\ud574 \ucd5c\uc120\uc744 \ub2e4\ud558\uace0 \uc788\uc2b5\ub2c8\ub2e4.<\/p>","protected":false},"excerpt":{"rendered":"<p>O Jogos Online nasceu para quem deseja explorar o mundo da tecnologia de forma simples e acess\u00edvel. Nosso portal re\u00fane conte\u00fados atualizados sobre aplicativos, ferramentas digitais e tend\u00eancias que facilitam sua rotina e ampliam suas possibilidades no universo online. Contamos com uma equipe apaixonada por inova\u00e7\u00e3o, que pesquisa, avalia e compartilha informa\u00e7\u00f5es de forma clara [&hellip;]<\/p>\n","protected":false},"author":1,"featured_media":0,"parent":0,"menu_order":0,"comment_status":"closed","ping_status":"closed","template":"","meta":{"footnotes":""},"class_list":["post-332","page","type-page","status-publish"],"_links":{"self":[{"href":"https:\/\/jogosonlinegratis.blog.br\/ko\/wp-json\/wp\/v2\/pages\/332","targetHints":{"allow":["GET"]}}],"collection":[{"href":"https:\/\/jogosonlinegratis.blog.br\/ko\/wp-json\/wp\/v2\/pages"}],"about":[{"href":"https:\/\/jogosonlinegratis.blog.br\/ko\/wp-json\/wp\/v2\/types\/page"}],"author":[{"embeddable":true,"href":"https:\/\/jogosonlinegratis.blog.br\/ko\/wp-json\/wp\/v2\/users\/1"}],"replies":[{"embeddable":true,"href":"https:\/\/jogosonlinegratis.blog.br\/ko\/wp-json\/wp\/v2\/comments?post=332"}],"version-history":[{"count":3,"href":"https:\/\/jogosonlinegratis.blog.br\/ko\/wp-json\/wp\/v2\/pages\/332\/revisions"}],"predecessor-version":[{"id":481,"href":"https:\/\/jogosonlinegratis.blog.br\/ko\/wp-json\/wp\/v2\/pages\/332\/revisions\/481"}],"wp:attachment":[{"href":"https:\/\/jogosonlinegratis.blog.br\/ko\/wp-json\/wp\/v2\/media?parent=332"}],"curies":[{"name":"wp","href":"https:\/\/api.w.org\/{rel}","templated":true}]}}