{"id":324,"date":"2025-09-22T07:13:50","date_gmt":"2025-09-22T07:13:50","guid":{"rendered":"https:\/\/jogosonlinegratis.blog.br\/?page_id=324"},"modified":"2026-01-14T01:31:42","modified_gmt":"2026-01-14T01:31:42","slug":"%ea%b0%9c%ec%9d%b8%ec%a0%95%eb%b3%b4-%eb%b3%b4%ed%98%b8%ec%a0%95%ec%b1%85","status":"publish","type":"page","link":"https:\/\/jogosonlinegratis.blog.br\/ko\/politica-de-privacidade\/","title":{"rendered":"\uac1c\uc778\uc815\ubcf4 \ubcf4\ud638\uc815\ucc45"},"content":{"rendered":"<p>\uc800\ud76c\ub294 \uace0\uac1d\ub2d8\uc758 \uac1c\uc778\uc815\ubcf4 \ubcf4\ud638\ub97c \uc911\uc694\ud558\uac8c \uc0dd\uac01\ud569\ub2c8\ub2e4. Jogos Online\uc740 Jogos Online \uc6f9\uc0ac\uc774\ud2b8 \ubc0f \uc800\ud76c\uac00 \uc18c\uc720\ud558\uace0 \uc6b4\uc601\ud558\ub294 \uae30\ud0c0 \uc0ac\uc774\ud2b8\uc5d0\uc11c \uc218\uc9d1\ud558\ub294 \ubaa8\ub4e0 \uc815\ubcf4\uc5d0 \ub300\ud574 \uace0\uac1d\ub2d8\uc758 \uac1c\uc778\uc815\ubcf4\ub97c \uc874\uc911\ud558\ub294 \uac83\uc744 \uc6d0\uce59\uc73c\ub85c \ud569\ub2c8\ub2e4.<\/p>\n<p>\uc800\ud76c\ub294 \uc11c\ube44\uc2a4 \uc81c\uacf5\uc5d0 \uc815\ub9d0 \ud544\uc694\ud55c \uacbd\uc6b0\uc5d0\ub9cc \uac1c\uc778 \uc815\ubcf4\ub97c \uc694\uccad\ud569\ub2c8\ub2e4. \uc774\ub7ec\ud55c \uc815\ubcf4 \uc218\uc9d1\uc740 \uadc0\ud558\uc758 \ub3d9\uc758\ub97c \uc5bb\uc5b4 \uacf5\uc815\ud558\uace0 \ud569\ubc95\uc801\uc778 \ubc29\uc2dd\uc73c\ub85c \uc774\ub8e8\uc5b4\uc9c0\uba70, \uc218\uc9d1 \uc774\uc720\uc640 \uc0ac\uc6a9 \ubaa9\uc801\uc5d0 \ub300\ud574 \uc54c\ub824\ub4dc\ub9bd\ub2c8\ub2e4.<\/p>\n<p>\uc218\uc9d1\ub41c \uc815\ubcf4\ub294 \uc694\uccad\ud558\uc2e0 \uc11c\ube44\uc2a4\ub97c \uc81c\uacf5\ud558\ub294 \ub370 \ud544\uc694\ud55c \uae30\uac04 \ub3d9\uc548\ub9cc \ubcf4\uad00\ud569\ub2c8\ub2e4. \ub370\uc774\ud130 \uc800\uc7a5 \uc2dc, \uc190\uc2e4 \ubc0f \ub3c4\ub09c\uc740 \ubb3c\ub860 \ubb34\ub2e8 \uc811\uadfc, \uacf5\uac1c, \ubcf5\uc0ac, \uc0ac\uc6a9 \ub610\ub294 \uc218\uc815\uc744 \ubc29\uc9c0\ud558\uae30 \uc704\ud574 \uc0c1\uc5c5\uc801\uc73c\ub85c \ud5c8\uc6a9 \uac00\ub2a5\ud55c \uc218\uc900\uc758 \ubcf4\uc548 \uc870\uce58\ub97c \ucde8\ud569\ub2c8\ub2e4.<\/p>\n<p>\ubc95\ub960\uc5d0 \uc758\ud574 \uc694\uad6c\ub418\ub294 \uacbd\uc6b0\ub97c \uc81c\uc678\ud558\uace0\ub294 \uac1c\uc778 \uc2dd\ubcc4 \uc815\ubcf4\ub97c \uacf5\uac1c\uc801\uc73c\ub85c \ub610\ub294 \uc81c3\uc790\uc640 \uacf5\uc720\ud558\uc9c0 \uc54a\uc2b5\ub2c8\ub2e4.<\/p>\n<p>\uc800\ud76c \uc6f9\uc0ac\uc774\ud2b8\uc5d0\ub294 \uc800\ud76c\uac00 \uc6b4\uc601\ud558\uc9c0 \uc54a\ub294 \uc678\ubd80 \uc0ac\uc774\ud2b8\ub85c \uc5f0\uacb0\ub418\ub294 \ub9c1\ud06c\uac00 \ud3ec\ud568\ub420 \uc218 \uc788\uc2b5\ub2c8\ub2e4. \uc774\ub7ec\ud55c \uc0ac\uc774\ud2b8\uc758 \ucf58\ud150\uce20 \ubc0f \uc6b4\uc601 \ubc29\uc2dd\uc5d0 \ub300\ud574\uc11c\ub294 \uc800\ud76c\uac00 \ud1b5\uc81c\ud560 \uc218 \uc5c6\uc73c\uba70, \ud574\ub2f9 \uc0ac\uc774\ud2b8\uc758 \uac1c\uc778\uc815\ubcf4 \ubcf4\ud638\uc815\ucc45\uc5d0 \ub300\ud55c \ucc45\uc784\ub3c4 \uc9c0\uc9c0 \uc54a\uc2b5\ub2c8\ub2e4.<\/p>\n<p>\uadc0\ud558\ub294 \uac1c\uc778\uc815\ubcf4 \uc81c\uacf5 \uc694\uccad\uc744 \uac70\ubd80\ud560 \uc218 \uc788\uc9c0\ub9cc, \uc774 \uacbd\uc6b0 \uc6d0\ud558\ub294 \uc77c\ubd80 \uc11c\ube44\uc2a4\ub97c \uc81c\uacf5\ud574 \ub4dc\ub9b4 \uc218 \uc5c6\uc744 \uc218\ub3c4 \uc788\uc74c\uc744 \uc591\ud574\ud574 \uc8fc\uc2dc\uae30 \ubc14\ub78d\ub2c8\ub2e4.<\/p>\n<p>\uc800\ud76c \uc6f9\uc0ac\uc774\ud2b8\ub97c \uacc4\uc18d \uc774\uc6a9\ud558\uc2dc\uba74 \uac1c\uc778\uc815\ubcf4 \ubcf4\ud638 \uc815\ucc45 \ubc0f \uac1c\uc778\uc815\ubcf4 \ucc98\ub9ac\ubc29\uce68\uc5d0 \ub3d9\uc758\ud558\ub294 \uac83\uc73c\ub85c \uac04\uc8fc\ub429\ub2c8\ub2e4. \uc0ac\uc6a9\uc790 \ub370\uc774\ud130 \ubc0f \uac1c\uc778\uc815\ubcf4 \ucc98\ub9ac \ubc29\uc2dd\uc5d0 \ub300\ud55c \ubb38\uc758\uc0ac\ud56d\uc740 \uc5b8\uc81c\ub4e0\uc9c0 \uc5f0\ub77d \uc8fc\uc2dc\uae30 \ubc14\ub78d\ub2c8\ub2e4.<\/p>\n<h2 class=\"wp-block-heading\">\uc628\ub77c\uc778 \uac8c\uc784 \uc6f9\uc0ac\uc774\ud2b8\uc758 \ubcf4\uc548 \ubc0f \uc2e0\ub8b0<\/h2>\n<p>[\ucd9c\ucc98\/\ud68c\uc0ac]\uc5d0 \ub530\ub974\uba74 \ud574\ub2f9 \uc6f9\uc0ac\uc774\ud2b8\ub294 \uc0ac\uc6a9\uc790\uac00 \uc548\uc804\ud558\uac8c \ud0d0\uc0c9\ud560 \uc218 \uc788\ub3c4\ub85d \uc2e0\ub8b0\ud560 \uc218 \uc788\uace0 \uc548\uc804\ud569\ub2c8\ub2e4.&nbsp;<a target=\"_BLANK\" href=\"https:\/\/confiavel.com.br\/Jogos Online.com\" rel=\"noreferrer noopener\">\ud655\uc778<\/a>. \uc774 \ud398\uc774\uc9c0\ub294 \uc6f9\uc0ac\uc774\ud2b8 \uc815\ubcf4\ub97c \ud655\uc778\ud558\uc5ec \uc7a0\uc7ac\uc801\uc778 \ubcf4\uc548 \ubb38\uc81c\ub97c \uc2dd\ubcc4\ud569\ub2c8\ub2e4. \ube0c\ub77c\uc6b0\uc9d5 \ud65c\ub3d9\uc740 \ud574\ub2f9 \ub3c4\uad6c\ub97c \ud1b5\ud574 \uac80\uc99d\ub429\ub2c8\ub2e4.&nbsp;<a target=\"_BLANK\" href=\"https:\/\/transparencyreport.google.com\/safe-browsing\/search?url=Jogos Online.com\" rel=\"noreferrer noopener\">\uad6c\uae00 \ubcf4\uc548<\/a>&nbsp;\uc774\ub294 \ud574\ub2f9 \uc0ac\uc774\ud2b8\uac00 \uc548\uc804\ud558\ub2e4\ub294 \uac83\uc744 \ubcf4\uc5ec\uc90d\ub2c8\ub2e4.<\/p>\n<h2 class=\"wp-block-heading\">\uc628\ub77c\uc778 \uac8c\uc784 \ucfe0\ud0a4 \uc815\ucc45<\/h2>\n<h3 class=\"wp-block-heading\">\ucfe0\ud0a4\ub780 \ubb34\uc5c7\uc778\uac00\uc694?<\/h3>\n<p>\uac70\uc758 \ubaa8\ub4e0 \uc804\ubb38 \uc6f9\uc0ac\uc774\ud2b8\uc5d0\uc11c \ud754\ud788 \uc0ac\uc6a9\ud558\ub294 \uac83\ucc98\ub7fc, \ubcf8 \uc0ac\uc774\ud2b8\ub3c4 \uc0ac\uc6a9\uc790 \uacbd\ud5d8 \ud5a5\uc0c1\uc744 \uc704\ud574 \ucfe0\ud0a4(\uc0ac\uc6a9\uc790 \ucef4\ud4e8\ud130\uc5d0 \ub2e4\uc6b4\ub85c\ub4dc\ub418\ub294 \uc791\uc740 \ud30c\uc77c)\ub97c \uc0ac\uc6a9\ud569\ub2c8\ub2e4. \uc774 \ud398\uc774\uc9c0\uc5d0\uc11c\ub294 \ucfe0\ud0a4\uac00 \uc218\uc9d1\ud558\ub294 \uc815\ubcf4, \uc0ac\uc6a9 \ubc29\ubc95, \uadf8\ub9ac\uace0 \ucfe0\ud0a4\ub97c \uc800\uc7a5\ud574\uc57c \ud558\ub294 \uc774\uc720\uc5d0 \ub300\ud574 \uc124\uba85\ud569\ub2c8\ub2e4. \ub610\ud55c \ucfe0\ud0a4 \uc800\uc7a5\uc744 \ucc28\ub2e8\ud558\ub294 \ubc29\ubc95\ub3c4 \uc548\ub0b4\ud558\uc9c0\ub9cc, \uc774 \uacbd\uc6b0 \uc0ac\uc774\ud2b8 \uae30\ub2a5\uc758 \uc77c\ubd80\uac00 \uc81c\ub300\ub85c \uc791\ub3d9\ud558\uc9c0 \uc54a\uac70\ub098 \uc131\ub2a5\uc774 \uc800\ud558\ub420 \uc218 \uc788\uc2b5\ub2c8\ub2e4.<\/p>\n<h3 class=\"wp-block-heading\">\ucfe0\ud0a4\ub294 \uc5b4\ub5bb\uac8c \uc0ac\uc6a9\ub418\ub098\uc694?<\/h3>\n<p>\uc800\ud76c\ub294 \uc544\ub798\uc5d0 \uc790\uc138\ud788 \uc124\uba85\ub41c \ub2e4\uc591\ud55c \uc774\uc720\ub85c \ucfe0\ud0a4\ub97c \uc0ac\uc6a9\ud569\ub2c8\ub2e4. \uc548\ud0c0\uae5d\uac8c\ub3c4 \ub300\ubd80\ubd84\uc758 \uacbd\uc6b0 \ucfe0\ud0a4\ub97c \uc644\uc804\ud788 \ube44\ud65c\uc131\ud654\ud558\uc9c0 \uc54a\uace0\ub294 \uc774 \uc0ac\uc774\ud2b8\uc5d0 \ucd94\uac00\ub418\ub294 \uae30\ub2a5\uacfc \ud2b9\uc9d5\uc744 \uc644\uc804\ud788 \ube44\ud65c\uc131\ud654\ud560 \uc218 \uc788\ub294 \uc5c5\uacc4 \ud45c\uc900 \uc635\uc158\uc740 \uc5c6\uc2b5\ub2c8\ub2e4. \ub530\ub77c\uc11c \uc0ac\uc6a9\ud558\uc2dc\ub294 \uc11c\ube44\uc2a4 \uc81c\uacf5\uc5d0 \ucfe0\ud0a4\uac00 \uc0ac\uc6a9\ub420 \uc218 \uc788\uc73c\ubbc0\ub85c, \ud544\uc694\ud55c\uc9c0 \uc5ec\ubd80\uac00 \ud655\uc2e4\ud558\uc9c0 \uc54a\uc740 \uacbd\uc6b0 \ubaa8\ub4e0 \ucfe0\ud0a4\ub97c \ud65c\uc131\ud654 \uc0c1\ud0dc\ub85c \uc720\uc9c0\ud558\ub294 \uac83\uc774 \uc88b\uc2b5\ub2c8\ub2e4.<\/p>\n<h3 class=\"wp-block-heading\">\ucfe0\ud0a4 \uc0ac\uc6a9 \uc548 \ud568<\/h3>\n<p>\ube0c\ub77c\uc6b0\uc800 \uc124\uc815\uc744 \uc870\uc815\ud558\uc5ec \ucfe0\ud0a4 \uc124\uc815\uc744 \ucc28\ub2e8\ud560 \uc218 \uc788\uc2b5\ub2c8\ub2e4(\uc790\uc138\ud55c \ubc29\ubc95\uc740 \ube0c\ub77c\uc6b0\uc800 \ub3c4\uc6c0\ub9d0\uc744 \ucc38\uc870\ud558\uc138\uc694). \ud558\uc9c0\ub9cc \ucfe0\ud0a4\ub97c \ube44\ud65c\uc131\ud654\ud558\uba74 \uc774 \uc6f9\uc0ac\uc774\ud2b8\ubfd0\ub9cc \uc544\ub2c8\ub77c \ubc29\ubb38\ud558\ub294 \ub2e4\ub978 \ub9ce\uc740 \uc6f9\uc0ac\uc774\ud2b8\uc758 \uae30\ub2a5\uc5d0\ub3c4 \uc601\ud5a5\uc744 \ubbf8\uce60 \uc218 \uc788\uc2b5\ub2c8\ub2e4. \ucfe0\ud0a4\ub97c \ube44\ud65c\uc131\ud654\ud558\uba74 \uc77c\ubc18\uc801\uc73c\ub85c \uc774 \uc6f9\uc0ac\uc774\ud2b8\uc758 \ud2b9\uc815 \uae30\ub2a5 \ubc0f \ud2b9\uc9d5\ub3c4 \uc0ac\uc6a9\ud560 \uc218 \uc5c6\uac8c \ub429\ub2c8\ub2e4. \ub530\ub77c\uc11c \ucfe0\ud0a4\ub97c \ube44\ud65c\uc131\ud654\ud558\uc9c0 \uc54a\ub294 \uac83\uc774 \uc88b\uc2b5\ub2c8\ub2e4.<\/p>\n<h3 class=\"wp-block-heading\">\uc800\ud76c\uac00 \uc124\uc815\ud55c \ucfe0\ud0a4<\/h3>\n<ul class=\"wp-block-list\">\n<li>\uacc4\uc815 \uad00\ub828 \ucfe0\ud0a4\n<p>\uc800\ud76c \uc6f9\uc0ac\uc774\ud2b8\uc5d0\uc11c \uacc4\uc815\uc744 \uc0dd\uc131\ud558\uc2dc\uba74, \ub4f1\ub85d \uc808\ucc28 \ubc0f \uc77c\ubc18\uc801\uc778 \uad00\ub9ac\ub97c \uc704\ud574 \ucfe0\ud0a4\ub97c \uc0ac\uc6a9\ud569\ub2c8\ub2e4. \uc774\ub7ec\ud55c \ucfe0\ud0a4\ub294 \uc77c\ubc18\uc801\uc73c\ub85c \uc2dc\uc2a4\ud15c\uc5d0\uc11c \ub85c\uadf8\uc544\uc6c3\ud558\uba74 \uc0ad\uc81c\ub418\uc9c0\ub9cc, \uacbd\uc6b0\uc5d0 \ub530\ub77c \uc0ac\uc6a9\uc790\uac00 \uc0ac\uc774\ud2b8\ub97c \ub5a0\ub09c \ud6c4\uc5d0\ub3c4 \uc0ac\uc774\ud2b8 \ud658\uacbd\uc124\uc815\uc744 \uae30\uc5b5\ud558\uae30 \uc704\ud574 \ub0a8\uc544 \uc788\uc744 \uc218 \uc788\uc2b5\ub2c8\ub2e4.<\/li>\n<li>\ub85c\uadf8\uc778 \uad00\ub828 \ucfe0\ud0a4\n<p>\uc800\ud76c\ub294 \uc0ac\uc6a9\uc790\uac00 \ub85c\uadf8\uc778\ud588\uc744 \ub54c \ud574\ub2f9 \ud65c\ub3d9\uc744 \uae30\uc5b5\ud558\uae30 \uc704\ud574 \ucfe0\ud0a4\ub97c \uc0ac\uc6a9\ud569\ub2c8\ub2e4. \uc774\ub97c \ud1b5\ud574 \uc0ac\uc6a9\uc790\ub294 \uc0c8 \ud398\uc774\uc9c0\ub97c \ubc29\ubb38\ud560 \ub54c\ub9c8\ub2e4 \ub85c\uadf8\uc778\ud574\uc57c \ud558\ub294 \ubc88\uac70\ub85c\uc6c0\uc744 \ud53c\ud560 \uc218 \uc788\uc2b5\ub2c8\ub2e4. \uc774\ub7ec\ud55c \ucfe0\ud0a4\ub294 \uc77c\ubc18\uc801\uc73c\ub85c \ub85c\uadf8\uc544\uc6c3\ud558\uba74 \uc0ad\uc81c\ub418\uc5b4 \ub85c\uadf8\uc778 \uc0c1\ud0dc\uc5d0\uc11c\ub9cc \uc81c\ud55c\ub41c \ub9ac\uc18c\uc2a4 \ubc0f \uc601\uc5ed\uc5d0 \uc561\uc138\uc2a4\ud560 \uc218 \uc788\ub3c4\ub85d \ud569\ub2c8\ub2e4.<\/li>\n<li>\uc774\uba54\uc77c \ub274\uc2a4\ub808\ud130 \uad00\ub828 \ucfe0\ud0a4\n<p>\uc774 \uc6f9\uc0ac\uc774\ud2b8\ub294 \ub274\uc2a4\ub808\ud130 \ub610\ub294 \uc774\uba54\uc77c \uad6c\ub3c5 \uc11c\ube44\uc2a4\ub97c \uc81c\uacf5\ud558\uba70, \ucfe0\ud0a4\ub294 \uc0ac\uc6a9\uc790\uc758 \ub4f1\ub85d \uc5ec\ubd80\uc640 \uad6c\ub3c5\/\uad6c\ub3c5 \ud574\uc9c0 \uc0ac\uc6a9\uc790\uc5d0\uac8c\ub9cc \uc720\ud6a8\ud55c \ud2b9\uc815 \uc54c\ub9bc\uc744 \ud45c\uc2dc\ud560\uc9c0 \uc5ec\ubd80\ub97c \uae30\uc5b5\ud558\ub294 \ub370 \uc0ac\uc6a9\ub420 \uc218 \uc788\uc2b5\ub2c8\ub2e4.<\/li>\n<li>\uc8fc\ubb38 \ucc98\ub9ac \uad00\ub828 \ucfe0\ud0a4\n<p>\uc774 \uc6f9\uc0ac\uc774\ud2b8\ub294 \uc804\uc790\uc0c1\uac70\ub798 \ubc0f \uacb0\uc81c \uae30\ub2a5\uc744 \uc81c\uacf5\ud558\uba70, \uc8fc\ubb38 \uc815\ubcf4\ub97c \ud398\uc774\uc9c0 \uac04\uc5d0 \uae30\uc5b5\ud558\uc5ec \uc815\ud655\ud558\uac8c \ucc98\ub9ac\ud560 \uc218 \uc788\ub3c4\ub85d \uc77c\ubd80 \ucfe0\ud0a4\uac00 \ud544\uc218\uc801\uc785\ub2c8\ub2e4.<\/li>\n<li>\uac80\uc0c9 \uad00\ub828 \ucfe0\ud0a4\n<p>\uc800\ud76c\ub294 \ud765\ubbf8\ub85c\uc6b4 \uc815\ubcf4, \uc720\uc6a9\ud55c \ub3c4\uad6c\ub97c \uc81c\uacf5\ud558\uac70\ub098 \uc0ac\uc6a9\uc790 \uae30\ubc18\uc744 \ub354\uc6b1 \uc815\ud655\ud558\uac8c \ud30c\uc545\ud558\uae30 \uc704\ud574 \uc815\uae30\uc801\uc73c\ub85c \uc124\ubb38\uc870\uc0ac\ub97c \uc2e4\uc2dc\ud569\ub2c8\ub2e4. \uc774\ub7ec\ud55c \uc124\ubb38\uc870\uc0ac\ub294 \ucfe0\ud0a4\ub97c \uc0ac\uc6a9\ud558\uc5ec \uc774\uc804\uc5d0 \uc124\ubb38\uc870\uc0ac\uc5d0 \ucc38\uc5ec\ud55c \uc0ac\uc6a9\uc790\ub97c \uae30\uc5b5\ud558\uac70\ub098 \ud398\uc774\uc9c0 \ubcc0\uacbd \ud6c4\uc5d0\ub3c4 \uc815\ud655\ud55c \uacb0\uacfc\ub97c \uc81c\uacf5\ud560 \uc218 \uc788\uc2b5\ub2c8\ub2e4.<\/li>\n<li>\uc591\uc2dd \uad00\ub828 \ucfe0\ud0a4\n<p>\uc5f0\ub77d\ucc98 \ud398\uc774\uc9c0\ub098 \ub313\uae00 \uc591\uc2dd\uacfc \uac19\uc740 \uc591\uc2dd\uc744 \ud1b5\ud574 \ub370\uc774\ud130\ub97c \uc81c\ucd9c\ud560 \ub54c, \ud5a5\ud6c4 \uc5f0\ub77d\uc744 \uc704\ud574 \uc0ac\uc6a9\uc790 \uc815\ubcf4\ub97c \uae30\uc5b5\ud558\uae30 \uc704\ud574 \ucfe0\ud0a4\uac00 \uc124\uc815\ub420 \uc218 \uc788\uc2b5\ub2c8\ub2e4.<\/li>\n<li>\uc0ac\uc774\ud2b8 \ud658\uacbd\uc124\uc815 \ucfe0\ud0a4\n<p>\uc774 \uc0ac\uc774\ud2b8\uc5d0\uc11c \ucd5c\uace0\uc758 \uc0ac\uc6a9\uc790 \uacbd\ud5d8\uc744 \uc81c\uacf5\ud558\uae30 \uc704\ud574, \uc0ac\uc774\ud2b8 \uc774\uc6a9 \uc2dc \ub3d9\uc791 \ubc29\uc2dd\uc744 \uc124\uc815\ud560 \uc218 \uc788\ub294 \uae30\ub2a5\uc744 \uc81c\uacf5\ud569\ub2c8\ub2e4. \uc124\uc815\ud558\uc2e0 \uae30\ubcf8 \uc124\uc815\uc744 \uc800\uc7a5\ud558\uae30 \uc704\ud574 \ucfe0\ud0a4\ub97c \uc0ac\uc6a9\ud558\uba70, \uc774\ub97c \ud1b5\ud574 \uc0ac\uc6a9\uc790\uac00 \uae30\ubcf8 \uc124\uc815\uc774 \uc801\uc6a9\ub41c \ud398\uc774\uc9c0\uc640 \uc0c1\ud638 \uc791\uc6a9\ud560 \ub54c\ub9c8\ub2e4 \ud574\ub2f9 \uc815\ubcf4\ub97c \ubd88\ub7ec\uc62c \uc218 \uc788\uc2b5\ub2c8\ub2e4.<\/li>\n<\/ul>\n<h3 class=\"wp-block-heading\">\ud0c0\uc0ac \ucfe0\ud0a4<\/h3>\n<p>\ud2b9\uc815 \uacbd\uc6b0\uc5d0\ub294 \uc2e0\ub8b0\ud560 \uc218 \uc788\ub294 \uc81c3\uc790\uac00 \uc81c\uacf5\ud558\ub294 \ucfe0\ud0a4\ub3c4 \uc0ac\uc6a9\ud569\ub2c8\ub2e4. \ub2e4\uc74c \uc139\uc158\uc5d0\uc11c\ub294 \uc774 \uc6f9\uc0ac\uc774\ud2b8\ub97c \ud1b5\ud574 \uc811\ud560 \uc218 \uc788\ub294 \uc81c3\uc790 \ucfe0\ud0a4\uc5d0 \ub300\ud574 \uc790\uc138\ud788 \uc124\uba85\ud569\ub2c8\ub2e4.<\/p>\n<ul class=\"wp-block-list\">\n<li>\uc774 \uc0ac\uc774\ud2b8\ub294 \ub2e4\uc74c\uc744 \uc0ac\uc6a9\ud569\ub2c8\ub2e4.&nbsp;<a href=\"https:\/\/analytics.google.com\/analytics\/web\/\">\uad6c\uae00 \uc560\ub110\ub9ac\ud2f1\uc2a4<\/a>, \uc774\ub294 \uc6f9\uc5d0\uc11c \uac00\uc7a5 \ub110\ub9ac \uc0ac\uc6a9\ub418\uace0 \uc2e0\ub8b0\ubc1b\ub294 \ubd84\uc11d \uc194\ub8e8\uc158 \uc911 \ud558\ub098\ub85c, \uc0ac\uc6a9\uc790\uac00 \uc0ac\uc774\ud2b8\ub97c \uc5b4\ub5bb\uac8c \uc774\uc6a9\ud558\ub294\uc9c0 \ud30c\uc545\ud558\uace0 \uc0ac\uc6a9\uc790 \uacbd\ud5d8\uc744 \uac1c\uc120\ud558\ub294 \ub370 \ub3c4\uc6c0\uc744 \uc90d\ub2c8\ub2e4. \uc774\ub7ec\ud55c \ucfe0\ud0a4\ub294 \uc0ac\uc6a9\uc790\uac00 \uc0ac\uc774\ud2b8\uc5d0 \uba38\ubb34\ub974\ub294 \uc2dc\uac04\uc774\ub098 \ubc29\ubb38\ud558\ub294 \ud398\uc774\uc9c0 \ub4f1\uc744 \ucd94\uc801\ud558\uc5ec \ub354\uc6b1 \ud765\ubbf8\ub85c\uc6b4 \ucf58\ud150\uce20\ub97c \uc81c\uc791\ud560 \uc218 \uc788\ub3c4\ub85d \ud569\ub2c8\ub2e4.<\/li>\n<\/ul>\n<p>\uad6c\uae00 \uc560\ub110\ub9ac\ud2f1\uc2a4 \ucfe0\ud0a4\uc5d0 \ub300\ud55c \uc790\uc138\ud55c \ub0b4\uc6a9\uc740 \uad6c\uae00 \uc560\ub110\ub9ac\ud2f1\uc2a4 \uacf5\uc2dd \ud398\uc774\uc9c0\ub97c \ucc38\uc870\ud558\uc138\uc694.<\/p>\n<ul class=\"wp-block-list\">\n<li>\uc800\ud76c\ub294 \uc81c3\uc790 \ubd84\uc11d \ub3c4\uad6c\ub97c \uc0ac\uc6a9\ud558\uc5ec \uc774 \uc0ac\uc774\ud2b8\uc758 \uc774\uc6a9 \ud604\ud669\uc744 \ucd94\uc801\ud558\uace0 \uce21\uc815\ud568\uc73c\ub85c\uc368 \ub354\uc6b1 \ud765\ubbf8\ub85c\uc6b4 \ucf58\ud150\uce20\ub97c \uc81c\uc791\ud560 \uc218 \uc788\ub3c4\ub85d \ub178\ub825\ud558\uace0 \uc788\uc2b5\ub2c8\ub2e4. \uc774\ub7ec\ud55c \ucfe0\ud0a4\ub294 \uc0ac\uc6a9\uc790\uac00 \uc0ac\uc774\ud2b8\uc5d0 \uba38\ubb34\ub974\ub294 \uc2dc\uac04\uc774\ub098 \ubc29\ubb38\ud558\ub294 \ud398\uc774\uc9c0\uc640 \uac19\uc740 \uc815\ubcf4\ub97c \ucd94\uc801\ud558\uc5ec \uc0ac\uc774\ud2b8 \uac1c\uc120\uc5d0 \ub3c4\uc6c0\uc744 \uc90d\ub2c8\ub2e4.<\/li>\n<li>\uc800\ud76c\ub294 \uc8fc\uae30\uc801\uc73c\ub85c \uc0c8\ub85c\uc6b4 \uae30\ub2a5\uc744 \ud14c\uc2a4\ud2b8\ud558\uace0 \uc0ac\uc774\ud2b8 \ud45c\uc2dc \ubc29\uc2dd\uc744 \ubbf8\uc138\ud558\uac8c \uc870\uc815\ud569\ub2c8\ub2e4. \uc0c8\ub85c\uc6b4 \uae30\ub2a5\uc744 \ud14c\uc2a4\ud2b8\ud558\ub294 \ub3d9\uc548\uc5d0\ub294 \ucfe0\ud0a4\ub97c \uc0ac\uc6a9\ud558\uc5ec \uc0ac\uc774\ud2b8 \uc774\uc6a9 \uc2dc \uc77c\uad00\ub41c \uacbd\ud5d8\uc744 \uc81c\uacf5\ud558\uace0, \uc0ac\uc6a9\uc790\ub4e4\uc774 \uc5b4\ub5a4 \ucd5c\uc801\ud654\ub97c \uac00\uc7a5 \uc120\ud638\ud558\ub294\uc9c0 \ud30c\uc545\ud569\ub2c8\ub2e4.<\/li>\n<li>\uc800\ud76c\ub294 \uc81c\ud488\uc744 \ud310\ub9e4\ud558\uae30 \ub54c\ubb38\uc5d0 \uc6f9\uc0ac\uc774\ud2b8 \ubc29\ubb38\uc790 \uc911 \uc2e4\uc81c\ub85c \uad6c\ub9e4\ud558\ub294 \ubc29\ubb38\uc790 \uc218\ub97c \ud30c\uc545\ud558\ub294 \ud1b5\uacc4\uac00 \uc911\uc694\ud558\uba70, \uc774\ub7ec\ud55c \ucfe0\ud0a4\ub294 \ubc14\ub85c \uadf8\ub7ec\ud55c \ub370\uc774\ud130\ub97c \ucd94\uc801\ud569\ub2c8\ub2e4. \uc774\ub294 \uc800\ud76c\uac00 \uc815\ud655\ud55c \uc0ac\uc5c5 \uc608\uce21\uc744 \ud558\uace0 \uad11\uace0 \ubc0f \uc81c\ud488 \ube44\uc6a9\uc744 \ubd84\uc11d\ud558\uc5ec \ucd5c\uc801\uc758 \uac00\uaca9\uc744 \uc81c\uacf5\ud560 \uc218 \uc788\ub3c4\ub85d \ud574\uc8fc\uae30 \ub54c\ubb38\uc5d0 \uace0\uac1d \uc5ec\ub7ec\ubd84\uaed8\ub3c4 \uc911\uc694\ud569\ub2c8\ub2e4.<\/li>\n<\/ul>\n<h3 class=\"wp-block-heading\">\uc0ac\uc6a9\uc790 \ucc38\uc5ec<\/h3>\n<p>\uc774\uc6a9\uc790\ub294 Jogos Online \uc6f9\uc0ac\uc774\ud2b8\uc5d0\uc11c \uc81c\uacf5\ud558\ub294 \ucf58\ud150\uce20 \ubc0f \uc815\ubcf4\ub97c \uc801\uc808\ud558\uac8c \uc0ac\uc6a9\ud558\uae30\ub85c \ub3d9\uc758\ud569\ub2c8\ub2e4. \uc5ec\uae30\uc5d0\ub294 \ub2e4\uc74c \uc0ac\ud56d\uc774 \ud3ec\ud568\ub418\uc9c0\ub9cc \uc774\uc5d0 \uad6d\ud55c\ub418\uc9c0\ub294 \uc54a\uc2b5\ub2c8\ub2e4.<\/p>\n<ul class=\"wp-block-list\">\n<li>A) \ubd88\ubc95\uc801\uc774\uac70\ub098 \uc2e0\uc758\uc131\uc2e4 \ubc0f \uacf5\uacf5\uc9c8\uc11c\uc5d0 \ubc18\ud558\ub294 \ud65c\ub3d9\uc5d0 \ucc38\uc5ec\ud558\uc9c0 \uc54a\uc744 \uac83;<\/li>\n<li>B) \uc778\uc885\ucc28\ubcc4\uc801\uc774\uac70\ub098 \uc678\uad6d\uc778 \ud610\uc624\uc801\uc778 \uc120\uc804\ubb3c \ub610\ub294 \ucf58\ud150\uce20, \ub3c4\ubc15, \ubcf5\uad8c, \ubd88\ubc95 \uc74c\ub780\ubb3c, \ud14c\ub7ec\ub97c \uc870\uc7a5\ud558\uac70\ub098 \uc778\uad8c\uc744 \uce68\ud574\ud558\ub294 \ucf58\ud150\uce20\ub97c \uc720\ud3ec\ud558\uc9c0 \uc54a\ub294\ub2e4.;<\/li>\n<li>C) \ucef4\ud4e8\ud130 \ubc14\uc774\ub7ec\uc2a4 \ub610\ub294 \uc0c1\uae30 \uc190\ud574\ub97c \uc57c\uae30\ud560 \uc218 \uc788\ub294 \uae30\ud0c0 \ud558\ub4dc\uc6e8\uc5b4 \ub610\ub294 \uc18c\ud504\ud2b8\uc6e8\uc5b4 \uc2dc\uc2a4\ud15c\uc744 \uc720\uc785\ud558\uac70\ub098 \uc720\ud3ec\ud558\uc5ec \uc628\ub77c\uc778 \uac8c\uc784, \uadf8 \uacf5\uae09\uc5c5\uccb4 \ub610\ub294 \uc81c3\uc790\uc758 \ubb3c\ub9ac\uc801(\ud558\ub4dc\uc6e8\uc5b4) \ubc0f \ub17c\ub9ac\uc801(\uc18c\ud504\ud2b8\uc6e8\uc5b4) \uc2dc\uc2a4\ud15c\uc5d0 \uc190\ud574\ub97c \uc785\ud788\uc9c0 \uc54a\uc544\uc57c \ud569\ub2c8\ub2e4.<\/li>\n<\/ul>\n<h3 class=\"wp-block-heading\">\ucfe0\ud0a4 \ucc28\ub2e8:<\/h3>\n<p>\uc0ac\uc6a9\uc790\ub294 \uc5b8\uc81c\ub4e0\uc9c0 \ub2f9\uc0ac \uc6f9\uc0ac\uc774\ud2b8\ub97c \ud3ec\ud568\ud55c \ubaa8\ub4e0 \uc6f9\uc0ac\uc774\ud2b8\uc758 \ucfe0\ud0a4\ub97c \ucc28\ub2e8\ud558\uac70\ub098 \ube44\ud65c\uc131\ud654\ud560 \uc218 \uc788\uc2b5\ub2c8\ub2e4. \uc774\ub97c \uc704\ud574\uc11c\ub294 \ube0c\ub77c\uc6b0\uc800 \uc124\uc815\uc5d0 \uc811\uc18d\ud558\uc138\uc694. \uc8fc\uc694 \ube0c\ub77c\uc6b0\uc800\ubcc4 \ub3c4\uc6c0\ub9d0\uc740 \uc544\ub798\ub97c \ucc38\uc870\ud558\uc2ed\uc2dc\uc624.<\/p>\n<ul class=\"wp-block-list\">\n<li><a href=\"https:\/\/support.google.com\/accounts\/answer\/61416?hl=en\" target=\"_blank\" rel=\"noreferrer noopener\">\uad6c\uae00 \ud06c\ub86c<\/a><\/li>\n<li><a href=\"https:\/\/support.mozilla.org\/en-US\/kb\/enhanced-tracking-protection-firefox-desktop?redirectlocale=en-US&amp;redirectslug=enable-and-disable-cookies-website-preferences\" target=\"_blank\" rel=\"noreferrer noopener\">\ud30c\uc774\uc5b4\ud3ed\uc2a4<\/a><\/li>\n<li><a href=\"https:\/\/support.microsoft.com\/pt-br\/help\/17442\/windows-internet-explorer-delete-manage-cookies\" target=\"_blank\" rel=\"noreferrer noopener\">\ub9c8\uc774\ud06c\ub85c\uc18c\ud504\ud2b8 \uc5e3\uc9c0<\/a><\/li>\n<li><a href=\"https:\/\/blogs.opera.com\/news\/2015\/08\/how-to-manage-cookies-in-opera\/\" target=\"_blank\" rel=\"noreferrer noopener\">\uc624\ud398\ub77c<\/a><\/li>\n<li><a href=\"https:\/\/support.apple.com\/pt-br\/guide\/safari\/sfri11471\/mac\" target=\"_blank\" rel=\"noreferrer noopener\">\uc6d0\uc815 \uc5ec\ud589&nbsp;<\/a>.<\/li>\n<\/ul>\n<h3 class=\"wp-block-heading\">\ub354 \uc790\uc138\ud55c \uc815\ubcf4<\/h3>\n<p>\uc774 \ub0b4\uc6a9\uc774 \uba85\ud655\ud558\uac8c \uc804\ub2ec\ub418\uc5c8\uae30\ub97c \ubc14\ub77c\uba70, \uc55e\uc11c \uc5b8\uae09\ud588\ub4ef\uc774 \ud544\uc694\ud55c\uc9c0 \uc5ec\ubd80\uac00 \ubd88\ud655\uc2e4\ud55c \uacbd\uc6b0\uc5d0\ub294 \uc6f9\uc0ac\uc774\ud2b8\uc5d0\uc11c \uc0ac\uc6a9\ud558\ub294 \uae30\ub2a5 \uc911 \ud558\ub098\uc640 \uc0c1\ud638 \uc791\uc6a9\ud560 \uac00\ub2a5\uc131\uc744 \uace0\ub824\ud558\uc5ec \ucfe0\ud0a4\ub97c \ud65c\uc131\ud654 \uc0c1\ud0dc\ub85c \uc720\uc9c0\ud558\ub294 \uac83\uc774 \uc77c\ubc18\uc801\uc73c\ub85c \ub354 \uc548\uc804\ud569\ub2c8\ub2e4.<\/p>","protected":false},"excerpt":{"rendered":"<p>A sua privacidade \u00e9 importante para n\u00f3s. \u00c9 pol\u00edtica do Jogos Online respeitar a sua privacidade em rela\u00e7\u00e3o a qualquer informa\u00e7\u00e3o sua que possamos coletar no site&nbsp;Jogos Online, e outros sites que possu\u00edmos e operamos. Solicitamos informa\u00e7\u00f5es pessoais apenas quando realmente precisamos delas para lhe fornecer um servi\u00e7o. Fazemo-lo por meios justos e legais, com [&hellip;]<\/p>\n","protected":false},"author":1,"featured_media":0,"parent":0,"menu_order":0,"comment_status":"closed","ping_status":"closed","template":"","meta":{"footnotes":""},"class_list":["post-324","page","type-page","status-publish"],"_links":{"self":[{"href":"https:\/\/jogosonlinegratis.blog.br\/ko\/wp-json\/wp\/v2\/pages\/324","targetHints":{"allow":["GET"]}}],"collection":[{"href":"https:\/\/jogosonlinegratis.blog.br\/ko\/wp-json\/wp\/v2\/pages"}],"about":[{"href":"https:\/\/jogosonlinegratis.blog.br\/ko\/wp-json\/wp\/v2\/types\/page"}],"author":[{"embeddable":true,"href":"https:\/\/jogosonlinegratis.blog.br\/ko\/wp-json\/wp\/v2\/users\/1"}],"replies":[{"embeddable":true,"href":"https:\/\/jogosonlinegratis.blog.br\/ko\/wp-json\/wp\/v2\/comments?post=324"}],"version-history":[{"count":5,"href":"https:\/\/jogosonlinegratis.blog.br\/ko\/wp-json\/wp\/v2\/pages\/324\/revisions"}],"predecessor-version":[{"id":482,"href":"https:\/\/jogosonlinegratis.blog.br\/ko\/wp-json\/wp\/v2\/pages\/324\/revisions\/482"}],"wp:attachment":[{"href":"https:\/\/jogosonlinegratis.blog.br\/ko\/wp-json\/wp\/v2\/media?parent=324"}],"curies":[{"name":"wp","href":"https:\/\/api.w.org\/{rel}","templated":true}]}}