{"id":332,"date":"2025-09-22T07:17:17","date_gmt":"2025-09-22T07:17:17","guid":{"rendered":"https:\/\/jogosonlinegratis.blog.br\/?page_id=332"},"modified":"2026-01-14T01:31:29","modified_gmt":"2026-01-14T01:31:29","slug":"%e7%a7%81%e3%81%9f%e3%81%a1%e3%81%af%e8%aa%b0%e3%81%a7%e3%81%99%e3%81%8b","status":"publish","type":"page","link":"https:\/\/jogosonlinegratis.blog.br\/ja\/quem-somos\/","title":{"rendered":"\u79c1\u305f\u3061\u306b\u3064\u3044\u3066"},"content":{"rendered":"<p>\u30aa\u30f3\u30e9\u30a4\u30f3\u30b2\u30fc\u30e0\u306f\u3001\u30c6\u30af\u30ce\u30ed\u30b8\u30fc\u306e\u4e16\u754c\u3092\u30b7\u30f3\u30d7\u30eb\u304b\u3064\u624b\u8efd\u306b\u63a2\u6c42\u3057\u305f\u3044\u65b9\u306e\u305f\u3081\u306b\u4f5c\u3089\u308c\u307e\u3057\u305f\u3002\u3053\u306e\u30dd\u30fc\u30bf\u30eb\u3067\u306f\u3001\u65e5\u3005\u306e\u751f\u6d3b\u3092\u4fbf\u5229\u306b\u3057\u3001\u30aa\u30f3\u30e9\u30a4\u30f3\u306e\u4e16\u754c\u306e\u53ef\u80fd\u6027\u3092\u5e83\u3052\u308b\u30a2\u30d7\u30ea\u30b1\u30fc\u30b7\u30e7\u30f3\u3001\u30c7\u30b8\u30bf\u30eb\u30c4\u30fc\u30eb\u3001\u30c8\u30ec\u30f3\u30c9\u306b\u95a2\u3059\u308b\u6700\u65b0\u306e\u30b3\u30f3\u30c6\u30f3\u30c4\u3092\u304a\u5c4a\u3051\u3057\u307e\u3059\u3002.<\/p>\n<p>\u79c1\u305f\u3061\u306f\u3001\u30a4\u30ce\u30d9\u30fc\u30b7\u30e7\u30f3\u306b\u60c5\u71b1\u3092\u6ce8\u3050\u30c1\u30fc\u30e0\u3092\u64c1\u3057\u3001\u660e\u78ba\u304b\u3064\u5ba2\u89b3\u7684\u306a\u65b9\u6cd5\u3067\u60c5\u5831\u3092\u8abf\u67fb\u3001\u8a55\u4fa1\u3001\u5171\u6709\u3057\u3066\u3044\u307e\u3059\u3002\u304a\u5ba2\u69d8\u306e\u30c7\u30b8\u30bf\u30eb\u30e9\u30a4\u30d5\u3092\u771f\u306b\u5909\u9769\u3059\u308b\u3001\u6709\u7528\u3067\u5b9f\u7528\u7684\u306a\u30bd\u30ea\u30e5\u30fc\u30b7\u30e7\u30f3\u306e\u767a\u898b\u3092\u652f\u63f4\u3059\u308b\u3053\u3068\u306b\u6ce8\u529b\u3057\u3066\u3044\u307e\u3059\u3002.<\/p>\n<p>Jogos Online\u306e\u3059\u3079\u3066\u306e\u30b3\u30f3\u30c6\u30f3\u30c4\u306f\u3001\u8cac\u4efb\u3092\u6301\u3063\u3066\u4f5c\u6210\u3055\u308c\u3001\u614e\u91cd\u306a\u5206\u6790\u306b\u57fa\u3065\u3044\u3066\u304a\u308a\u3001\u54c1\u8cea\u3001\u4fe1\u983c\u6027\u3001\u95a2\u9023\u6027\u3092\u78ba\u4fdd\u3057\u3066\u3044\u307e\u3059\u3002\u79c1\u305f\u3061\u306f\u3001\u60c5\u5831\u306b\u57fa\u3065\u3044\u305f\u8ce2\u660e\u306a\u610f\u601d\u6c7a\u5b9a\u3092\u30b5\u30dd\u30fc\u30c8\u3059\u308b\u4fe1\u983c\u6027\u306e\u9ad8\u3044\u60c5\u5831\u3092\u63d0\u4f9b\u3059\u308b\u3053\u3068\u306b\u52aa\u3081\u3066\u3044\u307e\u3059\u3002.<\/p>\n<p>\u65b0\u3057\u3044\u30a2\u30d7\u30ea\u3092\u63a2\u3057\u305f\u308a\u3001\u30c7\u30b8\u30bf\u30eb\u30b9\u30ad\u30eb\u3092\u7fd2\u5f97\u3057\u305f\u308a\u3001\u6280\u8853\u9769\u65b0\u306b\u9045\u308c\u3092\u53d6\u3089\u306a\u3044\u3088\u3046\u306b\u3057\u305f\u3044\u306a\u3069\u3001Jogos Online\u306f\u5229\u4fbf\u6027\u3068\u9769\u65b0\u3092\u6c42\u3081\u308b\u65b9\u306b\u3068\u3063\u3066\u6700\u9069\u306a\u5834\u6240\u3067\u3059\u3002\u79c1\u305f\u3061\u306f\u3001\u5e38\u306b\u660e\u78ba\u3055\u3068\u4fe1\u983c\u6027\u3092\u3082\u3063\u3066\u3001\u6700\u9ad8\u306e\u30c6\u30af\u30ce\u30ed\u30b8\u30fc\u3092\u304a\u5ba2\u69d8\u306b\u304a\u5c4a\u3051\u3059\u308b\u3053\u3068\u3092\u304a\u7d04\u675f\u3057\u307e\u3059\u3002.<\/p>","protected":false},"excerpt":{"rendered":"<p>O Jogos Online nasceu para quem deseja explorar o mundo da tecnologia de forma simples e acess\u00edvel. Nosso portal re\u00fane conte\u00fados atualizados sobre aplicativos, ferramentas digitais e tend\u00eancias que facilitam sua rotina e ampliam suas possibilidades no universo online. Contamos com uma equipe apaixonada por inova\u00e7\u00e3o, que pesquisa, avalia e compartilha informa\u00e7\u00f5es de forma clara e objetiva. Nosso foco \u00e9 ajudar voc\u00ea a descobrir solu\u00e7\u00f5es \u00fateis e pr\u00e1ticas que realmente podem transformar o seu dia a dia digital. Todos os conte\u00fados do Jogos Online s\u00e3o produzidos com responsabilidade e baseados em an\u00e1lises criteriosas, garantindo qualidade, confian\u00e7a e relev\u00e2ncia. Prezamos por entregar informa\u00e7\u00f5es seguras que apoiem decis\u00f5es conscientes e inteligentes. Seja [&hellip;]<\/p>\n","protected":false},"author":1,"featured_media":0,"parent":0,"menu_order":0,"comment_status":"closed","ping_status":"closed","template":"","meta":{"footnotes":""},"class_list":["post-332","page","type-page","status-publish"],"_links":{"self":[{"href":"https:\/\/jogosonlinegratis.blog.br\/ja\/wp-json\/wp\/v2\/pages\/332","targetHints":{"allow":["GET"]}}],"collection":[{"href":"https:\/\/jogosonlinegratis.blog.br\/ja\/wp-json\/wp\/v2\/pages"}],"about":[{"href":"https:\/\/jogosonlinegratis.blog.br\/ja\/wp-json\/wp\/v2\/types\/page"}],"author":[{"embeddable":true,"href":"https:\/\/jogosonlinegratis.blog.br\/ja\/wp-json\/wp\/v2\/users\/1"}],"replies":[{"embeddable":true,"href":"https:\/\/jogosonlinegratis.blog.br\/ja\/wp-json\/wp\/v2\/comments?post=332"}],"version-history":[{"count":3,"href":"https:\/\/jogosonlinegratis.blog.br\/ja\/wp-json\/wp\/v2\/pages\/332\/revisions"}],"predecessor-version":[{"id":481,"href":"https:\/\/jogosonlinegratis.blog.br\/ja\/wp-json\/wp\/v2\/pages\/332\/revisions\/481"}],"wp:attachment":[{"href":"https:\/\/jogosonlinegratis.blog.br\/ja\/wp-json\/wp\/v2\/media?parent=332"}],"curies":[{"name":"wp","href":"https:\/\/api.w.org\/{rel}","templated":true}]}}