{"id":332,"date":"2025-09-22T07:17:17","date_gmt":"2025-09-22T07:17:17","guid":{"rendered":"https:\/\/jogosonlinegratis.blog.br\/?page_id=332"},"modified":"2026-01-14T01:31:29","modified_gmt":"2026-01-14T01:31:29","slug":"chi-siamo","status":"publish","type":"page","link":"https:\/\/jogosonlinegratis.blog.br\/it\/quem-somos\/","title":{"rendered":"Chi siamo"},"content":{"rendered":"<p>Online Games \u00e8 stato creato per chi desidera esplorare il mondo della tecnologia in modo semplice e accessibile. Il nostro portale raccoglie contenuti aggiornati su applicazioni, strumenti digitali e tendenze che semplificano la tua routine e ampliano le tue possibilit\u00e0 nell&#039;universo online.<\/p>\n<p>Il nostro team \u00e8 appassionato di innovazione, e ricerca, valuta e condivide informazioni in modo chiaro e obiettivo. Il nostro obiettivo \u00e8 aiutarti a scoprire soluzioni utili e pratiche che possano davvero trasformare la tua vita digitale.<\/p>\n<p>Tutti i contenuti di Jogos Online sono prodotti in modo responsabile e basati su un&#039;attenta analisi, garantendo qualit\u00e0, affidabilit\u00e0 e pertinenza. Ci impegniamo a fornire informazioni affidabili che supportino decisioni consapevoli e intelligenti.<\/p>\n<p>Che tu voglia scoprire una nuova app, acquisire competenze digitali o rimanere al passo con le innovazioni tecnologiche, Jogos Online \u00e8 il posto giusto per chi cerca praticit\u00e0 e innovazione. Il nostro impegno \u00e8 quello di metterti in contatto con il meglio della tecnologia, sempre con chiarezza e affidabilit\u00e0.<\/p>","protected":false},"excerpt":{"rendered":"<p>O Jogos Online nasceu para quem deseja explorar o mundo da tecnologia de forma simples e acess\u00edvel. Nosso portal re\u00fane conte\u00fados atualizados sobre aplicativos, ferramentas digitais e tend\u00eancias que facilitam sua rotina e ampliam suas possibilidades no universo online. Contamos com uma equipe apaixonada por inova\u00e7\u00e3o, que pesquisa, avalia e compartilha informa\u00e7\u00f5es de forma clara [&hellip;]<\/p>\n","protected":false},"author":1,"featured_media":0,"parent":0,"menu_order":0,"comment_status":"closed","ping_status":"closed","template":"","meta":{"footnotes":""},"class_list":["post-332","page","type-page","status-publish"],"_links":{"self":[{"href":"https:\/\/jogosonlinegratis.blog.br\/it\/wp-json\/wp\/v2\/pages\/332","targetHints":{"allow":["GET"]}}],"collection":[{"href":"https:\/\/jogosonlinegratis.blog.br\/it\/wp-json\/wp\/v2\/pages"}],"about":[{"href":"https:\/\/jogosonlinegratis.blog.br\/it\/wp-json\/wp\/v2\/types\/page"}],"author":[{"embeddable":true,"href":"https:\/\/jogosonlinegratis.blog.br\/it\/wp-json\/wp\/v2\/users\/1"}],"replies":[{"embeddable":true,"href":"https:\/\/jogosonlinegratis.blog.br\/it\/wp-json\/wp\/v2\/comments?post=332"}],"version-history":[{"count":3,"href":"https:\/\/jogosonlinegratis.blog.br\/it\/wp-json\/wp\/v2\/pages\/332\/revisions"}],"predecessor-version":[{"id":481,"href":"https:\/\/jogosonlinegratis.blog.br\/it\/wp-json\/wp\/v2\/pages\/332\/revisions\/481"}],"wp:attachment":[{"href":"https:\/\/jogosonlinegratis.blog.br\/it\/wp-json\/wp\/v2\/media?parent=332"}],"curies":[{"name":"wp","href":"https:\/\/api.w.org\/{rel}","templated":true}]}}