{"id":332,"date":"2025-09-22T07:17:17","date_gmt":"2025-09-22T07:17:17","guid":{"rendered":"https:\/\/jogosonlinegratis.blog.br\/?page_id=332"},"modified":"2026-01-14T01:31:29","modified_gmt":"2026-01-14T01:31:29","slug":"kik-vagyunk","status":"publish","type":"page","link":"https:\/\/jogosonlinegratis.blog.br\/hu\/quem-somos\/","title":{"rendered":"Kik vagyunk"},"content":{"rendered":"<p>Az Online Games oldalt azok sz\u00e1m\u00e1ra hoztuk l\u00e9tre, akik egyszer\u0171 \u00e9s k\u00f6nnyen hozz\u00e1f\u00e9rhet\u0151 m\u00f3don szeretn\u00e9k felfedezni a technol\u00f3gia vil\u00e1g\u00e1t. Port\u00e1lunk naprak\u00e9sz tartalmakat gy\u0171jt \u00f6ssze az alkalmaz\u00e1sokr\u00f3l, digit\u00e1lis eszk\u00f6z\u00f6kr\u0151l \u00e9s trendekr\u0151l, amelyek megk\u00f6nny\u00edtik a mindennapokat \u00e9s b\u0151v\u00edtik a lehet\u0151s\u00e9geidet az online vil\u00e1gban.<\/p>\n<p>Csapatunk szenved\u00e9lyesen elk\u00f6telezett az innov\u00e1ci\u00f3 ir\u00e1nt, akik vil\u00e1gos \u00e9s objekt\u00edv m\u00f3don kutatnak, \u00e9rt\u00e9kelnek \u00e9s osztanak meg inform\u00e1ci\u00f3kat. Arra \u00f6sszpontos\u00edtunk, hogy seg\u00edts\u00fcnk \u00d6nnek hasznos \u00e9s praktikus megold\u00e1sokat felfedezni, amelyek val\u00f3ban \u00e1talak\u00edthatj\u00e1k digit\u00e1lis \u00e9let\u00e9t.<\/p>\n<p>A Jogos Online \u00f6sszes tartalm\u00e1t felel\u0151ss\u00e9gteljesen \u00e9s gondos elemz\u00e9sen alapulva \u00e1ll\u00edtjuk el\u0151, biztos\u00edtva a min\u0151s\u00e9get, a megb\u00edzhat\u00f3s\u00e1got \u00e9s a relevanci\u00e1t. Arra t\u00f6reksz\u00fcnk, hogy megb\u00edzhat\u00f3 inform\u00e1ci\u00f3kat szolg\u00e1ltassunk, amelyek megalapozott \u00e9s intelligens d\u00f6nt\u00e9seket t\u00e1mogatnak.<\/p>\n<p>Ak\u00e1r \u00faj alkalmaz\u00e1sokat szeretne felfedezni, digit\u00e1lis k\u00e9szs\u00e9geket elsaj\u00e1t\u00edtani, vagy l\u00e9p\u00e9st tartani a technol\u00f3giai \u00faj\u00edt\u00e1sokkal, a Jogos Online a megfelel\u0151 hely azok sz\u00e1m\u00e1ra, akik a k\u00e9nyelmet \u00e9s az innov\u00e1ci\u00f3t keresik. Elk\u00f6telezettek vagyunk az ir\u00e1nt, hogy a legjobb technol\u00f3gi\u00e1val csatlakoztassuk \u00d6nt, mindig \u00e1tl\u00e1that\u00f3an \u00e9s megb\u00edzhat\u00f3an.<\/p>","protected":false},"excerpt":{"rendered":"<p>O Jogos Online nasceu para quem deseja explorar o mundo da tecnologia de forma simples e acess\u00edvel. Nosso portal re\u00fane conte\u00fados atualizados sobre aplicativos, ferramentas digitais e tend\u00eancias que facilitam sua rotina e ampliam suas possibilidades no universo online. Contamos com uma equipe apaixonada por inova\u00e7\u00e3o, que pesquisa, avalia e compartilha informa\u00e7\u00f5es de forma clara [&hellip;]<\/p>\n","protected":false},"author":1,"featured_media":0,"parent":0,"menu_order":0,"comment_status":"closed","ping_status":"closed","template":"","meta":{"footnotes":""},"class_list":["post-332","page","type-page","status-publish"],"_links":{"self":[{"href":"https:\/\/jogosonlinegratis.blog.br\/hu\/wp-json\/wp\/v2\/pages\/332","targetHints":{"allow":["GET"]}}],"collection":[{"href":"https:\/\/jogosonlinegratis.blog.br\/hu\/wp-json\/wp\/v2\/pages"}],"about":[{"href":"https:\/\/jogosonlinegratis.blog.br\/hu\/wp-json\/wp\/v2\/types\/page"}],"author":[{"embeddable":true,"href":"https:\/\/jogosonlinegratis.blog.br\/hu\/wp-json\/wp\/v2\/users\/1"}],"replies":[{"embeddable":true,"href":"https:\/\/jogosonlinegratis.blog.br\/hu\/wp-json\/wp\/v2\/comments?post=332"}],"version-history":[{"count":3,"href":"https:\/\/jogosonlinegratis.blog.br\/hu\/wp-json\/wp\/v2\/pages\/332\/revisions"}],"predecessor-version":[{"id":481,"href":"https:\/\/jogosonlinegratis.blog.br\/hu\/wp-json\/wp\/v2\/pages\/332\/revisions\/481"}],"wp:attachment":[{"href":"https:\/\/jogosonlinegratis.blog.br\/hu\/wp-json\/wp\/v2\/media?parent=332"}],"curies":[{"name":"munkaf\u00fczet","href":"https:\/\/api.w.org\/{rel}","templated":true}]}}