{"id":324,"date":"2025-09-22T07:13:50","date_gmt":"2025-09-22T07:13:50","guid":{"rendered":"https:\/\/jogosonlinegratis.blog.br\/?page_id=324"},"modified":"2026-01-14T01:31:42","modified_gmt":"2026-01-14T01:31:42","slug":"adatvedelmi-iranyelvek","status":"publish","type":"page","link":"https:\/\/jogosonlinegratis.blog.br\/hu\/politica-de-privacidade\/","title":{"rendered":"Adatv\u00e9delmi ir\u00e1nyelvek"},"content":{"rendered":"<p>Az \u00d6n adatainak v\u00e9delme fontos sz\u00e1munkra. A Jogos Online szab\u00e1lyzata szerint tiszteletben tartjuk az \u00d6n adatainak v\u00e9delm\u00e9t minden olyan inform\u00e1ci\u00f3 tekintet\u00e9ben, amelyet a Jogos Online weboldal\u00e1n \u00e9s m\u00e1s, \u00e1ltalunk tulajdonolt \u00e9s \u00fczemeltetett oldalakon gy\u0171jt\u00fcnk \u00d6nr\u0151l.<\/p>\n<p>Szem\u00e9lyes adatokat csak akkor k\u00e9r\u00fcnk, ha val\u00f3ban sz\u00fcks\u00e9g\u00fcnk van r\u00e1juk a szolg\u00e1ltat\u00e1s ny\u00fajt\u00e1s\u00e1hoz. Ezt tisztess\u00e9gesen \u00e9s jogszer\u0171en tessz\u00fck, az \u00d6n tudt\u00e1val \u00e9s hozz\u00e1j\u00e1rul\u00e1s\u00e1val. T\u00e1j\u00e9koztatjuk \u00d6nt arr\u00f3l is, hogy mi\u00e9rt gy\u0171jtj\u00fck azokat, \u00e9s hogyan fogjuk azokat felhaszn\u00e1lni.<\/p>\n<p>A gy\u0171jt\u00f6tt inform\u00e1ci\u00f3kat csak addig \u0151rizz\u00fck meg, ameddig a k\u00e9rt szolg\u00e1ltat\u00e1s ny\u00fajt\u00e1s\u00e1hoz sz\u00fcks\u00e9ges. Adatt\u00e1rol\u00e1skor kereskedelmi szempontb\u00f3l elfogadhat\u00f3 m\u00f3don v\u00e9dj\u00fck azokat az elveszt\u00e9ssel \u00e9s ellop\u00e1ssal, valamint a jogosulatlan hozz\u00e1f\u00e9r\u00e9ssel, nyilv\u00e1noss\u00e1gra hozatallal, m\u00e1sol\u00e1ssal, felhaszn\u00e1l\u00e1ssal vagy m\u00f3dos\u00edt\u00e1ssal szemben.<\/p>\n<p>Szem\u00e9lyazonos\u00edt\u00e1sra alkalmas adatokat nem osztunk meg nyilv\u00e1nosan vagy harmadik felekkel, kiv\u00e9ve, ha azt t\u00f6rv\u00e9ny \u00edrja el\u0151.<\/p>\n<p>Weboldalunk tartalmazhat k\u00fcls\u0151 oldalakra mutat\u00f3 hivatkoz\u00e1sokat, amelyeket nem mi \u00fczemeltet\u00fcnk. Felh\u00edvjuk figyelm\u00e9t, hogy nincs befoly\u00e1sunk ezen oldalak tartalm\u00e1ra \u00e9s gyakorlat\u00e1ra, \u00e9s nem v\u00e1llalhatunk felel\u0151ss\u00e9get azok adatv\u00e9delmi ir\u00e1nyelvei\u00e9rt.<\/p>\n<p>\u00d6n szabadon elutas\u00edthatja a szem\u00e9lyes adatokra vonatkoz\u00f3 k\u00e9r\u00e9s\u00fcnket, tudom\u00e1sul v\u00e9ve, hogy el\u0151fordulhat, hogy nem tudunk bizonyos szolg\u00e1ltat\u00e1sokat ny\u00fajtani az \u00d6n sz\u00e1m\u00e1ra.<\/p>\n<p>Weboldalunk tov\u00e1bbi haszn\u00e1lat\u00e1val elfogadjuk az adatv\u00e9delemmel \u00e9s a szem\u00e9lyes adatokkal kapcsolatos gyakorlatunkat. Ha b\u00e1rmilyen k\u00e9rd\u00e9se van a felhaszn\u00e1l\u00f3i adatok \u00e9s a szem\u00e9lyes adatok kezel\u00e9s\u00e9vel kapcsolatban, k\u00e9rj\u00fck, vegye fel vel\u00fcnk a kapcsolatot.<\/p>\n<h2 class=\"wp-block-heading\">Az online j\u00e1t\u00e9kok weboldal\u00e1nak biztons\u00e1ga \u00e9s megb\u00edzhat\u00f3s\u00e1ga<\/h2>\n<p>A weboldal megb\u00edzhat\u00f3 \u00e9s biztons\u00e1gos a felhaszn\u00e1l\u00f3k b\u00f6ng\u00e9sz\u00e9se szempontj\u00e1b\u00f3l, ahogy azt [a forr\u00e1s\/c\u00e9g] is \u00e1ll\u00edtja.&nbsp;<a target=\"_BLANK\" href=\"https:\/\/confiavel.com.br\/Jogos Online.com\" rel=\"noreferrer noopener\">Ellen\u0151rz\u00e9s<\/a>. Az oldal ellen\u0151rzi a webhely adatait a lehets\u00e9ges biztons\u00e1gi probl\u00e9m\u00e1k azonos\u00edt\u00e1sa \u00e9rdek\u00e9ben. Az eszk\u00f6z ellen\u0151rzi a b\u00f6ng\u00e9sz\u00e9si tev\u00e9kenys\u00e9get.&nbsp;<a target=\"_BLANK\" href=\"https:\/\/transparencyreport.google.com\/safe-browsing\/search?url=Jogos Online.com\" rel=\"noreferrer noopener\">Google biztons\u00e1g<\/a>&nbsp;Ez azt mutatja, hogy az oldal biztons\u00e1gos.<\/p>\n<h2 class=\"wp-block-heading\">Online j\u00e1t\u00e9kok s\u00fcti szab\u00e1lyzata<\/h2>\n<h3 class=\"wp-block-heading\">Mik azok a s\u00fctik?<\/h3>\n<p>Mint szinte minden professzion\u00e1lis weboldalon bevett gyakorlat, ez az oldal s\u00fctiket haszn\u00e1l, amelyek kis f\u00e1jlok, amelyeket a sz\u00e1m\u00edt\u00f3g\u00e9p\u00e9re t\u00f6ltenek le, hogy jav\u00edts\u00e1k a felhaszn\u00e1l\u00f3i \u00e9lm\u00e9nyt. Ez az oldal le\u00edrja, hogy milyen inform\u00e1ci\u00f3kat gy\u0171jtenek, hogyan haszn\u00e1ljuk fel azokat, \u00e9s mi\u00e9rt van sz\u00fcks\u00e9g\u00fcnk n\u00e9ha ezeknek a s\u00fctiknek a t\u00e1rol\u00e1s\u00e1ra. Azt is megosztjuk, hogyan akad\u00e1lyozhatja meg ezeknek a s\u00fctiknek a t\u00e1rol\u00e1s\u00e1t, azonban ez a webhely bizonyos funkci\u00f3inak lemin\u0151s\u00edt\u00e9s\u00e9t vagy \u2018meghib\u00e1sod\u00e1s\u00e1t\u2019 okozhatja.<\/p>\n<h3 class=\"wp-block-heading\">Hogyan haszn\u00e1ljuk a s\u00fctiket?<\/h3>\n<p>S\u00fctiket haszn\u00e1lunk k\u00fcl\u00f6nf\u00e9le okokb\u00f3l, amelyeket az al\u00e1bbiakban r\u00e9szletez\u00fcnk. Sajnos a legt\u00f6bb esetben nincsenek ipar\u00e1gi szabv\u00e1nyos lehet\u0151s\u00e9gek a s\u00fctik letilt\u00e1s\u00e1ra an\u00e9lk\u00fcl, hogy teljesen letiltan\u00e1nk az oldalhoz hozz\u00e1adott funkci\u00f3kat \u00e9s funkci\u00f3kat. Javasoljuk, hogy hagyja enged\u00e9lyezve az \u00f6sszes s\u00fctit, ha nem biztos benne, hogy sz\u00fcks\u00e9ge van-e r\u00e1juk vagy sem, arra az esetre, ha egy \u00d6n \u00e1ltal haszn\u00e1lt szolg\u00e1ltat\u00e1s ny\u00fajt\u00e1s\u00e1hoz haszn\u00e1lj\u00e1k \u0151ket.<\/p>\n<h3 class=\"wp-block-heading\">S\u00fctik letilt\u00e1sa<\/h3>\n<p>A s\u00fctik elhelyez\u00e9s\u00e9t megakad\u00e1lyozhatja a b\u00f6ng\u00e9sz\u0151je be\u00e1ll\u00edt\u00e1sainak m\u00f3dos\u00edt\u00e1s\u00e1val (err\u0151l a b\u00f6ng\u00e9sz\u0151 S\u00fag\u00f3j\u00e1ban tal\u00e1l tov\u00e1bbi inform\u00e1ci\u00f3kat). Felh\u00edvjuk figyelm\u00e9t, hogy a s\u00fctik letilt\u00e1sa befoly\u00e1solja ennek \u00e9s sok m\u00e1s, \u00d6n \u00e1ltal l\u00e1togatott webhelynek a m\u0171k\u00f6d\u00e9s\u00e9t. A s\u00fctik letilt\u00e1sa \u00e1ltal\u00e1ban a webhely bizonyos funkci\u00f3inak \u00e9s szolg\u00e1ltat\u00e1sainak letilt\u00e1s\u00e1t is eredm\u00e9nyezi. Ez\u00e9rt aj\u00e1nlott, hogy ne tiltsa le a s\u00fctiket.<\/p>\n<h3 class=\"wp-block-heading\">\u00c1ltalunk be\u00e1ll\u00edtott s\u00fctik<\/h3>\n<ul class=\"wp-block-list\">\n<li>Fi\u00f3khoz kapcsol\u00f3d\u00f3 s\u00fctik\n<p>Ha fi\u00f3kot hoz l\u00e9tre n\u00e1lunk, s\u00fctiket haszn\u00e1lunk a regisztr\u00e1ci\u00f3s folyamat \u00e9s az \u00e1ltal\u00e1nos adminisztr\u00e1ci\u00f3 kezel\u00e9s\u00e9hez. Ezek a s\u00fctik \u00e1ltal\u00e1ban t\u00f6rl\u0151dnek, amikor kijelentkezik a rendszerb\u0151l, azonban bizonyos esetekben ut\u00e1na is megmaradhatnak, hogy eml\u00e9kezzenek az oldal be\u00e1ll\u00edt\u00e1saira, amikor kil\u00e9p.<\/li>\n<li>Bejelentkez\u00e9ssel kapcsolatos s\u00fctik\n<p>S\u00fctiket haszn\u00e1lunk bejelentkez\u00e9skor, hogy eml\u00e9kezni tudjunk erre a m\u0171veletre. Ez megakad\u00e1lyozza, hogy minden \u00faj oldal megl\u00e1togat\u00e1sakor \u00fajra be kelljen jelentkeznie. Ezek a s\u00fctik \u00e1ltal\u00e1ban elt\u00e1vol\u00edt\u00e1sra vagy t\u00f6rl\u00e9sre ker\u00fclnek kijelentkez\u00e9skor, hogy bejelentkez\u00e9skor csak korl\u00e1tozott er\u0151forr\u00e1sokhoz \u00e9s ter\u00fcletekhez f\u00e9rhessen hozz\u00e1.<\/li>\n<li>E-mail h\u00edrlevelekhez kapcsol\u00f3d\u00f3 s\u00fctik\n<p>Ez a weboldal h\u00edrlev\u00e9l- vagy e-mail-feliratkoz\u00e1si szolg\u00e1ltat\u00e1sokat k\u00edn\u00e1l, \u00e9s s\u00fctiket haszn\u00e1lhatunk annak megjegyz\u00e9s\u00e9re, hogy \u00d6n m\u00e1r regisztr\u00e1lt-e, \u00e9s hogy megjelenjenek-e bizonyos, csak a feliratkozott\/nem feliratkozott felhaszn\u00e1l\u00f3k sz\u00e1m\u00e1ra \u00e9rv\u00e9nyes \u00e9rtes\u00edt\u00e9sek.<\/li>\n<li>Rendel\u00e9sfeldolgoz\u00e1ssal kapcsolatos s\u00fctik\n<p>Ez a weboldal e-kereskedelmi \u00e9s fizet\u00e9si lehet\u0151s\u00e9geket k\u00edn\u00e1l, \u00e9s bizonyos s\u00fctik elengedhetetlenek ahhoz, hogy a rendel\u00e9sed a k\u00fcl\u00f6nb\u00f6z\u0151 oldalak k\u00f6z\u00f6tt is megjegyezve legyen, \u00edgy megfelel\u0151en feldolgozhat\u00f3 legyen.<\/li>\n<li>Keres\u00e9sekhez kapcsol\u00f3d\u00f3 s\u00fctik\n<p>Id\u0151r\u0151l id\u0151re felm\u00e9r\u00e9seket \u00e9s k\u00e9rd\u0151\u00edveket k\u00edn\u00e1lunk, hogy \u00e9rdekes inform\u00e1ci\u00f3kat, hasznos eszk\u00f6z\u00f6ket biztos\u00edtsunk, vagy pontosabban meg\u00e9rts\u00fck felhaszn\u00e1l\u00f3i b\u00e1zisunkat. Ezek a felm\u00e9r\u00e9sek s\u00fctiket haszn\u00e1lhatnak annak megjegyz\u00e9s\u00e9re, hogy kik vettek m\u00e1r r\u00e9szt egy felm\u00e9r\u00e9sben, vagy hogy pontos eredm\u00e9nyeket szolg\u00e1ltassanak az oldal m\u00f3dos\u00edt\u00e1sa ut\u00e1n.<\/li>\n<li>\u0170rlapokkal kapcsolatos s\u00fctik\n<p>Amikor \u0171rlapon, p\u00e9ld\u00e1ul a kapcsolatfelv\u00e9teli oldalakon vagy a hozz\u00e1sz\u00f3l\u00e1si \u0171rlapokon kereszt\u00fcl k\u00fcld be adatokat, s\u00fctiket \u00e1ll\u00edthatunk be, hogy megjegyezz\u00e9k felhaszn\u00e1l\u00f3i adatait a j\u00f6v\u0151beni levelez\u00e9s \u00e9rdek\u00e9ben.<\/li>\n<li>Webhely-be\u00e1ll\u00edt\u00e1si s\u00fctik\n<p>Annak \u00e9rdek\u00e9ben, hogy nagyszer\u0171 felhaszn\u00e1l\u00f3i \u00e9lm\u00e9nyt ny\u00fajthassunk \u00d6nnek ezen az oldalon, lehet\u0151s\u00e9get k\u00edn\u00e1lunk arra, hogy be\u00e1ll\u00edtsa, hogyan viselkedjen ez az oldal haszn\u00e1lat k\u00f6zben. Ahhoz, hogy megjegyezz\u00fck a be\u00e1ll\u00edt\u00e1sait, s\u00fctiket kell be\u00e1ll\u00edtanunk, hogy ezeket az inform\u00e1ci\u00f3kat lek\u00e9rhess\u00fck, valah\u00e1nyszor olyan oldallal l\u00e9p kapcsolatba, amelyet a be\u00e1ll\u00edt\u00e1sai befoly\u00e1solnak.<\/li>\n<\/ul>\n<h3 class=\"wp-block-heading\">Harmadik f\u00e9lt\u0151l sz\u00e1rmaz\u00f3 s\u00fctik<\/h3>\n<p>Bizonyos k\u00fcl\u00f6nleges esetekben megb\u00edzhat\u00f3 harmadik felek \u00e1ltal biztos\u00edtott s\u00fctiket is haszn\u00e1lunk. A k\u00f6vetkez\u0151 szakasz r\u00e9szletezi, hogy milyen harmadik f\u00e9lt\u0151l sz\u00e1rmaz\u00f3 s\u00fctikkel tal\u00e1lkozhat ezen a weboldalon kereszt\u00fcl.<\/p>\n<ul class=\"wp-block-list\">\n<li>Ez az oldal a k\u00f6vetkez\u0151t haszn\u00e1lja:&nbsp;<a href=\"https:\/\/analytics.google.com\/analytics\/web\/\">Google Analytics<\/a>, Ez az egyik legelterjedtebb \u00e9s legmegb\u00edzhat\u00f3bb analitikai megold\u00e1s az interneten, amely seg\u00edt meg\u00e9rteni, hogyan haszn\u00e1lja a webhelyet, \u00e9s hogyan jav\u00edthatjuk a felhaszn\u00e1l\u00f3i \u00e9lm\u00e9nyt. Ezek a s\u00fctik nyomon k\u00f6vethetik p\u00e9ld\u00e1ul azt, hogy mennyi id\u0151t t\u00f6lt a webhelyen \u00e9s mely oldalakat l\u00e1togatja meg, hogy tov\u00e1bbra is lebilincsel\u0151 tartalmakat tudjunk l\u00e9trehozni.<\/li>\n<\/ul>\n<p>A Google Analytics s\u00fctikkel kapcsolatos tov\u00e1bbi inform\u00e1ci\u00f3k\u00e9rt k\u00e9rj\u00fck, l\u00e1togassa meg a Google Analytics hivatalos oldal\u00e1t.<\/p>\n<ul class=\"wp-block-list\">\n<li>Harmadik f\u00e9lt\u0151l sz\u00e1rmaz\u00f3 elemz\u00e9seket haszn\u00e1lunk a webhely haszn\u00e1lat\u00e1nak nyomon k\u00f6vet\u00e9s\u00e9re \u00e9s m\u00e9r\u00e9s\u00e9re, hogy tov\u00e1bbra is lebilincsel\u0151 tartalmat tudjunk el\u0151\u00e1ll\u00edtani. Ezek a s\u00fctik nyomon k\u00f6vethetik p\u00e9ld\u00e1ul azt, hogy mennyi id\u0151t t\u00f6lt a webhelyen vagy a megl\u00e1togatott oldalakon, ami seg\u00edt meg\u00e9rten\u00fcnk, hogyan fejleszthetj\u00fck a webhelyet az \u00d6n sz\u00e1m\u00e1ra.<\/li>\n<li>Id\u0151r\u0151l id\u0151re tesztel\u00fcnk \u00faj funkci\u00f3kat, \u00e9s apr\u00f3 v\u00e1ltoztat\u00e1sokat hajtunk v\u00e9gre a webhely megjelen\u00e9s\u00e9n. Amikor m\u00e9g \u00faj funkci\u00f3kat tesztel\u00fcnk, ezeket a s\u00fctiket arra haszn\u00e1lhatjuk, hogy biztos\u00edtsuk a webhelyen ny\u00fajtott egys\u00e9ges felhaszn\u00e1l\u00f3i \u00e9lm\u00e9nyt, mik\u00f6zben meg\u00e9rtj\u00fck, hogy mely optimaliz\u00e1l\u00e1sokat \u00e9rt\u00e9kelik a felhaszn\u00e1l\u00f3ink \u200b\u200ba legjobban.<\/li>\n<li>Mivel term\u00e9keket \u00e9rt\u00e9kes\u00edt\u00fcnk, fontos sz\u00e1munkra, hogy meg\u00e9rts\u00fck a statisztik\u00e1kat arr\u00f3l, hogy weboldalunk l\u00e1togat\u00f3inak h\u00e1nyan v\u00e1s\u00e1rolnak t\u00e9nylegesen, \u00e9s ezek az adatok azok, amelyeket ezek a s\u00fctik nyomon k\u00f6vetnek. Ez az\u00e9rt fontos az \u00d6n sz\u00e1m\u00e1ra, mert azt jelenti, hogy pontos \u00fczleti el\u0151rejelz\u00e9seket tudunk k\u00e9sz\u00edteni, amelyek lehet\u0151v\u00e9 teszik sz\u00e1munkra, hogy elemezz\u00fck hirdet\u00e9si \u00e9s term\u00e9kk\u00f6lts\u00e9geinket a lehet\u0151 legjobb \u00e1r biztos\u00edt\u00e1sa \u00e9rdek\u00e9ben.<\/li>\n<\/ul>\n<h3 class=\"wp-block-heading\">Felhaszn\u00e1l\u00f3i k\u00f6telezetts\u00e9gv\u00e1llal\u00e1s<\/h3>\n<p>A felhaszn\u00e1l\u00f3 beleegyezik abba, hogy megfelel\u0151en haszn\u00e1lja a Jogos Online \u00e1ltal a weboldalon k\u00edn\u00e1lt tartalmakat \u00e9s inform\u00e1ci\u00f3kat, bele\u00e9rtve, de nem kiz\u00e1r\u00f3lagosan:<\/p>\n<ul class=\"wp-block-list\">\n<li>A) Ne vegyen r\u00e9szt olyan tev\u00e9kenys\u00e9gekben, amelyek illeg\u00e1lisak vagy ellent\u00e9tesek a j\u00f3hiszem\u0171s\u00e9ggel \u00e9s a k\u00f6zrenddel;<\/li>\n<li>B) Nem terjeszthet rasszista vagy idegengy\u0171l\u00f6l\u0151 jelleg\u0171, illetve szerencsej\u00e1t\u00e9kkal, szerencsej\u00e1t\u00e9kokkal, b\u00e1rmilyen t\u00edpus\u00fa illeg\u00e1lis pornogr\u00e1fi\u00e1val, illetve terrorizmust n\u00e9pszer\u0171s\u00edt\u0151 vagy emberi jogokat s\u00e9rt\u0151 tartalommal kapcsolatos propagand\u00e1t vagy tartalmat;<\/li>\n<li>C) Nem okoz k\u00e1rt az Online J\u00e1t\u00e9kok, besz\u00e1ll\u00edt\u00f3i vagy harmadik felek fizikai (hardver) \u00e9s logikai (szoftver) rendszereiben sz\u00e1m\u00edt\u00f3g\u00e9pes v\u00edrusok vagy b\u00e1rmely m\u00e1s, a fent eml\u00edtett k\u00e1rokat okozni k\u00e9pes hardver- vagy szoftverrendszerek bevezet\u00e9s\u00e9vel vagy terjeszt\u00e9s\u00e9vel.<\/li>\n<\/ul>\n<h3 class=\"wp-block-heading\">S\u00fctik blokkol\u00e1sa:<\/h3>\n<p>A felhaszn\u00e1l\u00f3k b\u00e1rmikor blokkolhatj\u00e1k \u00e9s\/vagy letilthatj\u00e1k a s\u00fctiket b\u00e1rmely weboldalr\u00f3l, bele\u00e9rtve a mi\u00e9nket is. Ehhez nyissa meg b\u00f6ng\u00e9sz\u0151je be\u00e1ll\u00edt\u00e1sait. Az al\u00e1bbiakban tal\u00e1lja a f\u0151bb b\u00f6ng\u00e9sz\u0151kh\u00f6z tartoz\u00f3 s\u00fag\u00f3\u00fatmutat\u00f3kat:<\/p>\n<ul class=\"wp-block-list\">\n<li><a href=\"https:\/\/support.google.com\/accounts\/answer\/61416?hl=en\" target=\"_blank\" rel=\"noreferrer noopener\">Google Chrome<\/a><\/li>\n<li><a href=\"https:\/\/support.mozilla.org\/en-US\/kb\/enhanced-tracking-protection-firefox-desktop?redirectlocale=en-US&amp;redirectslug=enable-and-disable-cookies-website-preferences\" target=\"_blank\" rel=\"noreferrer noopener\">Firefox<\/a><\/li>\n<li><a href=\"https:\/\/support.microsoft.com\/pt-br\/help\/17442\/windows-internet-explorer-delete-manage-cookies\" target=\"_blank\" rel=\"noreferrer noopener\">Microsoft Edge<\/a><\/li>\n<li><a href=\"https:\/\/blogs.opera.com\/news\/2015\/08\/how-to-manage-cookies-in-opera\/\" target=\"_blank\" rel=\"noreferrer noopener\">Opera<\/a><\/li>\n<li><a href=\"https:\/\/support.apple.com\/pt-br\/guide\/safari\/sfri11471\/mac\" target=\"_blank\" rel=\"noreferrer noopener\">Szafari&nbsp;<\/a>.<\/li>\n<\/ul>\n<h3 class=\"wp-block-heading\">Tov\u00e1bbi inform\u00e1ci\u00f3k<\/h3>\n<p>Rem\u00e9lj\u00fck, hogy ez vil\u00e1gos, \u00e9s ahogy kor\u00e1bban eml\u00edtett\u00fck, ha b\u00e1rmiben bizonytalan, hogy sz\u00fcks\u00e9ge van-e r\u00e1juk vagy sem, \u00e1ltal\u00e1ban biztons\u00e1gosabb enged\u00e9lyezve hagyni a s\u00fctiket arra az esetre, ha a weboldalunkon haszn\u00e1lt funkci\u00f3k valamelyik\u00e9t haszn\u00e1lja.<\/p>","protected":false},"excerpt":{"rendered":"<p>A sua privacidade \u00e9 importante para n\u00f3s. \u00c9 pol\u00edtica do Jogos Online respeitar a sua privacidade em rela\u00e7\u00e3o a qualquer informa\u00e7\u00e3o sua que possamos coletar no site&nbsp;Jogos Online, e outros sites que possu\u00edmos e operamos. Solicitamos informa\u00e7\u00f5es pessoais apenas quando realmente precisamos delas para lhe fornecer um servi\u00e7o. Fazemo-lo por meios justos e legais, com [&hellip;]<\/p>\n","protected":false},"author":1,"featured_media":0,"parent":0,"menu_order":0,"comment_status":"closed","ping_status":"closed","template":"","meta":{"footnotes":""},"class_list":["post-324","page","type-page","status-publish"],"_links":{"self":[{"href":"https:\/\/jogosonlinegratis.blog.br\/hu\/wp-json\/wp\/v2\/pages\/324","targetHints":{"allow":["GET"]}}],"collection":[{"href":"https:\/\/jogosonlinegratis.blog.br\/hu\/wp-json\/wp\/v2\/pages"}],"about":[{"href":"https:\/\/jogosonlinegratis.blog.br\/hu\/wp-json\/wp\/v2\/types\/page"}],"author":[{"embeddable":true,"href":"https:\/\/jogosonlinegratis.blog.br\/hu\/wp-json\/wp\/v2\/users\/1"}],"replies":[{"embeddable":true,"href":"https:\/\/jogosonlinegratis.blog.br\/hu\/wp-json\/wp\/v2\/comments?post=324"}],"version-history":[{"count":5,"href":"https:\/\/jogosonlinegratis.blog.br\/hu\/wp-json\/wp\/v2\/pages\/324\/revisions"}],"predecessor-version":[{"id":482,"href":"https:\/\/jogosonlinegratis.blog.br\/hu\/wp-json\/wp\/v2\/pages\/324\/revisions\/482"}],"wp:attachment":[{"href":"https:\/\/jogosonlinegratis.blog.br\/hu\/wp-json\/wp\/v2\/media?parent=324"}],"curies":[{"name":"munkaf\u00fczet","href":"https:\/\/api.w.org\/{rel}","templated":true}]}}