{"id":332,"date":"2025-09-22T07:17:17","date_gmt":"2025-09-22T07:17:17","guid":{"rendered":"https:\/\/jogosonlinegratis.blog.br\/?page_id=332"},"modified":"2026-01-14T01:31:29","modified_gmt":"2026-01-14T01:31:29","slug":"tko-smo-mi","status":"publish","type":"page","link":"https:\/\/jogosonlinegratis.blog.br\/hr\/quem-somos\/","title":{"rendered":"Tko smo mi"},"content":{"rendered":"<p>Online igre su stvorene za one koji \u017eele istra\u017eiti svijet tehnologije na jednostavan i pristupa\u010dan na\u010din. Na\u0161 portal okuplja a\u017eurirani sadr\u017eaj o aplikacijama, digitalnim alatima i trendovima koji olak\u0161avaju va\u0161u rutinu i pro\u0161iruju va\u0161e mogu\u0107nosti u online svijetu.<\/p>\n<p>Imamo tim strastven prema inovacijama koji istra\u017euje, procjenjuje i dijeli informacije na jasan i objektivan na\u010din. Na\u0161 je fokus na tome da vam pomognemo otkriti korisna i prakti\u010dna rje\u0161enja koja mogu istinski transformirati va\u0161 digitalni \u017eivot.<\/p>\n<p>Sav sadr\u017eaj na Jogos Onlineu izra\u0111uje se odgovorno i temelji se na pa\u017eljivoj analizi, osiguravaju\u0107i kvalitetu, pouzdanost i relevantnost. Nastojimo pru\u017eiti pouzdane informacije koje podr\u017eavaju informirane i inteligentne odluke.<\/p>\n<p>Tra\u017eite li novu aplikaciju, u\u010dite digitalne vje\u0161tine ili pratite najnovije tehnolo\u0161ke inovacije, Jogos Online je savr\u0161eno mjesto za one koji tra\u017ee prakti\u010dnost i inovacije. Na\u0161a je predanost povezati vas s najboljom tehnologijom, uvijek uz jasno\u0107u i pouzdanost.<\/p>","protected":false},"excerpt":{"rendered":"<p>O Jogos Online nasceu para quem deseja explorar o mundo da tecnologia de forma simples e acess\u00edvel. Nosso portal re\u00fane conte\u00fados atualizados sobre aplicativos, ferramentas digitais e tend\u00eancias que facilitam sua rotina e ampliam suas possibilidades no universo online. Contamos com uma equipe apaixonada por inova\u00e7\u00e3o, que pesquisa, avalia e compartilha informa\u00e7\u00f5es de forma clara [&hellip;]<\/p>\n","protected":false},"author":1,"featured_media":0,"parent":0,"menu_order":0,"comment_status":"closed","ping_status":"closed","template":"","meta":{"footnotes":""},"class_list":["post-332","page","type-page","status-publish"],"_links":{"self":[{"href":"https:\/\/jogosonlinegratis.blog.br\/hr\/wp-json\/wp\/v2\/pages\/332","targetHints":{"allow":["GET"]}}],"collection":[{"href":"https:\/\/jogosonlinegratis.blog.br\/hr\/wp-json\/wp\/v2\/pages"}],"about":[{"href":"https:\/\/jogosonlinegratis.blog.br\/hr\/wp-json\/wp\/v2\/types\/page"}],"author":[{"embeddable":true,"href":"https:\/\/jogosonlinegratis.blog.br\/hr\/wp-json\/wp\/v2\/users\/1"}],"replies":[{"embeddable":true,"href":"https:\/\/jogosonlinegratis.blog.br\/hr\/wp-json\/wp\/v2\/comments?post=332"}],"version-history":[{"count":3,"href":"https:\/\/jogosonlinegratis.blog.br\/hr\/wp-json\/wp\/v2\/pages\/332\/revisions"}],"predecessor-version":[{"id":481,"href":"https:\/\/jogosonlinegratis.blog.br\/hr\/wp-json\/wp\/v2\/pages\/332\/revisions\/481"}],"wp:attachment":[{"href":"https:\/\/jogosonlinegratis.blog.br\/hr\/wp-json\/wp\/v2\/media?parent=332"}],"curies":[{"name":"radni list","href":"https:\/\/api.w.org\/{rel}","templated":true}]}}