{"id":332,"date":"2025-09-22T07:17:17","date_gmt":"2025-09-22T07:17:17","guid":{"rendered":"https:\/\/jogosonlinegratis.blog.br\/?page_id=332"},"modified":"2026-01-14T01:31:29","modified_gmt":"2026-01-14T01:31:29","slug":"%d7%9e%d7%99-%d7%90%d7%a0%d7%97%d7%a0%d7%95","status":"publish","type":"page","link":"https:\/\/jogosonlinegratis.blog.br\/he\/quem-somos\/","title":{"rendered":"\u05de\u05d9 \u05d0\u05e0\u05d7\u05e0\u05d5"},"content":{"rendered":"<p>\u05de\u05e9\u05d7\u05e7\u05d9\u05dd \u05de\u05e7\u05d5\u05d5\u05e0\u05d9\u05dd \u05e0\u05d5\u05e6\u05e8\u05d5 \u05e2\u05d1\u05d5\u05e8 \u05d0\u05dc\u05d5 \u05d4\u05de\u05e2\u05d5\u05e0\u05d9\u05d9\u05e0\u05d9\u05dd \u05dc\u05d7\u05e7\u05d5\u05e8 \u05d0\u05ea \u05e2\u05d5\u05dc\u05dd \u05d4\u05d8\u05db\u05e0\u05d5\u05dc\u05d5\u05d2\u05d9\u05d4 \u05d1\u05e6\u05d5\u05e8\u05d4 \u05e4\u05e9\u05d5\u05d8\u05d4 \u05d5\u05e0\u05d2\u05d9\u05e9\u05d4. \u05d4\u05e4\u05d5\u05e8\u05d8\u05dc \u05e9\u05dc\u05e0\u05d5 \u05de\u05d0\u05d2\u05d3 \u05ea\u05d5\u05db\u05df \u05e2\u05d3\u05db\u05e0\u05d9 \u05e2\u05dc \u05d9\u05d9\u05e9\u05d5\u05de\u05d9\u05dd, \u05db\u05dc\u05d9\u05dd \u05d3\u05d9\u05d2\u05d9\u05d8\u05dc\u05d9\u05d9\u05dd \u05d5\u05de\u05d2\u05de\u05d5\u05ea \u05e9\u05d4\u05d5\u05e4\u05db\u05d9\u05dd \u05d0\u05ea \u05e9\u05d2\u05e8\u05ea \u05d9\u05d5\u05de\u05db\u05dd \u05dc\u05e7\u05dc\u05d4 \u05d9\u05d5\u05ea\u05e8 \u05d5\u05de\u05e8\u05d7\u05d9\u05d1\u05d9\u05dd \u05d0\u05ea \u05d4\u05d0\u05e4\u05e9\u05e8\u05d5\u05d9\u05d5\u05ea \u05e9\u05dc\u05db\u05dd \u05d1\u05d9\u05e7\u05d5\u05dd \u05d4\u05de\u05e7\u05d5\u05d5\u05df.<\/p>\n<p>\u05d9\u05e9 \u05dc\u05e0\u05d5 \u05e6\u05d5\u05d5\u05ea \u05e0\u05dc\u05d4\u05d1 \u05dc\u05d7\u05d3\u05e9\u05e0\u05d5\u05ea, \u05d0\u05e9\u05e8 \u05d7\u05d5\u05e7\u05e8, \u05de\u05e2\u05e8\u05d9\u05da \u05d5\u05de\u05e9\u05ea\u05e3 \u05de\u05d9\u05d3\u05e2 \u05d1\u05e6\u05d5\u05e8\u05d4 \u05d1\u05e8\u05d5\u05e8\u05d4 \u05d5\u05d0\u05d5\u05d1\u05d9\u05d9\u05e7\u05d8\u05d9\u05d1\u05d9\u05ea. \u05d0\u05e0\u05d5 \u05de\u05ea\u05de\u05e7\u05d3\u05d9\u05dd \u05d1\u05e1\u05d9\u05d5\u05e2 \u05dc\u05db\u05dd \u05dc\u05d2\u05dc\u05d5\u05ea \u05e4\u05ea\u05e8\u05d5\u05e0\u05d5\u05ea \u05e9\u05d9\u05de\u05d5\u05e9\u05d9\u05d9\u05dd \u05d5\u05de\u05e2\u05e9\u05d9\u05d9\u05dd \u05e9\u05d9\u05db\u05d5\u05dc\u05d9\u05dd \u05d1\u05d0\u05de\u05ea \u05dc\u05e9\u05e0\u05d5\u05ea \u05d0\u05ea \u05d7\u05d9\u05d9\u05db\u05dd \u05d4\u05d3\u05d9\u05d2\u05d9\u05d8\u05dc\u05d9\u05d9\u05dd.<\/p>\n<p>\u05db\u05dc \u05d4\u05ea\u05d5\u05db\u05df \u05d1-Jogos Online \u05de\u05d5\u05e4\u05e7 \u05d1\u05d0\u05d7\u05e8\u05d9\u05d5\u05ea \u05d5\u05de\u05d1\u05d5\u05e1\u05e1 \u05e2\u05dc \u05e0\u05d9\u05ea\u05d5\u05d7 \u05de\u05d3\u05d5\u05e7\u05d3\u05e7, \u05ea\u05d5\u05da \u05d4\u05d1\u05d8\u05d7\u05ea \u05d0\u05d9\u05db\u05d5\u05ea, \u05d0\u05de\u05d9\u05e0\u05d5\u05ea \u05d5\u05e8\u05dc\u05d5\u05d5\u05e0\u05d8\u05d9\u05d5\u05ea. \u05d0\u05e0\u05d5 \u05e9\u05d5\u05d0\u05e4\u05d9\u05dd \u05dc\u05e1\u05e4\u05e7 \u05de\u05d9\u05d3\u05e2 \u05d0\u05de\u05d9\u05df \u05d4\u05ea\u05d5\u05de\u05da \u05d1\u05d4\u05d7\u05dc\u05d8\u05d5\u05ea \u05de\u05d5\u05e9\u05db\u05dc\u05d5\u05ea \u05d5\u05d7\u05db\u05de\u05d5\u05ea.<\/p>\n<p>\u05d1\u05d9\u05df \u05d0\u05dd \u05d0\u05ea\u05dd \u05de\u05d7\u05e4\u05e9\u05d9\u05dd \u05dc\u05d2\u05dc\u05d5\u05ea \u05d0\u05e4\u05dc\u05d9\u05e7\u05e6\u05d9\u05d4 \u05d7\u05d3\u05e9\u05d4, \u05dc\u05dc\u05de\u05d5\u05d3 \u05de\u05d9\u05d5\u05de\u05e0\u05d5\u05d9\u05d5\u05ea \u05d3\u05d9\u05d2\u05d9\u05d8\u05dc\u05d9\u05d5\u05ea \u05d0\u05d5 \u05dc\u05d4\u05ea\u05e2\u05d3\u05db\u05df \u05d1\u05d7\u05d9\u05d3\u05d5\u05e9\u05d9\u05dd \u05d8\u05db\u05e0\u05d5\u05dc\u05d5\u05d2\u05d9\u05d9\u05dd, Jogos Online \u05d4\u05d5\u05d0 \u05d4\u05de\u05e7\u05d5\u05dd \u05d4\u05e0\u05db\u05d5\u05df \u05e2\u05d1\u05d5\u05e8 \u05d0\u05dc\u05d5 \u05d4\u05de\u05d7\u05e4\u05e9\u05d9\u05dd \u05e0\u05d5\u05d7\u05d5\u05ea \u05d5\u05d7\u05d3\u05e9\u05e0\u05d5\u05ea. \u05d4\u05de\u05d7\u05d5\u05d9\u05d1\u05d5\u05ea \u05e9\u05dc\u05e0\u05d5 \u05d4\u05d9\u05d0 \u05dc\u05d7\u05d1\u05e8 \u05d0\u05ea\u05db\u05dd \u05dc\u05d8\u05db\u05e0\u05d5\u05dc\u05d5\u05d2\u05d9\u05d4 \u05d4\u05d8\u05d5\u05d1\u05d4 \u05d1\u05d9\u05d5\u05ea\u05e8, \u05ea\u05de\u05d9\u05d3 \u05e2\u05dd \u05d1\u05d4\u05d9\u05e8\u05d5\u05ea \u05d5\u05d0\u05de\u05d9\u05e0\u05d5\u05ea.<\/p>","protected":false},"excerpt":{"rendered":"<p>O Jogos Online nasceu para quem deseja explorar o mundo da tecnologia de forma simples e acess\u00edvel. Nosso portal re\u00fane conte\u00fados atualizados sobre aplicativos, ferramentas digitais e tend\u00eancias que facilitam sua rotina e ampliam suas possibilidades no universo online. Contamos com uma equipe apaixonada por inova\u00e7\u00e3o, que pesquisa, avalia e compartilha informa\u00e7\u00f5es de forma clara [&hellip;]<\/p>\n","protected":false},"author":1,"featured_media":0,"parent":0,"menu_order":0,"comment_status":"closed","ping_status":"closed","template":"","meta":{"footnotes":""},"class_list":["post-332","page","type-page","status-publish"],"_links":{"self":[{"href":"https:\/\/jogosonlinegratis.blog.br\/he\/wp-json\/wp\/v2\/pages\/332","targetHints":{"allow":["GET"]}}],"collection":[{"href":"https:\/\/jogosonlinegratis.blog.br\/he\/wp-json\/wp\/v2\/pages"}],"about":[{"href":"https:\/\/jogosonlinegratis.blog.br\/he\/wp-json\/wp\/v2\/types\/page"}],"author":[{"embeddable":true,"href":"https:\/\/jogosonlinegratis.blog.br\/he\/wp-json\/wp\/v2\/users\/1"}],"replies":[{"embeddable":true,"href":"https:\/\/jogosonlinegratis.blog.br\/he\/wp-json\/wp\/v2\/comments?post=332"}],"version-history":[{"count":3,"href":"https:\/\/jogosonlinegratis.blog.br\/he\/wp-json\/wp\/v2\/pages\/332\/revisions"}],"predecessor-version":[{"id":481,"href":"https:\/\/jogosonlinegratis.blog.br\/he\/wp-json\/wp\/v2\/pages\/332\/revisions\/481"}],"wp:attachment":[{"href":"https:\/\/jogosonlinegratis.blog.br\/he\/wp-json\/wp\/v2\/media?parent=332"}],"curies":[{"name":"wp","href":"https:\/\/api.w.org\/{rel}","templated":true}]}}