{"id":332,"date":"2025-09-22T07:17:17","date_gmt":"2025-09-22T07:17:17","guid":{"rendered":"https:\/\/jogosonlinegratis.blog.br\/?page_id=332"},"modified":"2026-01-14T01:31:29","modified_gmt":"2026-01-14T01:31:29","slug":"qui-nous-sommes","status":"publish","type":"page","link":"https:\/\/jogosonlinegratis.blog.br\/fr\/quem-somos\/","title":{"rendered":"Qui sommes-nous ?"},"content":{"rendered":"<p>Online Games a \u00e9t\u00e9 cr\u00e9\u00e9 pour celles et ceux qui souhaitent explorer le monde de la technologie de mani\u00e8re simple et accessible. Notre portail rassemble des contenus actualis\u00e9s sur les applications, les outils num\u00e9riques et les tendances qui vous facilitent la vie et \u00e9largissent vos horizons dans l&#039;univers en ligne.<\/p>\n<p>Notre \u00e9quipe, passionn\u00e9e d&#039;innovation, recherche, \u00e9value et partage l&#039;information de mani\u00e8re claire et objective. Notre objectif est de vous aider \u00e0 d\u00e9couvrir des solutions utiles et pratiques qui transformeront v\u00e9ritablement votre vie num\u00e9rique.<\/p>\n<p>Tout le contenu de Jogos Online est produit de mani\u00e8re responsable et repose sur une analyse rigoureuse, garantissant ainsi sa qualit\u00e9, sa fiabilit\u00e9 et sa pertinence. Nous nous effor\u00e7ons de fournir des informations fiables permettant de prendre des d\u00e9cisions \u00e9clair\u00e9es et pertinentes.<\/p>\n<p>Que vous souhaitiez d\u00e9couvrir une nouvelle application, acqu\u00e9rir des comp\u00e9tences num\u00e9riques ou rester au fait des derni\u00e8res innovations technologiques, Jogos Online est la plateforme id\u00e9ale pour celles et ceux qui recherchent \u00e0 la fois simplicit\u00e9 et innovation. Notre engagement\u00a0: vous donner acc\u00e8s au meilleur de la technologie, avec clart\u00e9 et fiabilit\u00e9.<\/p>","protected":false},"excerpt":{"rendered":"<p>O Jogos Online nasceu para quem deseja explorar o mundo da tecnologia de forma simples e acess\u00edvel. Nosso portal re\u00fane conte\u00fados atualizados sobre aplicativos, ferramentas digitais e tend\u00eancias que facilitam sua rotina e ampliam suas possibilidades no universo online. Contamos com uma equipe apaixonada por inova\u00e7\u00e3o, que pesquisa, avalia e compartilha informa\u00e7\u00f5es de forma clara [&hellip;]<\/p>\n","protected":false},"author":1,"featured_media":0,"parent":0,"menu_order":0,"comment_status":"closed","ping_status":"closed","template":"","meta":{"footnotes":""},"class_list":["post-332","page","type-page","status-publish"],"_links":{"self":[{"href":"https:\/\/jogosonlinegratis.blog.br\/fr\/wp-json\/wp\/v2\/pages\/332","targetHints":{"allow":["GET"]}}],"collection":[{"href":"https:\/\/jogosonlinegratis.blog.br\/fr\/wp-json\/wp\/v2\/pages"}],"about":[{"href":"https:\/\/jogosonlinegratis.blog.br\/fr\/wp-json\/wp\/v2\/types\/page"}],"author":[{"embeddable":true,"href":"https:\/\/jogosonlinegratis.blog.br\/fr\/wp-json\/wp\/v2\/users\/1"}],"replies":[{"embeddable":true,"href":"https:\/\/jogosonlinegratis.blog.br\/fr\/wp-json\/wp\/v2\/comments?post=332"}],"version-history":[{"count":3,"href":"https:\/\/jogosonlinegratis.blog.br\/fr\/wp-json\/wp\/v2\/pages\/332\/revisions"}],"predecessor-version":[{"id":481,"href":"https:\/\/jogosonlinegratis.blog.br\/fr\/wp-json\/wp\/v2\/pages\/332\/revisions\/481"}],"wp:attachment":[{"href":"https:\/\/jogosonlinegratis.blog.br\/fr\/wp-json\/wp\/v2\/media?parent=332"}],"curies":[{"name":"wp","href":"https:\/\/api.w.org\/{rel}","templated":true}]}}