{"id":332,"date":"2025-09-22T07:17:17","date_gmt":"2025-09-22T07:17:17","guid":{"rendered":"https:\/\/jogosonlinegratis.blog.br\/?page_id=332"},"modified":"2026-01-14T01:31:29","modified_gmt":"2026-01-14T01:31:29","slug":"quienes-somos","status":"publish","type":"page","link":"https:\/\/jogosonlinegratis.blog.br\/es\/quem-somos\/","title":{"rendered":"Quienes somos"},"content":{"rendered":"<p>Juegos Online fue creado para quienes desean explorar el mundo de la tecnolog\u00eda de forma sencilla y accesible. Nuestro portal re\u00fane contenido actualizado sobre aplicaciones, herramientas digitales y tendencias que facilitan tu rutina y ampl\u00edan tus posibilidades en el mundo online.<\/p>\n<p>Contamos con un equipo apasionado por la innovaci\u00f3n que investiga, eval\u00faa y comparte informaci\u00f3n de forma clara y objetiva. Nos centramos en ayudarte a descubrir soluciones \u00fatiles y pr\u00e1cticas que realmente pueden transformar tu vida digital.<\/p>\n<p>Todo el contenido de Jogos Online se produce de forma responsable y se basa en un an\u00e1lisis minucioso, lo que garantiza su calidad, fiabilidad y relevancia. Nos esforzamos por ofrecer informaci\u00f3n fiable que facilite la toma de decisiones informadas e inteligentes.<\/p>\n<p>Ya sea que busques descubrir una nueva aplicaci\u00f3n, aprender habilidades digitales o estar al d\u00eda con las innovaciones tecnol\u00f3gicas, Jogos Online es el lugar ideal para quienes buscan comodidad e innovaci\u00f3n. Nuestro compromiso es conectarte con lo mejor de la tecnolog\u00eda, siempre con claridad y fiabilidad.<\/p>","protected":false},"excerpt":{"rendered":"<p>O Jogos Online nasceu para quem deseja explorar o mundo da tecnologia de forma simples e acess\u00edvel. Nosso portal re\u00fane conte\u00fados atualizados sobre aplicativos, ferramentas digitais e tend\u00eancias que facilitam sua rotina e ampliam suas possibilidades no universo online. Contamos com uma equipe apaixonada por inova\u00e7\u00e3o, que pesquisa, avalia e compartilha informa\u00e7\u00f5es de forma clara [&hellip;]<\/p>\n","protected":false},"author":1,"featured_media":0,"parent":0,"menu_order":0,"comment_status":"closed","ping_status":"closed","template":"","meta":{"footnotes":""},"class_list":["post-332","page","type-page","status-publish"],"_links":{"self":[{"href":"https:\/\/jogosonlinegratis.blog.br\/es\/wp-json\/wp\/v2\/pages\/332","targetHints":{"allow":["GET"]}}],"collection":[{"href":"https:\/\/jogosonlinegratis.blog.br\/es\/wp-json\/wp\/v2\/pages"}],"about":[{"href":"https:\/\/jogosonlinegratis.blog.br\/es\/wp-json\/wp\/v2\/types\/page"}],"author":[{"embeddable":true,"href":"https:\/\/jogosonlinegratis.blog.br\/es\/wp-json\/wp\/v2\/users\/1"}],"replies":[{"embeddable":true,"href":"https:\/\/jogosonlinegratis.blog.br\/es\/wp-json\/wp\/v2\/comments?post=332"}],"version-history":[{"count":3,"href":"https:\/\/jogosonlinegratis.blog.br\/es\/wp-json\/wp\/v2\/pages\/332\/revisions"}],"predecessor-version":[{"id":481,"href":"https:\/\/jogosonlinegratis.blog.br\/es\/wp-json\/wp\/v2\/pages\/332\/revisions\/481"}],"wp:attachment":[{"href":"https:\/\/jogosonlinegratis.blog.br\/es\/wp-json\/wp\/v2\/media?parent=332"}],"curies":[{"name":"wp","href":"https:\/\/api.w.org\/{rel}","templated":true}]}}