{"id":332,"date":"2025-09-22T07:17:17","date_gmt":"2025-09-22T07:17:17","guid":{"rendered":"https:\/\/jogosonlinegratis.blog.br\/?page_id=332"},"modified":"2026-01-14T01:31:29","modified_gmt":"2026-01-14T01:31:29","slug":"wer-wir-sind","status":"publish","type":"page","link":"https:\/\/jogosonlinegratis.blog.br\/de\/quem-somos\/","title":{"rendered":"Wer wir sind"},"content":{"rendered":"<p>Online Games wurde f\u00fcr alle entwickelt, die die Welt der Technologie auf einfache und zug\u00e4ngliche Weise entdecken m\u00f6chten. Unser Portal bietet aktuelle Inhalte zu Anwendungen, digitalen Tools und Trends, die Ihren Alltag erleichtern und Ihre M\u00f6glichkeiten im Online-Universum erweitern.<\/p>\n<p>Unser Team ist innovationsbegeistert und recherchiert, bewertet und teilt Informationen klar und objektiv. Unser Ziel ist es, Ihnen dabei zu helfen, n\u00fctzliche und praktische L\u00f6sungen zu entdecken, die Ihr digitales Leben grundlegend ver\u00e4ndern k\u00f6nnen.<\/p>\n<p>Alle Inhalte auf Jogos Online werden verantwortungsvoll und auf Basis sorgf\u00e4ltiger Analysen erstellt, um Qualit\u00e4t, Zuverl\u00e4ssigkeit und Relevanz zu gew\u00e4hrleisten. Wir sind bestrebt, verl\u00e4ssliche Informationen bereitzustellen, die fundierte und intelligente Entscheidungen erm\u00f6glichen.<\/p>\n<p>Ob Sie eine neue App entdecken, digitale Kompetenzen erwerben oder sich \u00fcber technologische Innovationen informieren m\u00f6chten \u2013 Jogos Online ist die richtige Adresse f\u00fcr alle, die Wert auf Komfort und Innovation legen. Unser Ziel ist es, Ihnen stets die besten Technologien zug\u00e4nglich zu machen \u2013 transparent und zuverl\u00e4ssig.<\/p>","protected":false},"excerpt":{"rendered":"<p>O Jogos Online nasceu para quem deseja explorar o mundo da tecnologia de forma simples e acess\u00edvel. Nosso portal re\u00fane conte\u00fados atualizados sobre aplicativos, ferramentas digitais e tend\u00eancias que facilitam sua rotina e ampliam suas possibilidades no universo online. Contamos com uma equipe apaixonada por inova\u00e7\u00e3o, que pesquisa, avalia e compartilha informa\u00e7\u00f5es de forma clara [&hellip;]<\/p>\n","protected":false},"author":1,"featured_media":0,"parent":0,"menu_order":0,"comment_status":"closed","ping_status":"closed","template":"","meta":{"footnotes":""},"class_list":["post-332","page","type-page","status-publish"],"_links":{"self":[{"href":"https:\/\/jogosonlinegratis.blog.br\/de\/wp-json\/wp\/v2\/pages\/332","targetHints":{"allow":["GET"]}}],"collection":[{"href":"https:\/\/jogosonlinegratis.blog.br\/de\/wp-json\/wp\/v2\/pages"}],"about":[{"href":"https:\/\/jogosonlinegratis.blog.br\/de\/wp-json\/wp\/v2\/types\/page"}],"author":[{"embeddable":true,"href":"https:\/\/jogosonlinegratis.blog.br\/de\/wp-json\/wp\/v2\/users\/1"}],"replies":[{"embeddable":true,"href":"https:\/\/jogosonlinegratis.blog.br\/de\/wp-json\/wp\/v2\/comments?post=332"}],"version-history":[{"count":3,"href":"https:\/\/jogosonlinegratis.blog.br\/de\/wp-json\/wp\/v2\/pages\/332\/revisions"}],"predecessor-version":[{"id":481,"href":"https:\/\/jogosonlinegratis.blog.br\/de\/wp-json\/wp\/v2\/pages\/332\/revisions\/481"}],"wp:attachment":[{"href":"https:\/\/jogosonlinegratis.blog.br\/de\/wp-json\/wp\/v2\/media?parent=332"}],"curies":[{"name":"wp","href":"https:\/\/api.w.org\/{rel}","templated":true}]}}