{"id":328,"date":"2025-09-22T07:15:44","date_gmt":"2025-09-22T07:15:44","guid":{"rendered":"https:\/\/jogosonlinegratis.blog.br\/?page_id=328"},"modified":"2026-01-14T01:32:20","modified_gmt":"2026-01-14T01:32:20","slug":"nutzungsbedingungen","status":"publish","type":"page","link":"https:\/\/jogosonlinegratis.blog.br\/de\/termos-de-uso\/","title":{"rendered":"Nutzungsbedingungen"},"content":{"rendered":"<h2>1. Bedingungen<\/h2>\n<p>Beim Zugriff auf die Website <a href=\"\/de\/jogosonlinegratis.blog.br\/\">Online-Spiele<\/a>, stimmt zu, diese einzuhalten <a href=\"https:\/\/jogosonlinegratis.blog.br\/de\/datenschutzrichtlinie\/\" target=\"_BLANK\" style=\"color: #727496; text-decoration: none;\">Nutzungsbedingungen<\/a>, Sie verpflichten sich, alle geltenden Gesetze und Bestimmungen einzuhalten und sind f\u00fcr die Einhaltung aller geltenden lokalen Gesetze verantwortlich. Sollten Sie mit diesen Bedingungen nicht einverstanden sein, ist Ihnen die Nutzung oder der Zugriff auf diese Website untersagt. Die auf dieser Website enthaltenen Materialien sind durch geltende Urheber- und Markenrechte gesch\u00fctzt.<\/p>\n<h2>2. Lizenznutzung<\/h2>\n<p>Es wird die Erlaubnis erteilt, vor\u00fcbergehend eine Kopie der Materialien (Informationen oder Software) auf der Website der Online-Spiele f\u00fcr den pers\u00f6nlichen, nicht-kommerziellen Gebrauch herunterzuladen. Dies ist die Erteilung einer Lizenz, nicht die \u00dcbertragung des Eigentums, und im Rahmen dieser Lizenz ist Folgendes nicht gestattet: <\/p>\n<ol>\n<li>die Materialien ver\u00e4ndern oder kopieren;  <\/li>\n<li>Die Materialien d\u00fcrfen nicht f\u00fcr kommerzielle Zwecke oder zur \u00f6ffentlichen Zurschaustellung (kommerziell oder nichtkommerziell) verwendet werden;  <\/li>\n<li>Der Versuch, Software, die auf der Webseite \u201eOnline Games\u201c enthalten ist, zu dekompilieren oder zur\u00fcckzuentwickeln, ist untersagt.;  <\/li>\n<li>Entfernen Sie jegliche Urheberrechtsvermerke oder sonstige Eigentumshinweise aus den Materialien; oder  <\/li>\n<li>\u00dcbertragen Sie die Materialien an eine andere Person oder spiegeln Sie die Materialien auf einem anderen Server.<\/li>\n<\/ol>\n<p>Diese Lizenz erlischt automatisch, wenn Sie gegen eine dieser Bestimmungen versto\u00dfen, und kann von Online Games jederzeit widerrufen werden. Nach Beendigung der Nutzung dieser Materialien oder nach Erl\u00f6schen dieser Lizenz m\u00fcssen Sie s\u00e4mtliche heruntergeladenen Materialien in Ihrem Besitz, ob in elektronischer oder gedruckter Form, vernichten.<\/p>\n<h2>3. Haftungsausschluss<\/h2>\n<ol>\n<li>Die Inhalte der Website Jogos Online werden ohne Gew\u00e4hr bereitgestellt. Jogos Online \u00fcbernimmt keinerlei ausdr\u00fcckliche oder stillschweigende Gew\u00e4hrleistungen und schlie\u00dft hiermit jegliche Gew\u00e4hrleistung aus, insbesondere die Gew\u00e4hrleistung der Handels\u00fcblichkeit, der Eignung f\u00fcr einen bestimmten Zweck und der Nichtverletzung von Rechten an geistigem Eigentum oder sonstigen Rechten. <\/li>\n<li>Des Weiteren \u00fcbernimmt die Website \u201eOnline Games\u201c keine Gew\u00e4hr f\u00fcr die Richtigkeit, die zu erwartenden Ergebnisse oder die Zuverl\u00e4ssigkeit der Nutzung der Materialien auf ihrer Website oder in Bezug auf solche Materialien oder auf Websites, die mit dieser Website verlinkt sind.<\/li>\n<\/ol>\n<h2>4. Einschr\u00e4nkungen<\/h2>\n<p>Online Games und seine Lieferanten haften in keinem Fall f\u00fcr Sch\u00e4den (einschlie\u00dflich, aber nicht beschr\u00e4nkt auf Sch\u00e4den durch Datenverlust, entgangenen Gewinn oder Betriebsunterbrechung), die aus der Nutzung oder der Unm\u00f6glichkeit der Nutzung der Materialien auf Online Games entstehen, selbst wenn Online Games oder ein autorisierter Vertreter von Online Games m\u00fcndlich oder schriftlich auf die M\u00f6glichkeit solcher Sch\u00e4den hingewiesen wurde. Da einige Rechtsordnungen Beschr\u00e4nkungen stillschweigender Gew\u00e4hrleistungen oder der Haftung f\u00fcr Folgesch\u00e4den oder Nebensch\u00e4den nicht zulassen, gelten diese Beschr\u00e4nkungen m\u00f6glicherweise nicht f\u00fcr Sie.<\/p>\n<h2>5. Pr\u00e4zision der Werkstoffe<\/h2>\n<p>Die auf der Website von Jogos Online dargestellten Inhalte k\u00f6nnen technische, typografische oder fotografische Fehler enthalten. Jogos Online \u00fcbernimmt keine Gew\u00e4hr f\u00fcr die Richtigkeit, Vollst\u00e4ndigkeit oder Aktualit\u00e4t der Inhalte. Jogos Online beh\u00e4lt sich das Recht vor, die Inhalte der Website jederzeit und ohne Vorank\u00fcndigung zu \u00e4ndern. Jogos Online verpflichtet sich jedoch nicht zur Aktualisierung der Inhalte.<\/p>\n<h2>6. Links<\/h2>\n<p>Jogos Online hat nicht alle mit seiner Website verlinkten Seiten \u00fcberpr\u00fcft und ist nicht f\u00fcr deren Inhalte verantwortlich. Die Verlinkung einer Seite bedeutet keine Empfehlung durch Jogos Online. Die Nutzung verlinkter Websites erfolgt auf eigene Gefahr.<\/p>\n<h3>\u00c4nderungen<\/h3>\n<p>Online Games beh\u00e4lt sich das Recht vor, diese Nutzungsbedingungen jederzeit und ohne vorherige Ank\u00fcndigung zu \u00e4ndern. Durch die Nutzung dieser Website erkl\u00e4ren Sie sich mit der jeweils aktuellen Version dieser Nutzungsbedingungen einverstanden.<\/p>\n<h3>Anwendbares Recht<\/h3>\n<p>Diese Allgemeinen Gesch\u00e4ftsbedingungen unterliegen den Gesetzen des Online-Gl\u00fccksspiels und sind nach diesen auszulegen. Sie unterwerfen sich unwiderruflich der ausschlie\u00dflichen Zust\u00e4ndigkeit der Gerichte in diesem Staat oder Ort.<\/p>","protected":false},"excerpt":{"rendered":"<p>1. Termos Ao acessar ao site Jogos Online, concorda em cumprir estes termos de uso, todas as leis e regulamentos aplic\u00e1veis \u200b\u200be concorda que \u00e9 respons\u00e1vel pelo cumprimento de todas as leis locais aplic\u00e1veis. Se voc\u00ea n\u00e3o concordar com algum desses termos, est\u00e1 proibido de usar ou acessar este site. Os materiais contidos neste site [&hellip;]<\/p>\n","protected":false},"author":1,"featured_media":0,"parent":0,"menu_order":0,"comment_status":"closed","ping_status":"closed","template":"","meta":{"footnotes":""},"class_list":["post-328","page","type-page","status-publish"],"_links":{"self":[{"href":"https:\/\/jogosonlinegratis.blog.br\/de\/wp-json\/wp\/v2\/pages\/328","targetHints":{"allow":["GET"]}}],"collection":[{"href":"https:\/\/jogosonlinegratis.blog.br\/de\/wp-json\/wp\/v2\/pages"}],"about":[{"href":"https:\/\/jogosonlinegratis.blog.br\/de\/wp-json\/wp\/v2\/types\/page"}],"author":[{"embeddable":true,"href":"https:\/\/jogosonlinegratis.blog.br\/de\/wp-json\/wp\/v2\/users\/1"}],"replies":[{"embeddable":true,"href":"https:\/\/jogosonlinegratis.blog.br\/de\/wp-json\/wp\/v2\/comments?post=328"}],"version-history":[{"count":3,"href":"https:\/\/jogosonlinegratis.blog.br\/de\/wp-json\/wp\/v2\/pages\/328\/revisions"}],"predecessor-version":[{"id":484,"href":"https:\/\/jogosonlinegratis.blog.br\/de\/wp-json\/wp\/v2\/pages\/328\/revisions\/484"}],"wp:attachment":[{"href":"https:\/\/jogosonlinegratis.blog.br\/de\/wp-json\/wp\/v2\/media?parent=328"}],"curies":[{"name":"wp","href":"https:\/\/api.w.org\/{rel}","templated":true}]}}