{"id":332,"date":"2025-09-22T07:17:17","date_gmt":"2025-09-22T07:17:17","guid":{"rendered":"https:\/\/jogosonlinegratis.blog.br\/?page_id=332"},"modified":"2026-01-14T01:31:29","modified_gmt":"2026-01-14T01:31:29","slug":"kdo-jsme","status":"publish","type":"page","link":"https:\/\/jogosonlinegratis.blog.br\/cs\/quem-somos\/","title":{"rendered":"Kdo jsme"},"content":{"rendered":"<p>Online hry byly vytvo\u0159eny pro ty, kte\u0159\u00ed cht\u011bj\u00ed prozkoumat sv\u011bt technologi\u00ed jednoduch\u00fdm a p\u0159\u00edstupn\u00fdm zp\u016fsobem. N\u00e1\u0161 port\u00e1l sdru\u017euje aktu\u00e1ln\u00ed obsah o aplikac\u00edch, digit\u00e1ln\u00edch n\u00e1stroj\u00edch a trendech, kter\u00e9 v\u00e1m usnadn\u00ed rutinu a roz\u0161\u00ed\u0159\u00ed va\u0161e mo\u017enosti v online sv\u011bt\u011b.<\/p>\n<p>M\u00e1me t\u00fdm nad\u0161en\u00fd pro inovace, kter\u00fd zkoum\u00e1, vyhodnocuje a sd\u00edl\u00ed informace jasn\u00fdm a objektivn\u00edm zp\u016fsobem. Zam\u011b\u0159ujeme se na to, abychom v\u00e1m pomohli objevit u\u017eite\u010dn\u00e1 a praktick\u00e1 \u0159e\u0161en\u00ed, kter\u00e1 mohou skute\u010dn\u011b transformovat v\u00e1\u0161 digit\u00e1ln\u00ed \u017eivot.<\/p>\n<p>Ve\u0161ker\u00fd obsah na Jogos Online je vytv\u00e1\u0159en zodpov\u011bdn\u011b a na z\u00e1klad\u011b pe\u010dliv\u00e9 anal\u00fdzy, kter\u00e1 zaji\u0161\u0165uje kvalitu, spolehlivost a relevanci. Sna\u017e\u00edme se poskytovat spolehliv\u00e9 informace, kter\u00e9 podporuj\u00ed informovan\u00e1 a inteligentn\u00ed rozhodnut\u00ed.<\/p>\n<p>A\u0165 u\u017e hled\u00e1te novou aplikaci, chcete se nau\u010dit digit\u00e1ln\u00ed dovednosti nebo dr\u017eet krok s technologick\u00fdmi inovacemi, Jogos Online je t\u00edm prav\u00fdm m\u00edstem pro ty, kte\u0159\u00ed hledaj\u00ed pohodl\u00ed a inovace. Na\u0161\u00edm z\u00e1vazkem je spojit v\u00e1s s nejlep\u0161\u00edmi technologiemi, v\u017edy s p\u0159ehlednost\u00ed a spolehlivost\u00ed.<\/p>","protected":false},"excerpt":{"rendered":"<p>O Jogos Online nasceu para quem deseja explorar o mundo da tecnologia de forma simples e acess\u00edvel. Nosso portal re\u00fane conte\u00fados atualizados sobre aplicativos, ferramentas digitais e tend\u00eancias que facilitam sua rotina e ampliam suas possibilidades no universo online. Contamos com uma equipe apaixonada por inova\u00e7\u00e3o, que pesquisa, avalia e compartilha informa\u00e7\u00f5es de forma clara [&hellip;]<\/p>\n","protected":false},"author":1,"featured_media":0,"parent":0,"menu_order":0,"comment_status":"closed","ping_status":"closed","template":"","meta":{"footnotes":""},"class_list":["post-332","page","type-page","status-publish"],"_links":{"self":[{"href":"https:\/\/jogosonlinegratis.blog.br\/cs\/wp-json\/wp\/v2\/pages\/332","targetHints":{"allow":["GET"]}}],"collection":[{"href":"https:\/\/jogosonlinegratis.blog.br\/cs\/wp-json\/wp\/v2\/pages"}],"about":[{"href":"https:\/\/jogosonlinegratis.blog.br\/cs\/wp-json\/wp\/v2\/types\/page"}],"author":[{"embeddable":true,"href":"https:\/\/jogosonlinegratis.blog.br\/cs\/wp-json\/wp\/v2\/users\/1"}],"replies":[{"embeddable":true,"href":"https:\/\/jogosonlinegratis.blog.br\/cs\/wp-json\/wp\/v2\/comments?post=332"}],"version-history":[{"count":3,"href":"https:\/\/jogosonlinegratis.blog.br\/cs\/wp-json\/wp\/v2\/pages\/332\/revisions"}],"predecessor-version":[{"id":481,"href":"https:\/\/jogosonlinegratis.blog.br\/cs\/wp-json\/wp\/v2\/pages\/332\/revisions\/481"}],"wp:attachment":[{"href":"https:\/\/jogosonlinegratis.blog.br\/cs\/wp-json\/wp\/v2\/media?parent=332"}],"curies":[{"name":"wp","href":"https:\/\/api.w.org\/{rel}","templated":true}]}}