{"id":328,"date":"2025-09-22T07:15:44","date_gmt":"2025-09-22T07:15:44","guid":{"rendered":"https:\/\/jogosonlinegratis.blog.br\/?page_id=328"},"modified":"2026-01-14T01:32:20","modified_gmt":"2026-01-14T01:32:20","slug":"podminky-pouziti","status":"publish","type":"page","link":"https:\/\/jogosonlinegratis.blog.br\/cs\/termos-de-uso\/","title":{"rendered":"Podm\u00ednky pou\u017eit\u00ed"},"content":{"rendered":"<h2>1. Podm\u00ednky<\/h2>\n<p>P\u0159i p\u0159\u00edstupu na webov\u00e9 str\u00e1nky <a href=\"\/cs\/jogosonlinegratis.blog.br\/\">Online hry<\/a>, souhlas\u00ed s dodr\u017eov\u00e1n\u00edm t\u011bchto podm\u00ednek <a href=\"https:\/\/jogosonlinegratis.blog.br\/cs\/zasady-ochrany-osobnich-udaju\/\" target=\"_BLANK\" style=\"color: #727496; text-decoration: none;\">podm\u00ednky pou\u017eit\u00ed<\/a>, Souhlas\u00edte s t\u00edm, \u017ee budete dodr\u017eovat v\u0161echny platn\u00e9 z\u00e1kony a p\u0159edpisy a jste zodpov\u011bdn\u00ed za dodr\u017eov\u00e1n\u00ed v\u0161ech platn\u00fdch m\u00edstn\u00edch z\u00e1kon\u016f. Pokud s n\u011bkterou z t\u011bchto podm\u00ednek nesouhlas\u00edte, je v\u00e1m zak\u00e1z\u00e1no tyto str\u00e1nky pou\u017e\u00edvat nebo k nim p\u0159istupovat. Materi\u00e1ly obsa\u017een\u00e9 na t\u011bchto webov\u00fdch str\u00e1nk\u00e1ch jsou chr\u00e1n\u011bny platn\u00fdmi autorsk\u00fdmi pr\u00e1vy a z\u00e1kony o ochrann\u00fdch zn\u00e1mk\u00e1ch.<\/p>\n<h2>2. Pou\u017e\u00edv\u00e1n\u00ed licence<\/h2>\n<p>Je ud\u011bleno povolen\u00ed k do\u010dasn\u00e9mu sta\u017een\u00ed jedn\u00e9 kopie materi\u00e1l\u016f (informac\u00ed nebo softwaru) na webov\u00fdch str\u00e1nk\u00e1ch Online Games pouze pro osobn\u00ed, nekomer\u010dn\u00ed prohl\u00ed\u017een\u00ed. Jedn\u00e1 se o ud\u011blen\u00ed licence, nikoli o p\u0159evod vlastnictv\u00ed, a na z\u00e1klad\u011b t\u00e9to licence nesm\u00edte: <\/p>\n<ol>\n<li>upravovat nebo kop\u00edrovat materi\u00e1ly;  <\/li>\n<li>Pou\u017e\u00edvat materi\u00e1ly pro jak\u00e9koli komer\u010dn\u00ed \u00fa\u010dely nebo pro ve\u0159ejn\u00e9 vystaven\u00ed (komer\u010dn\u00ed \u010di nekomer\u010dn\u00ed);  <\/li>\n<li>Pokus o dekompilaci nebo zp\u011btn\u00e9 in\u017een\u00fdrstv\u00ed jak\u00e9hokoli softwaru obsa\u017een\u00e9ho na webov\u00fdch str\u00e1nk\u00e1ch Online Games;  <\/li>\n<li>odstranit z materi\u00e1l\u016f jak\u00e9koli pozn\u00e1mky o autorsk\u00fdch pr\u00e1vech nebo jin\u00e9 ochrann\u00e9 zn\u00e1mky; nebo  <\/li>\n<li>P\u0159eneste materi\u00e1ly jin\u00e9 osob\u011b nebo je \u2018zrcadlete\u2019 na jak\u00fdkoli jin\u00fd server.<\/li>\n<\/ol>\n<p>Tato licence automaticky zanikne, pokud poru\u0161\u00edte kter\u00e9koli z t\u011bchto omezen\u00ed, a m\u016f\u017ee b\u00fdt spole\u010dnost\u00ed Online Games kdykoli ukon\u010dena. Po ukon\u010den\u00ed prohl\u00ed\u017een\u00ed t\u011bchto materi\u00e1l\u016f nebo po ukon\u010den\u00ed t\u00e9to licence mus\u00edte zni\u010dit v\u0161echny sta\u017een\u00e9 materi\u00e1ly, kter\u00e9 m\u00e1te k dispozici, a\u0165 u\u017e v elektronick\u00e9 nebo ti\u0161t\u011bn\u00e9 podob\u011b.<\/p>\n<h2>3. Prohl\u00e1\u0161en\u00ed o vylou\u010den\u00ed odpov\u011bdnosti<\/h2>\n<ol>\n<li>Materi\u00e1ly na webov\u00fdch str\u00e1nk\u00e1ch Jogos Online jsou poskytov\u00e1ny \u2018tak, jak jsou\u2019. Jogos Online neposkytuje \u017e\u00e1dn\u00e9 z\u00e1ruky, v\u00fdslovn\u00e9 ani implicitn\u00ed, a t\u00edmto se z\u0159\u00edk\u00e1 a pop\u00edr\u00e1 ve\u0161ker\u00e9 ostatn\u00ed z\u00e1ruky, v\u010detn\u011b, bez omezen\u00ed, implicitn\u00edch z\u00e1ruk nebo podm\u00ednek prodejnosti, vhodnosti pro konkr\u00e9tn\u00ed \u00fa\u010del nebo neporu\u0161en\u00ed du\u0161evn\u00edho vlastnictv\u00ed \u010di jin\u00e9ho poru\u0161en\u00ed pr\u00e1v. <\/li>\n<li>Webov\u00e9 str\u00e1nky Online Games d\u00e1le nezaru\u010duj\u00ed ani neposkytuj\u00ed \u017e\u00e1dn\u00e1 prohl\u00e1\u0161en\u00ed t\u00fdkaj\u00edc\u00ed se p\u0159esnosti, pravd\u011bpodobn\u00fdch v\u00fdsledk\u016f nebo spolehlivosti pou\u017eit\u00ed materi\u00e1l\u016f na sv\u00fdch webov\u00fdch str\u00e1nk\u00e1ch nebo jinak souvisej\u00edc\u00edch s t\u011bmito materi\u00e1ly nebo na jak\u00fdchkoli str\u00e1nk\u00e1ch odkazovan\u00fdch na tyto str\u00e1nky.<\/li>\n<\/ol>\n<h2>4. Omezen\u00ed<\/h2>\n<p>Spole\u010dnost Online Games ani jej\u00ed dodavatel\u00e9 nenesou v \u017e\u00e1dn\u00e9m p\u0159\u00edpad\u011b odpov\u011bdnost za jak\u00e9koli \u0161kody (v\u010detn\u011b, mimo jin\u00e9, \u0161kod zp\u016fsoben\u00fdch ztr\u00e1tou dat nebo zisku nebo v d\u016fsledku p\u0159eru\u0161en\u00ed obchodn\u00ed \u010dinnosti) vznikl\u00e9 v d\u016fsledku pou\u017eit\u00ed nebo nemo\u017enosti pou\u017eit\u00ed materi\u00e1l\u016f na str\u00e1nk\u00e1ch Online Games, a to i v p\u0159\u00edpad\u011b, \u017ee spole\u010dnost Online Games nebo opr\u00e1vn\u011bn\u00fd z\u00e1stupce spole\u010dnosti Online Games byli \u00fastn\u011b nebo p\u00edsemn\u011b informov\u00e1ni o mo\u017enosti vzniku takov\u00fdch \u0161kod. Vzhledem k tomu, \u017ee n\u011bkter\u00e9 jurisdikce neumo\u017e\u0148uj\u00ed omezen\u00ed implicitn\u00edch z\u00e1ruk ani omezen\u00ed odpov\u011bdnosti za n\u00e1sledn\u00e9 nebo n\u00e1hodn\u00e9 \u0161kody, nemus\u00ed se na v\u00e1s tato omezen\u00ed vztahovat.<\/p>\n<h2>5. P\u0159esnost materi\u00e1l\u016f<\/h2>\n<p>Materi\u00e1ly zobrazen\u00e9 na webov\u00fdch str\u00e1nk\u00e1ch Jogos Online mohou obsahovat technick\u00e9, typografick\u00e9 nebo fotografick\u00e9 chyby. Jogos Online nezaru\u010duje, \u017ee jak\u00fdkoli materi\u00e1l na jeho webov\u00fdch str\u00e1nk\u00e1ch je p\u0159esn\u00fd, \u00fapln\u00fd nebo aktu\u00e1ln\u00ed. Jogos Online m\u016f\u017ee kdykoli bez p\u0159edchoz\u00edho upozorn\u011bn\u00ed prov\u00e1d\u011bt zm\u011bny v materi\u00e1lech obsa\u017een\u00fdch na sv\u00fdch webov\u00fdch str\u00e1nk\u00e1ch. Jogos Online se v\u0161ak nezavazuje k aktualizaci materi\u00e1l\u016f.<\/p>\n<h2>6. Odkazy<\/h2>\n<p>Spole\u010dnost Jogos Online nekontrolovala v\u0161echny str\u00e1nky odkazovan\u00e9 na jej\u00ed webov\u00e9 str\u00e1nky a nenese odpov\u011bdnost za obsah \u017e\u00e1dn\u00e9 z odkazovan\u00fdch str\u00e1nek. Zahrnut\u00ed jak\u00e9hokoli odkazu neznamen\u00e1, \u017ee spole\u010dnost Jogos Online schvaluje dan\u00e9 str\u00e1nky. Pou\u017e\u00edv\u00e1n\u00ed odkazovan\u00fdch webov\u00fdch str\u00e1nek je na vlastn\u00ed nebezpe\u010d\u00ed u\u017eivatele.<\/p>\n<h3>Modifikace<\/h3>\n<p>Spole\u010dnost Online Games si vyhrazuje pr\u00e1vo kdykoli bez p\u0159edchoz\u00edho upozorn\u011bn\u00ed revidovat tyto podm\u00ednky pou\u017e\u00edv\u00e1n\u00ed webov\u00fdch str\u00e1nek. Pou\u017e\u00edv\u00e1n\u00edm t\u011bchto webov\u00fdch str\u00e1nek souhlas\u00edte s t\u00edm, \u017ee budete v\u00e1z\u00e1ni aktu\u00e1ln\u00ed verz\u00ed t\u011bchto podm\u00ednek pou\u017e\u00edv\u00e1n\u00ed.<\/p>\n<h3>Rozhodn\u00e9 pr\u00e1vo<\/h3>\n<p>Tyto podm\u00ednky se \u0159\u00edd\u00ed a vykl\u00e1daj\u00ed v souladu se z\u00e1kony o online hazardn\u00edch hr\u00e1ch a neodvolateln\u011b se pod\u0159izujete v\u00fdlu\u010dn\u00e9 jurisdikci soud\u016f v dan\u00e9m st\u00e1t\u011b nebo lokalit\u011b.<\/p>","protected":false},"excerpt":{"rendered":"<p>1. Termos Ao acessar ao site Jogos Online, concorda em cumprir estes termos de uso, todas as leis e regulamentos aplic\u00e1veis \u200b\u200be concorda que \u00e9 respons\u00e1vel pelo cumprimento de todas as leis locais aplic\u00e1veis. Se voc\u00ea n\u00e3o concordar com algum desses termos, est\u00e1 proibido de usar ou acessar este site. Os materiais contidos neste site [&hellip;]<\/p>\n","protected":false},"author":1,"featured_media":0,"parent":0,"menu_order":0,"comment_status":"closed","ping_status":"closed","template":"","meta":{"footnotes":""},"class_list":["post-328","page","type-page","status-publish"],"_links":{"self":[{"href":"https:\/\/jogosonlinegratis.blog.br\/cs\/wp-json\/wp\/v2\/pages\/328","targetHints":{"allow":["GET"]}}],"collection":[{"href":"https:\/\/jogosonlinegratis.blog.br\/cs\/wp-json\/wp\/v2\/pages"}],"about":[{"href":"https:\/\/jogosonlinegratis.blog.br\/cs\/wp-json\/wp\/v2\/types\/page"}],"author":[{"embeddable":true,"href":"https:\/\/jogosonlinegratis.blog.br\/cs\/wp-json\/wp\/v2\/users\/1"}],"replies":[{"embeddable":true,"href":"https:\/\/jogosonlinegratis.blog.br\/cs\/wp-json\/wp\/v2\/comments?post=328"}],"version-history":[{"count":3,"href":"https:\/\/jogosonlinegratis.blog.br\/cs\/wp-json\/wp\/v2\/pages\/328\/revisions"}],"predecessor-version":[{"id":484,"href":"https:\/\/jogosonlinegratis.blog.br\/cs\/wp-json\/wp\/v2\/pages\/328\/revisions\/484"}],"wp:attachment":[{"href":"https:\/\/jogosonlinegratis.blog.br\/cs\/wp-json\/wp\/v2\/media?parent=328"}],"curies":[{"name":"wp","href":"https:\/\/api.w.org\/{rel}","templated":true}]}}