{"id":332,"date":"2025-09-22T07:17:17","date_gmt":"2025-09-22T07:17:17","guid":{"rendered":"https:\/\/jogosonlinegratis.blog.br\/?page_id=332"},"modified":"2026-01-14T01:31:29","modified_gmt":"2026-01-14T01:31:29","slug":"%e0%a6%86%e0%a6%ae%e0%a6%b0%e0%a6%be-%e0%a6%95%e0%a6%be%e0%a6%b0%e0%a6%be","status":"publish","type":"page","link":"https:\/\/jogosonlinegratis.blog.br\/bn\/quem-somos\/","title":{"rendered":"\u0986\u09ae\u09b0\u09be \u0995\u09be\u09b0\u09be"},"content":{"rendered":"<p>\u09af\u09be\u09b0\u09be \u09b8\u09b9\u099c \u098f\u09ac\u0982 \u09b8\u09b9\u099c\u09b2\u09ad\u09cd\u09af \u0989\u09aa\u09be\u09af\u09bc\u09c7 \u09aa\u09cd\u09b0\u09af\u09c1\u0995\u09cd\u09a4\u09bf\u09b0 \u099c\u0997\u09ce \u0985\u09a8\u09cd\u09ac\u09c7\u09b7\u09a3 \u0995\u09b0\u09a4\u09c7 \u099a\u09be\u09a8 \u09a4\u09be\u09a6\u09c7\u09b0 \u099c\u09a8\u09cd\u09af \u0985\u09a8\u09b2\u09be\u0987\u09a8 \u0997\u09c7\u09ae \u09a4\u09c8\u09b0\u09bf \u0995\u09b0\u09be \u09b9\u09af\u09bc\u09c7\u099b\u09c7\u0964 \u0986\u09ae\u09be\u09a6\u09c7\u09b0 \u09aa\u09cb\u09b0\u09cd\u099f\u09be\u09b2 \u0985\u09cd\u09af\u09be\u09aa\u09cd\u09b2\u09bf\u0995\u09c7\u09b6\u09a8, \u09a1\u09bf\u099c\u09bf\u099f\u09be\u09b2 \u09b8\u09b0\u099e\u09cd\u099c\u09be\u09ae \u098f\u09ac\u0982 \u09aa\u09cd\u09b0\u09ac\u09a3\u09a4\u09be \u09b8\u09ae\u09cd\u09aa\u09b0\u09cd\u0995\u09c7 \u09b9\u09be\u09b2\u09a8\u09be\u0997\u09be\u09a6 \u09b8\u09be\u09ae\u0997\u09cd\u09b0\u09c0 \u098f\u0995\u09a4\u09cd\u09b0\u09bf\u09a4 \u0995\u09b0\u09c7 \u09af\u09be \u0986\u09aa\u09a8\u09be\u09b0 \u09b0\u09c1\u099f\u09bf\u09a8\u0995\u09c7 \u09b8\u09b9\u099c \u0995\u09b0\u09c7 \u09a4\u09cb\u09b2\u09c7 \u098f\u09ac\u0982 \u0985\u09a8\u09b2\u09be\u0987\u09a8 \u099c\u0997\u09a4\u09c7 \u0986\u09aa\u09a8\u09be\u09b0 \u09b8\u09ae\u09cd\u09ad\u09be\u09ac\u09a8\u09be\u0995\u09c7 \u09aa\u09cd\u09b0\u09b8\u09be\u09b0\u09bf\u09a4 \u0995\u09b0\u09c7\u0964.<\/p>\n<p>\u0986\u09ae\u09be\u09a6\u09c7\u09b0 \u098f\u0995\u099f\u09bf \u09a6\u09b2 \u0986\u099b\u09c7 \u09af\u09be\u09b0\u09be \u0989\u09a6\u09cd\u09ad\u09be\u09ac\u09a8\u09c7\u09b0 \u09aa\u09cd\u09b0\u09a4\u09bf \u0986\u0997\u09cd\u09b0\u09b9\u09c0, \u09af\u09be\u09b0\u09be \u0997\u09ac\u09c7\u09b7\u09a3\u09be, \u09ae\u09c2\u09b2\u09cd\u09af\u09be\u09af\u09bc\u09a8 \u098f\u09ac\u0982 \u09a4\u09a5\u09cd\u09af \u09b8\u09cd\u09aa\u09b7\u09cd\u099f \u098f\u09ac\u0982 \u09ac\u09b8\u09cd\u09a4\u09c1\u09a8\u09bf\u09b7\u09cd\u09a0\u09ad\u09be\u09ac\u09c7 \u09ad\u09be\u0997 \u0995\u09b0\u09c7 \u09a8\u09c7\u09af\u09bc\u0964 \u0986\u09ae\u09be\u09a6\u09c7\u09b0 \u09b2\u0995\u09cd\u09b7\u09cd\u09af \u09b9\u09b2\u09cb \u0986\u09aa\u09a8\u09be\u0995\u09c7 \u098f\u09ae\u09a8 \u0995\u09be\u09b0\u09cd\u09af\u0995\u09b0 \u098f\u09ac\u0982 \u09ac\u09cd\u09af\u09ac\u09b9\u09be\u09b0\u09bf\u0995 \u09b8\u09ae\u09be\u09a7\u09be\u09a8 \u0986\u09ac\u09bf\u09b7\u09cd\u0995\u09be\u09b0 \u0995\u09b0\u09a4\u09c7 \u09b8\u09be\u09b9\u09be\u09af\u09cd\u09af \u0995\u09b0\u09be \u09af\u09be \u0986\u09aa\u09a8\u09be\u09b0 \u09a1\u09bf\u099c\u09bf\u099f\u09be\u09b2 \u099c\u09c0\u09ac\u09a8\u0995\u09c7 \u09b8\u09a4\u09cd\u09af\u09bf\u0995\u09be\u09b0 \u0985\u09b0\u09cd\u09a5\u09c7 \u09b0\u09c2\u09aa\u09be\u09a8\u09cd\u09a4\u09b0\u09bf\u09a4 \u0995\u09b0\u09a4\u09c7 \u09aa\u09be\u09b0\u09c7\u0964.<\/p>\n<p>\u099c\u09cb\u0997\u09cb\u09b8 \u0985\u09a8\u09b2\u09be\u0987\u09a8\u09c7\u09b0 \u09b8\u09ae\u09b8\u09cd\u09a4 \u0995\u09a8\u09cd\u099f\u09c7\u09a8\u09cd\u099f \u09a6\u09be\u09af\u09bc\u09bf\u09a4\u09cd\u09ac\u09b6\u09c0\u09b2\u09a4\u09be\u09b0 \u09b8\u09be\u09a5\u09c7 \u098f\u09ac\u0982 \u09b8\u09a4\u09b0\u09cd\u0995\u09a4\u09be\u09b0 \u09b8\u09be\u09a5\u09c7 \u09ac\u09bf\u09b6\u09cd\u09b2\u09c7\u09b7\u09a3\u09c7\u09b0 \u09ad\u09bf\u09a4\u09cd\u09a4\u09bf\u09a4\u09c7 \u09a4\u09c8\u09b0\u09bf \u0995\u09b0\u09be \u09b9\u09af\u09bc, \u09af\u09be \u0997\u09c1\u09a3\u09ae\u09be\u09a8, \u09a8\u09bf\u09b0\u09cd\u09ad\u09b0\u09af\u09cb\u0997\u09cd\u09af\u09a4\u09be \u098f\u09ac\u0982 \u09aa\u09cd\u09b0\u09be\u09b8\u0999\u09cd\u0997\u09bf\u0995\u09a4\u09be \u09a8\u09bf\u09b6\u09cd\u099a\u09bf\u09a4 \u0995\u09b0\u09c7\u0964 \u0986\u09ae\u09b0\u09be \u09a8\u09bf\u09b0\u09cd\u09ad\u09b0\u09af\u09cb\u0997\u09cd\u09af \u09a4\u09a5\u09cd\u09af \u09b8\u09b0\u09ac\u09b0\u09be\u09b9 \u0995\u09b0\u09be\u09b0 \u099c\u09a8\u09cd\u09af \u09aa\u09cd\u09b0\u099a\u09c7\u09b7\u09cd\u099f\u09be \u0995\u09b0\u09bf \u09af\u09be \u0985\u09ac\u0997\u09a4 \u098f\u09ac\u0982 \u09ac\u09c1\u09a6\u09cd\u09a7\u09bf\u09ae\u09be\u09a8 \u09b8\u09bf\u09a6\u09cd\u09a7\u09be\u09a8\u09cd\u09a4\u0995\u09c7 \u09b8\u09ae\u09b0\u09cd\u09a5\u09a8 \u0995\u09b0\u09c7\u0964.<\/p>\n<p>\u0986\u09aa\u09a8\u09bf \u09af\u09a6\u09bf \u09a8\u09a4\u09c1\u09a8 \u0985\u09cd\u09af\u09be\u09aa \u0986\u09ac\u09bf\u09b7\u09cd\u0995\u09be\u09b0 \u0995\u09b0\u09a4\u09c7 \u099a\u09be\u09a8, \u09a1\u09bf\u099c\u09bf\u099f\u09be\u09b2 \u09a6\u0995\u09cd\u09b7\u09a4\u09be \u09b6\u09bf\u0996\u09a4\u09c7 \u099a\u09be\u09a8, \u0985\u09a5\u09ac\u09be \u09aa\u09cd\u09b0\u09af\u09c1\u0995\u09cd\u09a4\u09bf\u0997\u09a4 \u0989\u09a6\u09cd\u09ad\u09be\u09ac\u09a8\u09c7\u09b0 \u09b8\u09be\u09a5\u09c7 \u09a4\u09be\u09b2 \u09ae\u09bf\u09b2\u09bf\u09af\u09bc\u09c7 \u099a\u09b2\u09a4\u09c7 \u099a\u09be\u09a8, \u09a4\u09be\u09b9\u09b2\u09c7 Jogos Online \u09b9\u09b2 \u09a4\u09be\u09a6\u09c7\u09b0 \u099c\u09a8\u09cd\u09af \u09b8\u09a0\u09bf\u0995 \u099c\u09be\u09af\u09bc\u0997\u09be \u09af\u09be\u09b0\u09be \u09b8\u09c1\u09ac\u09bf\u09a7\u09be \u098f\u09ac\u0982 \u0989\u09a6\u09cd\u09ad\u09be\u09ac\u09a8 \u0996\u09c1\u0981\u099c\u099b\u09c7\u09a8\u0964 \u0986\u09ae\u09be\u09a6\u09c7\u09b0 \u09aa\u09cd\u09b0\u09a4\u09bf\u09b6\u09cd\u09b0\u09c1\u09a4\u09bf \u09b9\u09b2 \u0986\u09aa\u09a8\u09be\u0995\u09c7 \u09b8\u09b0\u09cd\u09ac\u09cb\u09a4\u09cd\u09a4\u09ae \u09aa\u09cd\u09b0\u09af\u09c1\u0995\u09cd\u09a4\u09bf\u09b0 \u09b8\u09be\u09a5\u09c7 \u09b8\u0982\u09af\u09c1\u0995\u09cd\u09a4 \u0995\u09b0\u09be, \u09b8\u09b0\u09cd\u09ac\u09a6\u09be \u09b8\u09cd\u09aa\u09b7\u09cd\u099f\u09a4\u09be \u098f\u09ac\u0982 \u09a8\u09bf\u09b0\u09cd\u09ad\u09b0\u09af\u09cb\u0997\u09cd\u09af\u09a4\u09be\u09b0 \u09b8\u09be\u09a5\u09c7\u0964.<\/p>","protected":false},"excerpt":{"rendered":"<p>O Jogos Online nasceu para quem deseja explorar o mundo da tecnologia de forma simples e acess\u00edvel. Nosso portal re\u00fane conte\u00fados atualizados sobre aplicativos, ferramentas digitais e tend\u00eancias que facilitam sua rotina e ampliam suas possibilidades no universo online. Contamos com uma equipe apaixonada por inova\u00e7\u00e3o, que pesquisa, avalia e compartilha informa\u00e7\u00f5es de forma clara [&hellip;]<\/p>\n","protected":false},"author":1,"featured_media":0,"parent":0,"menu_order":0,"comment_status":"closed","ping_status":"closed","template":"","meta":{"footnotes":""},"class_list":["post-332","page","type-page","status-publish"],"_links":{"self":[{"href":"https:\/\/jogosonlinegratis.blog.br\/bn\/wp-json\/wp\/v2\/pages\/332","targetHints":{"allow":["GET"]}}],"collection":[{"href":"https:\/\/jogosonlinegratis.blog.br\/bn\/wp-json\/wp\/v2\/pages"}],"about":[{"href":"https:\/\/jogosonlinegratis.blog.br\/bn\/wp-json\/wp\/v2\/types\/page"}],"author":[{"embeddable":true,"href":"https:\/\/jogosonlinegratis.blog.br\/bn\/wp-json\/wp\/v2\/users\/1"}],"replies":[{"embeddable":true,"href":"https:\/\/jogosonlinegratis.blog.br\/bn\/wp-json\/wp\/v2\/comments?post=332"}],"version-history":[{"count":3,"href":"https:\/\/jogosonlinegratis.blog.br\/bn\/wp-json\/wp\/v2\/pages\/332\/revisions"}],"predecessor-version":[{"id":481,"href":"https:\/\/jogosonlinegratis.blog.br\/bn\/wp-json\/wp\/v2\/pages\/332\/revisions\/481"}],"wp:attachment":[{"href":"https:\/\/jogosonlinegratis.blog.br\/bn\/wp-json\/wp\/v2\/media?parent=332"}],"curies":[{"name":"wp","href":"https:\/\/api.w.org\/{rel}","templated":true}]}}