{"id":332,"date":"2025-09-22T07:17:17","date_gmt":"2025-09-22T07:17:17","guid":{"rendered":"https:\/\/jogosonlinegratis.blog.br\/?page_id=332"},"modified":"2026-01-14T01:31:29","modified_gmt":"2026-01-14T01:31:29","slug":"%d9%85%d9%86-%d9%86%d8%ad%d9%86","status":"publish","type":"page","link":"https:\/\/jogosonlinegratis.blog.br\/ar\/quem-somos\/","title":{"rendered":"\u0645\u0646 \u0646\u062d\u0646"},"content":{"rendered":"<p>\u062a\u0645 \u0625\u0646\u0634\u0627\u0621 \u0645\u0648\u0642\u0639 \u0627\u0644\u0623\u0644\u0639\u0627\u0628 \u0627\u0644\u0625\u0644\u0643\u062a\u0631\u0648\u0646\u064a\u0629 \u0644\u0623\u0648\u0644\u0626\u0643 \u0627\u0644\u0630\u064a\u0646 \u064a\u0631\u063a\u0628\u0648\u0646 \u0641\u064a \u0627\u0633\u062a\u0643\u0634\u0627\u0641 \u0639\u0627\u0644\u0645 \u0627\u0644\u062a\u0643\u0646\u0648\u0644\u0648\u062c\u064a\u0627 \u0628\u0637\u0631\u064a\u0642\u0629 \u0628\u0633\u064a\u0637\u0629 \u0648\u0633\u0647\u0644\u0629. \u064a\u062c\u0645\u0639 \u0645\u0648\u0642\u0639\u0646\u0627 \u0645\u062d\u062a\u0648\u0649\u064b \u062d\u062f\u064a\u062b\u064b\u0627 \u062d\u0648\u0644 \u0627\u0644\u062a\u0637\u0628\u064a\u0642\u0627\u062a \u0648\u0627\u0644\u0623\u062f\u0648\u0627\u062a \u0627\u0644\u0631\u0642\u0645\u064a\u0629 \u0648\u0627\u0644\u0627\u062a\u062c\u0627\u0647\u0627\u062a \u0627\u0644\u062a\u064a \u062a\u064f\u0633\u0647\u0651\u0644 \u062d\u064a\u0627\u062a\u0643 \u0627\u0644\u064a\u0648\u0645\u064a\u0629 \u0648\u062a\u064f\u0648\u0633\u0651\u0639 \u0622\u0641\u0627\u0642\u0643 \u0641\u064a \u0639\u0627\u0644\u0645 \u0627\u0644\u0625\u0646\u062a\u0631\u0646\u062a.<\/p>\n<p>\u0644\u062f\u064a\u0646\u0627 \u0641\u0631\u064a\u0642 \u0634\u063a\u0648\u0641 \u0628\u0627\u0644\u0627\u0628\u062a\u0643\u0627\u0631\u060c \u064a\u0642\u0648\u0645 \u0628\u0627\u0644\u0628\u062d\u062b \u0648\u0627\u0644\u062a\u0642\u064a\u064a\u0645 \u0648\u0645\u0634\u0627\u0631\u0643\u0629 \u0627\u0644\u0645\u0639\u0644\u0648\u0645\u0627\u062a \u0628\u0623\u0633\u0644\u0648\u0628 \u0648\u0627\u0636\u062d \u0648\u0645\u0648\u0636\u0648\u0639\u064a. \u064a\u0646\u0635\u0628 \u062a\u0631\u0643\u064a\u0632\u0646\u0627 \u0639\u0644\u0649 \u0645\u0633\u0627\u0639\u062f\u062a\u0643 \u0641\u064a \u0627\u0643\u062a\u0634\u0627\u0641 \u062d\u0644\u0648\u0644 \u0645\u0641\u064a\u062f\u0629 \u0648\u0639\u0645\u0644\u064a\u0629 \u062a\u064f\u062d\u062f\u062b \u0646\u0642\u0644\u0629 \u0646\u0648\u0639\u064a\u0629 \u0641\u064a \u062d\u064a\u0627\u062a\u0643 \u0627\u0644\u0631\u0642\u0645\u064a\u0629.<\/p>\n<p>\u064a\u062a\u0645 \u0625\u0646\u062a\u0627\u062c \u062c\u0645\u064a\u0639 \u0627\u0644\u0645\u062d\u062a\u0648\u064a\u0627\u062a \u0639\u0644\u0649 \u0645\u0648\u0642\u0639 Jogos Online \u0628\u0645\u0633\u0624\u0648\u0644\u064a\u0629 \u0648\u0627\u0633\u062a\u0646\u0627\u062f\u0627\u064b \u0625\u0644\u0649 \u062a\u062d\u0644\u064a\u0644 \u062f\u0642\u064a\u0642\u060c \u0645\u0645\u0627 \u064a\u0636\u0645\u0646 \u0627\u0644\u062c\u0648\u062f\u0629 \u0648\u0627\u0644\u0645\u0648\u062b\u0648\u0642\u064a\u0629 \u0648\u0627\u0644\u0645\u0644\u0627\u0621\u0645\u0629. \u0646\u0633\u0639\u0649 \u062c\u0627\u0647\u062f\u064a\u0646 \u0644\u062a\u0642\u062f\u064a\u0645 \u0645\u0639\u0644\u0648\u0645\u0627\u062a \u0645\u0648\u062b\u0648\u0642\u0629 \u062a\u062f\u0639\u0645 \u0627\u062a\u062e\u0627\u0630 \u0642\u0631\u0627\u0631\u0627\u062a \u0645\u062f\u0631\u0648\u0633\u0629 \u0648\u0630\u0643\u064a\u0629.<\/p>\n<p>\u0633\u0648\u0627\u0621 \u0643\u0646\u062a \u062a\u0631\u063a\u0628 \u0641\u064a \u0627\u0643\u062a\u0634\u0627\u0641 \u062a\u0637\u0628\u064a\u0642 \u062c\u062f\u064a\u062f\u060c \u0623\u0648 \u062a\u0639\u0644\u0645 \u0645\u0647\u0627\u0631\u0627\u062a \u0631\u0642\u0645\u064a\u0629\u060c \u0623\u0648 \u0645\u0648\u0627\u0643\u0628\u0629 \u0623\u062d\u062f\u062b \u0627\u0644\u0627\u0628\u062a\u0643\u0627\u0631\u0627\u062a \u0627\u0644\u062a\u0643\u0646\u0648\u0644\u0648\u062c\u064a\u0629\u060c \u0641\u0625\u0646 Jogos Online \u0647\u0648 \u0627\u0644\u0645\u0643\u0627\u0646 \u0627\u0644\u0623\u0645\u062b\u0644 \u0644\u0645\u0646 \u064a\u0628\u062d\u062b \u0639\u0646 \u0627\u0644\u0631\u0627\u062d\u0629 \u0648\u0627\u0644\u0627\u0628\u062a\u0643\u0627\u0631. \u0646\u0644\u062a\u0632\u0645 \u0628\u062a\u0632\u0648\u064a\u062f\u0643 \u0628\u0623\u0641\u0636\u0644 \u0627\u0644\u062a\u0642\u0646\u064a\u0627\u062a\u060c \u0628\u0643\u0644 \u0648\u0636\u0648\u062d \u0648\u0645\u0648\u062b\u0648\u0642\u064a\u0629.<\/p>","protected":false},"excerpt":{"rendered":"<p>O Jogos Online nasceu para quem deseja explorar o mundo da tecnologia de forma simples e acess\u00edvel. Nosso portal re\u00fane conte\u00fados atualizados sobre aplicativos, ferramentas digitais e tend\u00eancias que facilitam sua rotina e ampliam suas possibilidades no universo online. Contamos com uma equipe apaixonada por inova\u00e7\u00e3o, que pesquisa, avalia e compartilha informa\u00e7\u00f5es de forma clara [&hellip;]<\/p>\n","protected":false},"author":1,"featured_media":0,"parent":0,"menu_order":0,"comment_status":"closed","ping_status":"closed","template":"","meta":{"footnotes":""},"class_list":["post-332","page","type-page","status-publish"],"_links":{"self":[{"href":"https:\/\/jogosonlinegratis.blog.br\/ar\/wp-json\/wp\/v2\/pages\/332","targetHints":{"allow":["GET"]}}],"collection":[{"href":"https:\/\/jogosonlinegratis.blog.br\/ar\/wp-json\/wp\/v2\/pages"}],"about":[{"href":"https:\/\/jogosonlinegratis.blog.br\/ar\/wp-json\/wp\/v2\/types\/page"}],"author":[{"embeddable":true,"href":"https:\/\/jogosonlinegratis.blog.br\/ar\/wp-json\/wp\/v2\/users\/1"}],"replies":[{"embeddable":true,"href":"https:\/\/jogosonlinegratis.blog.br\/ar\/wp-json\/wp\/v2\/comments?post=332"}],"version-history":[{"count":3,"href":"https:\/\/jogosonlinegratis.blog.br\/ar\/wp-json\/wp\/v2\/pages\/332\/revisions"}],"predecessor-version":[{"id":481,"href":"https:\/\/jogosonlinegratis.blog.br\/ar\/wp-json\/wp\/v2\/pages\/332\/revisions\/481"}],"wp:attachment":[{"href":"https:\/\/jogosonlinegratis.blog.br\/ar\/wp-json\/wp\/v2\/media?parent=332"}],"curies":[{"name":"wp","href":"https:\/\/api.w.org\/{rel}","templated":true}]}}